{"id":18100,"date":"2024-09-19T14:57:48","date_gmt":"2024-09-19T11:57:48","guid":{"rendered":"https:\/\/esc.idep.org.cy\/?page_id=18100"},"modified":"2024-09-23T12:34:26","modified_gmt":"2024-09-23T09:34:26","slug":"application-results","status":"publish","type":"page","link":"https:\/\/esc.idep.org.cy\/tr\/news-amp-events\/application-results\/","title":{"rendered":"Ba\u015fvuru sonu\u00e7lar\u0131"},"content":{"rendered":"\t\t<div data-elementor-type=\"wp-page\" data-elementor-id=\"18100\" class=\"elementor elementor-18100 elementor-13496\">\n\t\t\t\t\t\t<section class=\"elementor-section elementor-top-section elementor-element elementor-element-57ebd59 elementor-section-boxed elementor-section-height-default elementor-section-height-default\" data-id=\"57ebd59\" data-element_type=\"section\" data-e-type=\"section\">\n\t\t\t\t\t\t<div class=\"elementor-container elementor-column-gap-wider\">\n\t\t\t\t\t<div class=\"elementor-column elementor-col-100 elementor-top-column elementor-element elementor-element-afbbef7\" data-id=\"afbbef7\" data-element_type=\"column\" data-e-type=\"column\">\n\t\t\t<div class=\"elementor-widget-wrap elementor-element-populated\">\n\t\t\t\t\t\t<div class=\"elementor-element elementor-element-ae05b6a elementor-widget elementor-widget-accordion\" data-id=\"ae05b6a\" data-element_type=\"widget\" data-e-type=\"widget\" data-widget_type=\"accordion.default\">\n\t\t\t\t<div class=\"elementor-widget-container\">\n\t\t\t\t\t\t\t<div class=\"elementor-accordion\">\n\t\t\t\t\t\t\t<div class=\"elementor-accordion-item\">\n\t\t\t\t\t<div id=\"elementor-tab-title-1821\" class=\"elementor-tab-title\" data-tab=\"1\" role=\"button\" aria-controls=\"elementor-tab-content-1821\" aria-expanded=\"false\">\n\t\t\t\t\t\t\t\t\t\t\t\t\t<span class=\"elementor-accordion-icon elementor-accordion-icon-left\" aria-hidden=\"true\">\n\t\t\t\t\t\t\t\t\t\t\t\t\t\t\t<span class=\"elementor-accordion-icon-closed\"><i class=\"fas fa-plus\"><\/i><\/span>\n\t\t\t\t\t\t\t\t<span class=\"elementor-accordion-icon-opened\"><i class=\"fas fa-minus\"><\/i><\/span>\n\t\t\t\t\t\t\t\t\t\t\t\t\t\t<\/span>\n\t\t\t\t\t\t\t\t\t\t\t\t<a class=\"elementor-accordion-title\" tabindex=\"0\">2024<\/a>\n\t\t\t\t\t<\/div>\n\t\t\t\t\t<div id=\"elementor-tab-content-1821\" class=\"elementor-tab-content elementor-clearfix\" data-tab=\"1\" role=\"region\" aria-labelledby=\"elementor-tab-title-1821\"><ul><li><a href=\"https:\/\/esc.idep.org.cy\/wp-content\/uploads\/Publication-Results-2024_1st-Call-_ESC.pdf\" target=\"_blank\" rel=\"noopener\">Results of the 1st Call 2024 for the European Solidarity Corps Program<\/a><\/li><\/ul><\/div>\n\t\t\t\t<\/div>\n\t\t\t\t\t\t\t<div class=\"elementor-accordion-item\">\n\t\t\t\t\t<div id=\"elementor-tab-title-1822\" class=\"elementor-tab-title\" data-tab=\"2\" role=\"button\" aria-controls=\"elementor-tab-content-1822\" aria-expanded=\"false\">\n\t\t\t\t\t\t\t\t\t\t\t\t\t<span class=\"elementor-accordion-icon elementor-accordion-icon-left\" aria-hidden=\"true\">\n\t\t\t\t\t\t\t\t\t\t\t\t\t\t\t<span class=\"elementor-accordion-icon-closed\"><i class=\"fas fa-plus\"><\/i><\/span>\n\t\t\t\t\t\t\t\t<span class=\"elementor-accordion-icon-opened\"><i class=\"fas fa-minus\"><\/i><\/span>\n\t\t\t\t\t\t\t\t\t\t\t\t\t\t<\/span>\n\t\t\t\t\t\t\t\t\t\t\t\t<a class=\"elementor-accordion-title\" tabindex=\"0\">2023<\/a>\n\t\t\t\t\t<\/div>\n\t\t\t\t\t<div id=\"elementor-tab-content-1822\" class=\"elementor-tab-content elementor-clearfix\" data-tab=\"2\" role=\"region\" aria-labelledby=\"elementor-tab-title-1822\"><p><a href=\"https:\/\/esc.idep.org.cy\/wp-content\/uploads\/PUBLICATION_KA1_\u03a5OUTH_2023-ESC_April-30th-1-1.pdf\" target=\"_blank\" rel=\"noopener\"><strong>\u0391\u039d\u0391\u039a\u039f\u0399\u039d\u03a9\u03a3\u0397 \u0391\u03a0\u039f\u03a4\u0395\u039b\u0395\u03a3\u039c\u0391\u03a4\u03a9\u039d<\/strong><\/a><\/p><\/div>\n\t\t\t\t<\/div>\n\t\t\t\t\t\t\t\t<\/div>\n\t\t\t\t\t\t<\/div>\n\t\t\t\t<\/div>\n\t\t\t\t\t<\/div>\n\t\t<\/div>\n\t\t\t\t\t<\/div>\n\t\t<\/section>\n\t\t\t\t<\/div>\n\t\t","protected":false},"excerpt":{"rendered":"<p>2024 Results of the 1st Call 2024 for the European Solidarity Corps Program 2023 \u0391\u039d\u0391\u039a\u039f\u0399\u039d\u03a9\u03a3\u0397 \u0391\u03a0\u039f\u03a4\u0395\u039b\u0395\u03a3\u039c\u0391\u03a4\u03a9\u039d<\/p>\n","protected":false},"author":1,"featured_media":0,"parent":18248,"menu_order":93,"comment_status":"closed","ping_status":"closed","template":"","meta":{"footnotes":"","_links_to":"","_links_to_target":""},"class_list":["post-18100","page","type-page","status-publish","hentry"],"_links":{"self":[{"href":"https:\/\/esc.idep.org.cy\/tr\/wp-json\/wp\/v2\/pages\/18100","targetHints":{"allow":["GET"]}}],"collection":[{"href":"https:\/\/esc.idep.org.cy\/tr\/wp-json\/wp\/v2\/pages"}],"about":[{"href":"https:\/\/esc.idep.org.cy\/tr\/wp-json\/wp\/v2\/types\/page"}],"author":[{"embeddable":true,"href":"https:\/\/esc.idep.org.cy\/tr\/wp-json\/wp\/v2\/users\/1"}],"replies":[{"embeddable":true,"href":"https:\/\/esc.idep.org.cy\/tr\/wp-json\/wp\/v2\/comments?post=18100"}],"version-history":[{"count":12,"href":"https:\/\/esc.idep.org.cy\/tr\/wp-json\/wp\/v2\/pages\/18100\/revisions"}],"predecessor-version":[{"id":18479,"href":"https:\/\/esc.idep.org.cy\/tr\/wp-json\/wp\/v2\/pages\/18100\/revisions\/18479"}],"up":[{"embeddable":true,"href":"https:\/\/esc.idep.org.cy\/tr\/wp-json\/wp\/v2\/pages\/18248"}],"wp:attachment":[{"href":"https:\/\/esc.idep.org.cy\/tr\/wp-json\/wp\/v2\/media?parent=18100"}],"curies":[{"name":"wp","href":"https:\/\/api.w.org\/{rel}","templated":true}]}}