{"id":18231,"date":"2024-09-20T16:30:38","date_gmt":"2024-09-20T13:30:38","guid":{"rendered":"https:\/\/esc.idep.org.cy\/?page_id=18231"},"modified":"2024-10-07T11:29:03","modified_gmt":"2024-10-07T08:29:03","slug":"i-am-a-young-person","status":"publish","type":"page","link":"https:\/\/esc.idep.org.cy\/tr\/i-am-a-young-person\/","title":{"rendered":"Gencim"},"content":{"rendered":"\t\t<div data-elementor-type=\"wp-page\" data-elementor-id=\"18231\" class=\"elementor elementor-18231 elementor-13470\">\n\t\t\t\t\t\t<section class=\"elementor-section elementor-top-section elementor-element elementor-element-14ae614 elementor-section-boxed elementor-section-height-default elementor-section-height-default\" data-id=\"14ae614\" data-element_type=\"section\" data-e-type=\"section\">\n\t\t\t\t\t\t<div class=\"elementor-container elementor-column-gap-default\">\n\t\t\t\t\t<div class=\"elementor-column elementor-col-100 elementor-top-column elementor-element elementor-element-2096557\" data-id=\"2096557\" data-element_type=\"column\" data-e-type=\"column\">\n\t\t\t<div class=\"elementor-widget-wrap elementor-element-populated\">\n\t\t\t\t\t\t<div class=\"elementor-element elementor-element-9cc7395 elementor-widget elementor-widget-heading\" data-id=\"9cc7395\" data-element_type=\"widget\" data-e-type=\"widget\" data-widget_type=\"heading.default\">\n\t\t\t\t<div class=\"elementor-widget-container\">\n\t\t\t\t\t<h3 class=\"elementor-heading-title elementor-size-default\">D\u00fcnyay\u0131 de\u011fi\u015ftirmeye haz\u0131r m\u0131s\u0131n?<\/h3>\t\t\t\t<\/div>\n\t\t\t\t<\/div>\n\t\t\t\t\t<\/div>\n\t\t<\/div>\n\t\t\t\t\t<\/div>\n\t\t<\/section>\n\t\t\t\t<section class=\"elementor-section elementor-top-section elementor-element elementor-element-d706c3c elementor-section-boxed elementor-section-height-default elementor-section-height-default\" data-id=\"d706c3c\" data-element_type=\"section\" data-e-type=\"section\">\n\t\t\t\t\t\t<div class=\"elementor-container elementor-column-gap-default\">\n\t\t\t\t\t<div class=\"elementor-column elementor-col-100 elementor-top-column elementor-element elementor-element-1b97034\" data-id=\"1b97034\" data-element_type=\"column\" data-e-type=\"column\">\n\t\t\t<div class=\"elementor-widget-wrap elementor-element-populated\">\n\t\t\t\t\t\t<div class=\"elementor-element elementor-element-6591f05 elementor-widget elementor-widget-heading\" data-id=\"6591f05\" data-element_type=\"widget\" data-e-type=\"widget\" data-widget_type=\"heading.default\">\n\t\t\t\t<div class=\"elementor-widget-container\">\n\t\t\t\t\t<div class=\"elementor-heading-title elementor-size-default\">18 ile 30 ya\u015f aras\u0131ndaysan, K\u0131br\u0131s'ta veya yurtd\u0131\u015f\u0131nda g\u00f6n\u00fcll\u00fc olarak hizmet verebilir, hatta K\u0131br\u0131s toplumuna fayda sa\u011flayan projeler ger\u00e7ekle\u015ftirebilirsin.<\/div>\t\t\t\t<\/div>\n\t\t\t\t<\/div>\n\t\t\t\t\t<\/div>\n\t\t<\/div>\n\t\t\t\t\t<\/div>\n\t\t<\/section>\n\t\t\t\t<section class=\"elementor-section elementor-top-section elementor-element elementor-element-7d9b265 elementor-section-boxed elementor-section-height-default elementor-section-height-default\" data-id=\"7d9b265\" data-element_type=\"section\" data-e-type=\"section\">\n\t\t\t\t\t\t<div class=\"elementor-container elementor-column-gap-default\">\n\t\t\t\t\t<div class=\"elementor-column elementor-col-50 elementor-top-column elementor-element elementor-element-1cfc11d\" data-id=\"1cfc11d\" data-element_type=\"column\" data-e-type=\"column\">\n\t\t\t<div class=\"elementor-widget-wrap elementor-element-populated\">\n\t\t\t\t\t\t<div class=\"elementor-element elementor-element-7fa7a43 elementor-widget elementor-widget-image\" data-id=\"7fa7a43\" data-element_type=\"widget\" data-e-type=\"widget\" data-widget_type=\"image.default\">\n\t\t\t\t<div class=\"elementor-widget-container\">\n\t\t\t\t\t\t\t\t\t\t\t\t\t\t\t\t<a href=\"https:\/\/esc.idep.org.cy\/tr\/eimai-neos-nea\/erga-allileggyis\/\">\n\t\t\t\t\t\t\t<img fetchpriority=\"high\" decoding=\"async\" width=\"600\" height=\"450\" src=\"https:\/\/esc.idep.org.cy\/wp-content\/uploads\/erga-allyleggies-tr.jpg\" class=\"attachment-large size-large wp-image-18609\" alt=\"\" srcset=\"https:\/\/esc.idep.org.cy\/wp-content\/uploads\/erga-allyleggies-tr.jpg 600w, https:\/\/esc.idep.org.cy\/wp-content\/uploads\/erga-allyleggies-tr-300x225.jpg 300w\" sizes=\"(max-width: 600px) 100vw, 600px\" \/>\t\t\t\t\t\t\t\t<\/a>\n\t\t\t\t\t\t\t\t\t\t\t\t\t\t\t<\/div>\n\t\t\t\t<\/div>\n\t\t\t\t\t<\/div>\n\t\t<\/div>\n\t\t\t\t<div class=\"elementor-column elementor-col-50 elementor-top-column elementor-element elementor-element-da54f77\" data-id=\"da54f77\" data-element_type=\"column\" data-e-type=\"column\">\n\t\t\t<div class=\"elementor-widget-wrap elementor-element-populated\">\n\t\t\t\t\t\t<div class=\"elementor-element elementor-element-75cf852 elementor-widget elementor-widget-image\" data-id=\"75cf852\" data-element_type=\"widget\" data-e-type=\"widget\" data-widget_type=\"image.default\">\n\t\t\t\t<div class=\"elementor-widget-container\">\n\t\t\t\t\t\t\t\t\t\t\t\t\t\t\t\t<a href=\"https:\/\/esc.idep.org.cy\/tr\/eimai-neos-nea\/schedia-ethelontismoy\/\">\n\t\t\t\t\t\t\t<img decoding=\"async\" width=\"600\" height=\"450\" src=\"https:\/\/esc.idep.org.cy\/wp-content\/uploads\/sxedia-ethelontismou-tr.jpg\" class=\"attachment-large size-large wp-image-18616\" alt=\"\" srcset=\"https:\/\/esc.idep.org.cy\/wp-content\/uploads\/sxedia-ethelontismou-tr.jpg 600w, https:\/\/esc.idep.org.cy\/wp-content\/uploads\/sxedia-ethelontismou-tr-300x225.jpg 300w\" sizes=\"(max-width: 600px) 100vw, 600px\" \/>\t\t\t\t\t\t\t\t<\/a>\n\t\t\t\t\t\t\t\t\t\t\t\t\t\t\t<\/div>\n\t\t\t\t<\/div>\n\t\t\t\t\t<\/div>\n\t\t<\/div>\n\t\t\t\t\t<\/div>\n\t\t<\/section>\n\t\t\t\t<section class=\"elementor-section elementor-top-section elementor-element elementor-element-ba8da98 elementor-section-boxed elementor-section-height-default elementor-section-height-default\" data-id=\"ba8da98\" data-element_type=\"section\" data-e-type=\"section\">\n\t\t\t\t\t\t<div class=\"elementor-container elementor-column-gap-default\">\n\t\t\t\t\t<div class=\"elementor-column elementor-col-50 elementor-top-column elementor-element elementor-element-0270015\" data-id=\"0270015\" data-element_type=\"column\" data-e-type=\"column\">\n\t\t\t<div class=\"elementor-widget-wrap elementor-element-populated\">\n\t\t\t\t\t\t<div class=\"elementor-element elementor-element-5552ac5 elementor-widget elementor-widget-image\" data-id=\"5552ac5\" data-element_type=\"widget\" data-e-type=\"widget\" data-widget_type=\"image.default\">\n\t\t\t\t<div class=\"elementor-widget-container\">\n\t\t\t\t\t\t\t\t\t\t\t\t\t\t\t\t<a href=\"https:\/\/esc.idep.org.cy\/tr\/eimai-neos-nea\/empeiries-viomata-neon\/\">\n\t\t\t\t\t\t\t<img decoding=\"async\" width=\"600\" height=\"450\" src=\"https:\/\/esc.idep.org.cy\/wp-content\/uploads\/empeiries-symmetexonton-tr.jpg\" class=\"attachment-large size-large wp-image-18622\" alt=\"\" srcset=\"https:\/\/esc.idep.org.cy\/wp-content\/uploads\/empeiries-symmetexonton-tr.jpg 600w, https:\/\/esc.idep.org.cy\/wp-content\/uploads\/empeiries-symmetexonton-tr-300x225.jpg 300w\" sizes=\"(max-width: 600px) 100vw, 600px\" \/>\t\t\t\t\t\t\t\t<\/a>\n\t\t\t\t\t\t\t\t\t\t\t\t\t\t\t<\/div>\n\t\t\t\t<\/div>\n\t\t\t\t\t<\/div>\n\t\t<\/div>\n\t\t\t\t<div class=\"elementor-column elementor-col-50 elementor-top-column elementor-element elementor-element-2069bf8\" data-id=\"2069bf8\" data-element_type=\"column\" data-e-type=\"column\">\n\t\t\t<div class=\"elementor-widget-wrap elementor-element-populated\">\n\t\t\t\t\t\t<div class=\"elementor-element elementor-element-99fb0df elementor-widget elementor-widget-image\" data-id=\"99fb0df\" data-element_type=\"widget\" data-e-type=\"widget\" data-widget_type=\"image.default\">\n\t\t\t\t<div class=\"elementor-widget-container\">\n\t\t\t\t\t\t\t\t\t\t\t\t\t\t\t\t<a href=\"https:\/\/esc.idep.org.cy\/tr\/eimai-neos-nea\/diacheirisi-ergoy\/\">\n\t\t\t\t\t\t\t<img loading=\"lazy\" decoding=\"async\" width=\"600\" height=\"450\" src=\"https:\/\/esc.idep.org.cy\/wp-content\/uploads\/diaxeirisi-ergou-tr.jpg\" class=\"attachment-large size-large wp-image-18619\" alt=\"\" srcset=\"https:\/\/esc.idep.org.cy\/wp-content\/uploads\/diaxeirisi-ergou-tr.jpg 600w, https:\/\/esc.idep.org.cy\/wp-content\/uploads\/diaxeirisi-ergou-tr-300x225.jpg 300w\" sizes=\"(max-width: 600px) 100vw, 600px\" \/>\t\t\t\t\t\t\t\t<\/a>\n\t\t\t\t\t\t\t\t\t\t\t\t\t\t\t<\/div>\n\t\t\t\t<\/div>\n\t\t\t\t\t<\/div>\n\t\t<\/div>\n\t\t\t\t\t<\/div>\n\t\t<\/section>\n\t\t\t\t<section class=\"elementor-section elementor-top-section elementor-element elementor-element-f78ddbc elementor-section-boxed elementor-section-height-default elementor-section-height-default\" data-id=\"f78ddbc\" data-element_type=\"section\" data-e-type=\"section\">\n\t\t\t\t\t\t<div class=\"elementor-container elementor-column-gap-default\">\n\t\t\t\t\t<div class=\"elementor-column elementor-col-100 elementor-top-column elementor-element elementor-element-542b581\" data-id=\"542b581\" data-element_type=\"column\" data-e-type=\"column\">\n\t\t\t<div class=\"elementor-widget-wrap\">\n\t\t\t\t\t\t\t<\/div>\n\t\t<\/div>\n\t\t\t\t\t<\/div>\n\t\t<\/section>\n\t\t\t\t<\/div>\n\t\t","protected":false},"excerpt":{"rendered":"<p>D\u00fcnyay\u0131 de\u011fi\u015ftirmeye haz\u0131r m\u0131s\u0131n? 18 ile 30 ya\u015f aras\u0131ndaysan, K\u0131br\u0131s&#8217;ta veya yurtd\u0131\u015f\u0131nda g\u00f6n\u00fcll\u00fc olarak hizmet verebilir, hatta K\u0131br\u0131s toplumuna fayda sa\u011flayan projeler ger\u00e7ekle\u015ftirebilirsin.<\/p>\n","protected":false},"author":1,"featured_media":0,"parent":0,"menu_order":38,"comment_status":"closed","ping_status":"closed","template":"","meta":{"footnotes":"","_links_to":"","_links_to_target":""},"class_list":["post-18231","page","type-page","status-publish","hentry"],"_links":{"self":[{"href":"https:\/\/esc.idep.org.cy\/tr\/wp-json\/wp\/v2\/pages\/18231","targetHints":{"allow":["GET"]}}],"collection":[{"href":"https:\/\/esc.idep.org.cy\/tr\/wp-json\/wp\/v2\/pages"}],"about":[{"href":"https:\/\/esc.idep.org.cy\/tr\/wp-json\/wp\/v2\/types\/page"}],"author":[{"embeddable":true,"href":"https:\/\/esc.idep.org.cy\/tr\/wp-json\/wp\/v2\/users\/1"}],"replies":[{"embeddable":true,"href":"https:\/\/esc.idep.org.cy\/tr\/wp-json\/wp\/v2\/comments?post=18231"}],"version-history":[{"count":17,"href":"https:\/\/esc.idep.org.cy\/tr\/wp-json\/wp\/v2\/pages\/18231\/revisions"}],"predecessor-version":[{"id":18627,"href":"https:\/\/esc.idep.org.cy\/tr\/wp-json\/wp\/v2\/pages\/18231\/revisions\/18627"}],"wp:attachment":[{"href":"https:\/\/esc.idep.org.cy\/tr\/wp-json\/wp\/v2\/media?parent=18231"}],"curies":[{"name":"wp","href":"https:\/\/api.w.org\/{rel}","templated":true}]}}