{"id":18232,"date":"2024-09-20T16:30:41","date_gmt":"2024-09-20T13:30:41","guid":{"rendered":"https:\/\/esc.idep.org.cy\/?page_id=18232"},"modified":"2024-09-23T11:38:14","modified_gmt":"2024-09-23T08:38:14","slug":"project-management","status":"publish","type":"page","link":"https:\/\/esc.idep.org.cy\/tr\/i-am-a-young-person\/project-management\/","title":{"rendered":"Project Management"},"content":{"rendered":"\t\t<div data-elementor-type=\"wp-page\" data-elementor-id=\"18232\" class=\"elementor elementor-18232 elementor-15669\">\n\t\t\t\t\t\t<section class=\"elementor-section elementor-top-section elementor-element elementor-element-5f13fc0 elementor-section-boxed elementor-section-height-default elementor-section-height-default\" data-id=\"5f13fc0\" data-element_type=\"section\" data-e-type=\"section\">\n\t\t\t\t\t\t<div class=\"elementor-container elementor-column-gap-default\">\n\t\t\t\t\t<div class=\"elementor-column elementor-col-100 elementor-top-column elementor-element elementor-element-7c9dca7\" data-id=\"7c9dca7\" data-element_type=\"column\" data-e-type=\"column\">\n\t\t\t<div class=\"elementor-widget-wrap elementor-element-populated\">\n\t\t\t\t\t\t<div class=\"elementor-element elementor-element-6acc01c elementor-widget elementor-widget-pix-heading\" data-id=\"6acc01c\" data-element_type=\"widget\" data-e-type=\"widget\" data-widget_type=\"pix-heading.default\">\n\t\t\t\t<div class=\"elementor-widget-container\">\n\t\t\t\t\t<div  class=\"pix-heading-el text-left \"><h3 class=\"font-weight-bold h3 heading-text el-title_custom_color mb-12\" style=\"\" data-anim-type=\"\" data-anim-delay=\"\">Plan Y\u00f6netimi<\/h3><\/div>\t\t\t\t<\/div>\n\t\t\t\t<\/div>\n\t\t\t\t\t<\/div>\n\t\t<\/div>\n\t\t\t\t\t<\/div>\n\t\t<\/section>\n\t\t\t\t<section class=\"elementor-section elementor-top-section elementor-element elementor-element-5d08581 elementor-section-boxed elementor-section-height-default elementor-section-height-default\" data-id=\"5d08581\" data-element_type=\"section\" data-e-type=\"section\">\n\t\t\t\t\t\t<div class=\"elementor-container elementor-column-gap-default\">\n\t\t\t\t\t<div class=\"elementor-column elementor-col-100 elementor-top-column elementor-element elementor-element-92edc41\" data-id=\"92edc41\" data-element_type=\"column\" data-e-type=\"column\">\n\t\t\t<div class=\"elementor-widget-wrap elementor-element-populated\">\n\t\t\t\t\t\t<div class=\"elementor-element elementor-element-86a62cd elementor-widget elementor-widget-pix-highlighted-text\" data-id=\"86a62cd\" data-element_type=\"widget\" data-e-type=\"widget\" data-widget_type=\"pix-highlighted-text.default\">\n\t\t\t\t<div class=\"elementor-widget-container\">\n\t\t\t\t\t<div id=\"el-86a62cd\" class=\"pix-highlighted-element text-left \"><h6 class=\"pix-highlighted-items \" style=\"\" data-anim-type=\"\" data-anim-delay=\"\"><span id=\"el-86a62cd-0\"  class=\" elementor-repeater-item-49ec22e\"><span   class=\"pix-highlighted-text  pix-highlight-item font-weight-normal  body-font text-primary\">Plan\u0131m\u0131z\u0131n onayland\u0131\u011f\u0131 andan nihai raporun sunuldu\u011fu ana kadar ihtiyac\u0131n\u0131z olan t\u00fcm bilgiler.<\/span><\/span><\/h6><\/div>\t\t\t\t<\/div>\n\t\t\t\t<\/div>\n\t\t\t\t\t<\/div>\n\t\t<\/div>\n\t\t\t\t\t<\/div>\n\t\t<\/section>\n\t\t\t\t<section class=\"elementor-section elementor-top-section elementor-element elementor-element-0d7b6f8 elementor-section-boxed elementor-section-height-default elementor-section-height-default\" data-id=\"0d7b6f8\" data-element_type=\"section\" data-e-type=\"section\">\n\t\t\t\t\t\t<div class=\"elementor-container elementor-column-gap-default\">\n\t\t\t\t\t<div class=\"elementor-column elementor-col-100 elementor-top-column elementor-element elementor-element-e833ed4\" data-id=\"e833ed4\" data-element_type=\"column\" data-e-type=\"column\">\n\t\t\t<div class=\"elementor-widget-wrap elementor-element-populated\">\n\t\t\t\t\t\t<div class=\"elementor-element elementor-element-fed1a09 elementor-widget elementor-widget-pix-accordion\" data-id=\"fed1a09\" data-element_type=\"widget\" data-e-type=\"widget\" data-widget_type=\"pix-accordion.default\">\n\t\t\t\t<div class=\"elementor-widget-container\">\n\t\t\t\t\t<div class=\"accordion w-100 accordion-card\" id=\"accordion-fed1a09\"><div class=\"card\">\n               <div class=\"card-header pix-mb-10 shadow-sm rounded-lg bg-white\" id=\"headingpix-tab-fed1a09-24f8884\" >\n                   <button class=\"btn btn-link d-flex text-left\" type=\"button\" data-toggle=\"collapse\" data-target=\"#collapsepix-tab-fed1a09-24f8884\" aria-expanded=\"true\" aria-controls=\"collapsepix-tab-fed1a09-24f8884\"><span class=\"d-inline-flex align-self-center text-primary svg-202 text-20 pix-mr-10\"><svg class=\"pixfort-icon \" width=\"24\" height=\"24\"  data-name=\"Line\/pixfort-icon-eye-visibility-1\" viewBox=\"2 2 20 20\"><path fill=\"none\" stroke=\"var(--pf-icon-color)\" stroke-linecap=\"round\" stroke-linejoin=\"round\" stroke-width=\"var(--pf-icon-stroke-width)\" d=\"M12,18 C15.3137085,18 18.3137085,16 21,12 C18.3137085,8 15.3137085,6 12,6 C8.6862915,6 5.6862915,8 3,12 C5.6862915,16 8.6862915,18 12,18 Z M12,15 C13.6568542,15 15,13.6568542 15,12 C15,10.3431458 13.6568542,9 12,9 C10.3431458,9 9,10.3431458 9,12 C9,13.6568542 10.3431458,15 12,15 Z\"\/><\/svg><\/span><span class=\"d-inline-flex font-weight-bold text-primary\" >\u0130leti\u015fim ve AB'nin g\u00f6r\u00fcn\u00fcrl\u00fc\u011f\u00fcn\u00fcn art\u0131r\u0131lmas\u0131<\/span><\/button>\n               <\/div>\n\n               <div id=\"collapsepix-tab-fed1a09-24f8884\" class=\"collapse \" aria-labelledby=\"headingpix-tab-fed1a09-24f8884\">\n                 <div class=\"card-body\"><p>Projenizin ve Avrupa Birli\u011fi'nin ileti\u015fimini ve tan\u0131t\u0131m\u0131n\u0131 nas\u0131l yapaca\u011f\u0131n\u0131za ili\u015fkin bilgi ve tavsiyeler.<\/p><p>AB fonlar\u0131ndan yararlananlar i\u00e7in AB ile ileti\u015fim kurman\u0131n ve AB'yi tan\u0131tman\u0131n 10 yolu<\/p><p>2021-2027 AB b\u00fct\u00e7esi kapsam\u0131nda, ileti\u015fim ve g\u00f6r\u00fcn\u00fcrl\u00fck t\u00fcm AB programlar\u0131n\u0131n \u00f6nemli bir par\u00e7as\u0131d\u0131r. AB taraf\u0131ndan finanse edilen bir projeyi y\u00f6netti\u011finizde, sizden a\u015fa\u011f\u0131dakileri bekliyoruz:<\/p><ol><li>T\u00fcm AB fonu al\u0131c\u0131lar\u0131, ald\u0131klar\u0131 AB fonunun kayna\u011f\u0131n\u0131 belirtmek ve g\u00f6r\u00fcn\u00fcrl\u00fc\u011f\u00fcn\u00fc sa\u011flamak konusunda <strong>genel bir y\u00fck\u00fcml\u00fcl\u00fc\u011fe<\/strong> sahiptir.<br \/><br \/>Projeye ba\u011fl\u0131 olarak, genellikle bu y\u00fck\u00fcml\u00fcl\u00fc\u011f\u00fc yerine getirmek i\u00e7in ne yapmay\u0131 planlad\u0131\u011f\u0131n\u0131z\u0131 a\u00e7\u0131klaman\u0131z istenecektir.<\/li><\/ol><ol start=\"2\"><li>AB <a href=\"https:\/\/commission.europa.eu\/strategy-and-policy\/priorities-2019-2024_en\">siyasi \u00f6ncelikleri<\/a> t\u00fcm AB programlar\u0131 i\u00e7in ge\u00e7erlidir. Vatanda\u015flara b\u00fcy\u00fck resmi ve \u00e7al\u0131\u015fmalar\u0131n\u0131z\u0131n bu \u00f6nceliklere ula\u015f\u0131lmas\u0131na nas\u0131l katk\u0131da bulundu\u011funu g\u00f6stermek i\u00e7in bu \u00f6ncelikleri ileti\u015fim faaliyetlerinize entegre etmeniz \u00f6nemlidir.<br \/><br \/><\/li><li><strong> Belirli ileti\u015fim faaliyetlerine kat\u0131l\u0131n. Bu faaliyetler projeye, al\u0131nan fonun de\u011ferine veya projenin \u00f6zel ko\u015fullar\u0131na ba\u011fl\u0131 olarak de\u011fi\u015febilir. Bunlar a\u015fa\u011f\u0131dakileri i\u00e7erir, ancak bunlarla s\u0131n\u0131rl\u0131 de\u011fildir:<\/strong><ul><li>detayl\u0131 bir ileti\u015fim ve yayg\u0131nla\u015ft\u0131rma plan\u0131n\u0131n haz\u0131rlanmas\u0131<\/li><li>web siteleri, sosyal medya hesaplar\u0131 ve ileti\u015fim materyalleri i\u00e7in kurallar<\/li><li>etkinliklerin organizasyonu<\/li><li>Medya ile ili\u015fkiler<\/li><li>i\u015faretler, plaketler veya di\u011fer bas\u0131l\u0131 veya elektronik ortamlar.<\/li><\/ul><\/li><\/ol><ol start=\"4\"><li><strong>AB ambleminin<\/strong> do\u011fru kullan\u0131m\u0131 ve AB ambleminin belirgin bir \u015fekilde yerle\u015ftirilmesi.<br \/><br \/>AB amblemi, AB fonlar\u0131n\u0131n kayna\u011f\u0131n\u0131 belirlemek ve g\u00f6r\u00fcn\u00fcrl\u00fc\u011f\u00fcn\u00fc sa\u011flamak i\u00e7in kullan\u0131lan en \u00f6nemli g\u00f6rsel i\u015farettir. AB amblemi d\u0131\u015f\u0131nda, AB deste\u011fini tan\u0131tmak i\u00e7in ba\u015fka hi\u00e7bir g\u00f6rsel kimlik veya logo kullan\u0131lamaz. AB amblemi de\u011fi\u015ftirilmemeli veya di\u011fer grafik unsurlar veya metinlerle birle\u015ftirilmemelidir. Birlik amblemi d\u0131\u015f\u0131ndaki logolar\u0131n g\u00f6sterilmesi halinde, Birlik amblemi en az\u0131ndan di\u011fer logolar\u0131n b\u00fcy\u00fck olan\u0131yla ayn\u0131 boyutta olmal\u0131d\u0131r. Daha fazla bilgi i\u00e7in l\u00fctfen AB ambleminin kullan\u0131m\u0131na ili\u015fkin ayr\u0131nt\u0131l\u0131 k\u0131lavuzumuza bak\u0131n (k\u0131lavuza ba\u011flant\u0131).<\/li><\/ol><ol start=\"5\"><li>Avrupa Birli\u011fi'nden al\u0131nan deste\u011fi g\u00f6steren basit bir <strong>finansman beyan\u0131<\/strong> g\u00f6sterme<br \/><br \/><a href=\"https:\/\/esc.idep.org.cy\/wp-content\/uploads\/Picture2.png\"><img decoding=\"async\" class=\"alignleft size-medium wp-image-16819\" src=\"https:\/\/esc.idep.org.cy\/wp-content\/uploads\/Picture2-300x29.png\" alt=\"\" width=\"300\" height=\"29\" srcset=\"https:\/\/esc.idep.org.cy\/wp-content\/uploads\/Picture2-300x29.png 300w, https:\/\/esc.idep.org.cy\/wp-content\/uploads\/Picture2.png 712w\" sizes=\"(max-width: 300px) 100vw, 300px\" \/><\/a><\/li><\/ol><p>\u00a0<\/p><ol start=\"6\"><li>'Avrupa Birli\u011fi finansman\u0131 ile' veya 'Avrupa Birli\u011fi taraf\u0131ndan ortakla\u015fa finanse edilmektedir' ibareleri her zaman tam olarak yaz\u0131lmal\u0131 ve amblemin yan\u0131nda yer almal\u0131d\u0131r. AB ambleminin do\u011fru versiyonunu finansman beyan\u0131 ile birlikte \u00e7ok dilli indirme merkezimizden indirebilirsiniz.<br \/><br \/><\/li><li><strong>Do\u011fru bilgi<\/strong> kullan\u0131m\u0131:<br \/>Yanl\u0131\u015f bilgilendirmenin ve yanl\u0131\u015f bilgilerin yay\u0131ld\u0131\u011f\u0131 bir d\u00f6nemde, AB hakk\u0131nda bilgi verirken resmi ve ilgili AB kaynaklar\u0131n\u0131 ve web sitelerini kullanmak \u00f6nemlidir. Ayr\u0131ca, projenizle ilgili bilgiler objektif olarak do\u011fru olmal\u0131 ve yan\u0131lt\u0131c\u0131 olmamal\u0131d\u0131r.<br \/><br \/><\/li><li>\u0130leti\u015fim faaliyetleri \u00e7er\u00e7evesinde <strong>AB ile i\u015fbirli\u011fi:<br \/><br \/><\/strong>Projeye ba\u011fl\u0131 olarak, ileti\u015fim faaliyetlerinizde AB ile i\u015fbirli\u011fi yapman\u0131z gerekebilir, \u00f6rne\u011fin\u00a0<\/li><\/ol><ul><li>Projenizin medya \u00fczerinde \u00f6nemli bir etkisi olmas\u0131 bekleniyor<\/li><li>stratejik \u00f6neme sahiptir<\/li><li>belirli bir ekonomik de\u011feri a\u015far.<br \/>\u0130leti\u015fim ve tan\u0131t\u0131m faaliyetlerinin <strong>se\u00e7ilir<\/strong><strong> maliyetler<\/strong> aras\u0131nda oldu\u011funu unutmay\u0131n.<br \/>\u0130leti\u015fim ve tan\u0131t\u0131mla ilgili her t\u00fcrl\u00fc harcama eylemin bir par\u00e7as\u0131d\u0131r ve AB fonu alabilir.<\/li><\/ul><ol start=\"9\"><li>\u0130leti\u015fim materyalinizi AB'de <strong>kullanma hakk\u0131n\u0131n size verilmesi.<br \/><\/strong><br \/>Avrupa Birli\u011fi, AB fonu al\u0131c\u0131lar\u0131 taraf\u0131ndan \u00fcretilen ve sahip olunan ileti\u015fim materyallerini kullanma hakk\u0131na sahiptir. Bu hak, m\u00fcnhas\u0131r olmayan ve geri al\u0131namaz bir lisans \u015feklinde telifsiz olarak verilir. Bu lisans\u0131n maliyeti AB fonlar\u0131ndan kar\u015f\u0131lanabilir. Materyalin m\u00fclkiyeti AB fonu al\u0131c\u0131lar\u0131nda kalacakt\u0131r.<\/li><\/ol><ol start=\"10\"><li>Uyumsuzluk durumunda, <strong>finansmanda kesintiler<\/strong> uygulanabilir.<br \/><br \/>AB fonlar\u0131ndan yararlananlar\u0131n s\u00f6zle\u015fmeden do\u011fan y\u00fck\u00fcml\u00fcl\u00fcklerinden herhangi birini yerine getirmemeleri halinde, AB mali katk\u0131s\u0131 azalt\u0131labilir.<br \/><strong><br \/><\/strong>Politika alan\u0131na ba\u011fl\u0131 olarak bu gerekliliklerle ilgili <strong>ayr\u0131nt\u0131lar <\/strong>ve olas\u0131 d\u00fczenlemeler i\u00e7in program\u0131n\u0131za, program\u0131n\u0131z\u0131n finansman kurallar\u0131na ve finansman s\u00f6zle\u015fmesine ba\u015fvurabilirsiniz.<br \/><br \/><a href=\"https:\/\/esc.idep.org.cy\/wp-content\/uploads\/eu-emblem-rules_el.pdf\"><em>Belge - Programlar ba\u011flam\u0131nda AB ambleminin kullan\u0131m\u0131 2021-2027 d\u00f6nemi i\u00e7in AB Programlar\u0131<\/em><\/a><\/li><\/ol><\/div>\n               <\/div>\n             <\/div><div class=\"card\">\n               <div class=\"card-header pix-mb-10 shadow-sm rounded-lg bg-white\" id=\"headingpix-tab-fed1a09-4ee347f\" >\n                   <button class=\"btn btn-link d-flex text-left\" type=\"button\" data-toggle=\"collapse\" data-target=\"#collapsepix-tab-fed1a09-4ee347f\" aria-expanded=\"true\" aria-controls=\"collapsepix-tab-fed1a09-4ee347f\"><span class=\"d-inline-flex align-self-center text-primary svg-202 text-20 pix-mr-10\"><svg class=\"pixfort-icon \" width=\"24\" height=\"24\"  data-name=\"Line\/pixfort-icon-images-1\" viewBox=\"2 2 20 20\"><path fill=\"none\" stroke=\"var(--pf-icon-color)\" stroke-linecap=\"round\" stroke-linejoin=\"round\" stroke-width=\"var(--pf-icon-stroke-width)\" d=\"M6,14 L7.58578644,12.4142136 C8.36683502,11.633165 9.63316498,11.633165 10.4142136,12.4142136 L16,18 L16,18 M8,3 L19,3 C20.1045695,3 21,3.8954305 21,5 L21,16 C21,17.1045695 20.1045695,18 19,18 L8,18 C6.8954305,18 6,17.1045695 6,16 L6,5 C6,3.8954305 6.8954305,3 8,3 Z M11.5195121,13.5 L14.5355872,10.5915256 C15.2985985,9.85573523 16.5031482,9.84302959 17.2815103,10.5625615 L21,14 L21,14 M11,8 C11.5522847,8 12,7.55228475 12,7 C12,6.44771525 11.5522847,6 11,6 C10.4477153,6 10,6.44771525 10,7 C10,7.55228475 10.4477153,8 11,8 Z M6,7 L5,7 C3.8954305,7 3,7.8954305 3,9 L3,19 C3,20.1045695 3.8954305,21 5,21 L15,21 C16.1045695,21 17,20.1045695 17,19 L17,18 L17,18\"\/><\/svg><\/span><span class=\"d-inline-flex font-weight-bold text-primary\" >Proje \u0130leti\u015fim K\u0131lavuzu<\/span><\/button>\n               <\/div>\n\n               <div id=\"collapsepix-tab-fed1a09-4ee347f\" class=\"collapse \" aria-labelledby=\"headingpix-tab-fed1a09-4ee347f\">\n                 <div class=\"card-body\"><p>Avrupa Komisyonu'ndan projenizi ve sonu\u00e7lar\u0131n\u0131 etkili bir \u015fekilde iletmek ve tan\u0131tmak i\u00e7in <strong>eksiksiz bir rehber.<\/strong><\/p><\/div>\n               <\/div>\n             <\/div><div class=\"card\">\n               <div class=\"card-header pix-mb-10 shadow-sm rounded-lg bg-white\" id=\"headingpix-tab-fed1a09-2f4fbdf\" >\n                   <button class=\"btn btn-link d-flex text-left\" type=\"button\" data-toggle=\"collapse\" data-target=\"#collapsepix-tab-fed1a09-2f4fbdf\" aria-expanded=\"true\" aria-controls=\"collapsepix-tab-fed1a09-2f4fbdf\"><span class=\"d-inline-flex align-self-center text-primary svg-202 text-20 pix-mr-10\"><svg class=\"pixfort-icon \" width=\"24\" height=\"24\"  data-name=\"Line\/pixfort-icon-user-circle-star-1\" viewBox=\"2 2 20 20\"><path fill=\"none\" stroke=\"var(--pf-icon-color)\" stroke-linecap=\"round\" stroke-linejoin=\"round\" stroke-width=\"var(--pf-icon-stroke-width)\" d=\"M20.9435309,13.0138362 C20.9808394,12.6810411 21,12.3427582 21,12 C21,7.02943725 16.9705627,3 12,3 C7.02943725,3 3,7.02943725 3,12 C3,16.806848 6.76837452,20.733545 11.5120291,20.9869965 M5.63686238,18.367264 C6.7436883,17.1947611 8.19895779,16.4578126 10.0026708,16.1564185 M12,13 C13.6568542,13 15,11.6568542 15,10 C15,8.34314575 13.6568542,7 12,7 C10.3431458,7 9,8.34314575 9,10 C9,11.6568542 10.3431458,13 12,13 Z M17,19.7188471 L14.527864,21 L15,18.2864745 L13,16.3647451 L15.763932,15.9688471 L17,13.5 L18.236068,15.9688471 L21,16.3647451 L19,18.2864745 L19.472136,21 L17,19.7188471 Z\"\/><\/svg><\/span><span class=\"d-inline-flex font-weight-bold text-primary\" >Proje Y\u00f6netimi Semineri<\/span><\/button>\n               <\/div>\n\n               <div id=\"collapsepix-tab-fed1a09-2f4fbdf\" class=\"collapse \" aria-labelledby=\"headingpix-tab-fed1a09-2f4fbdf\">\n                 <div class=\"card-body\"><\/div>\n               <\/div>\n             <\/div><div class=\"card\">\n               <div class=\"card-header pix-mb-10 shadow-sm rounded-lg bg-white\" id=\"headingpix-tab-fed1a09-4fd87fd\" >\n                   <button class=\"btn btn-link d-flex text-left\" type=\"button\" data-toggle=\"collapse\" data-target=\"#collapsepix-tab-fed1a09-4fd87fd\" aria-expanded=\"true\" aria-controls=\"collapsepix-tab-fed1a09-4fd87fd\"><span class=\"d-inline-flex align-self-center text-primary svg-202 text-20 pix-mr-10\"><svg class=\"pixfort-icon \" width=\"24\" height=\"24\"  data-name=\"Line\/pixfort-icon-text-wrap-2\" viewBox=\"2 2 20 20\"><path fill=\"none\" stroke=\"var(--pf-icon-color)\" stroke-linecap=\"round\" stroke-linejoin=\"round\" stroke-width=\"var(--pf-icon-stroke-width)\" d=\"M7.20000005,9 L9.79999995,9 C10.4627417,9 11,9.53725832 11,10.2 L11,13.8 C11,14.4627417 10.4627417,15 9.79999995,15 L7.20000005,15 C6.53725832,15 6,14.4627417 6,13.8 L6,10.2 C6,9.53725832 6.53725832,9 7.20000005,9 Z M14,9 L19,9 M14,12 L18,12 M14,15 L19,15 M5,3 L20,3 C21.1045695,3 22,3.8954305 22,5 L22,19 C22,20.1045695 21.1045695,21 20,21 L5,21 C3.8954305,21 3,20.1045695 3,19 L3,5 C3,3.8954305 3.8954305,3 5,3 Z M6,6 L19,6 M6,18 L19,18\"\/><\/svg><\/span><span class=\"d-inline-flex font-weight-bold text-primary\" >Project Management Forms<\/span><\/button>\n               <\/div>\n\n               <div id=\"collapsepix-tab-fed1a09-4fd87fd\" class=\"collapse \" aria-labelledby=\"headingpix-tab-fed1a09-4fd87fd\">\n                 <div class=\"card-body\"><h5>2024<\/h5>\n&nbsp;\n<h5>2023<\/h5>\n&nbsp;\n<ul>\n \t<li><a href=\"https:\/\/esc.idep.org.cy\/wp-content\/uploads\/2.-Annex-2-Applicable-rules-to-eligible-costs-V2.docx\" target=\"_blank\" rel=\"noopener\">\u0399.ANNEX 2 - APPLICABLE RULES TO ELIGIBLE COSTS<\/a><\/li>\n \t<li><a href=\"https:\/\/esc.idep.org.cy\/wp-content\/uploads\/3.-Annex-3-Applicable-rates.docx\" target=\"_blank\" rel=\"noopener\">\u0399\u0399.ANNEX 3 - APPLICABLE RATES<\/a><\/li>\n \t<li><a href=\"https:\/\/esc.idep.org.cy\/wp-content\/uploads\/4.-Annex-4-Template-for-agreements-between-beneficiaries-and-participants-1.docx\" target=\"_blank\" rel=\"noopener\">III. European Solidarity Corps - Agreements between beneficiaries and participants<\/a><\/li>\n<\/ul><\/div>\n               <\/div>\n             <\/div><\/div>\t\t\t\t<\/div>\n\t\t\t\t<\/div>\n\t\t\t\t\t<\/div>\n\t\t<\/div>\n\t\t\t\t\t<\/div>\n\t\t<\/section>\n\t\t\t\t<section class=\"elementor-section elementor-top-section elementor-element elementor-element-31a5987 elementor-section-boxed elementor-section-height-default elementor-section-height-default\" data-id=\"31a5987\" data-element_type=\"section\" data-e-type=\"section\">\n\t\t\t\t\t\t<div class=\"elementor-container elementor-column-gap-default\">\n\t\t\t\t\t<div class=\"elementor-column elementor-col-100 elementor-top-column elementor-element elementor-element-b027e7d\" data-id=\"b027e7d\" data-element_type=\"column\" data-e-type=\"column\">\n\t\t\t<div class=\"elementor-widget-wrap\">\n\t\t\t\t\t\t\t<\/div>\n\t\t<\/div>\n\t\t\t\t\t<\/div>\n\t\t<\/section>\n\t\t\t\t<section class=\"elementor-section elementor-top-section elementor-element elementor-element-59cdf3a elementor-section-boxed elementor-section-height-default elementor-section-height-default\" data-id=\"59cdf3a\" data-element_type=\"section\" data-e-type=\"section\">\n\t\t\t\t\t\t<div class=\"elementor-container elementor-column-gap-default\">\n\t\t\t\t\t<div class=\"elementor-column elementor-col-100 elementor-top-column elementor-element elementor-element-503c877\" data-id=\"503c877\" data-element_type=\"column\" data-e-type=\"column\">\n\t\t\t<div class=\"elementor-widget-wrap\">\n\t\t\t\t\t\t\t<\/div>\n\t\t<\/div>\n\t\t\t\t\t<\/div>\n\t\t<\/section>\n\t\t\t\t<\/div>\n\t\t","protected":false},"excerpt":{"rendered":"<p>Plan Y\u00f6netimi Plan\u0131m\u0131z\u0131n onayland\u0131\u011f\u0131 andan nihai raporun sunuldu\u011fu ana kadar ihtiyac\u0131n\u0131z olan t\u00fcm bilgiler. \u0130leti\u015fim ve AB&#8217;nin g\u00f6r\u00fcn\u00fcrl\u00fc\u011f\u00fcn\u00fcn art\u0131r\u0131lmas\u0131 Projenizin ve Avrupa Birli\u011fi&#8217;nin ileti\u015fimini ve tan\u0131t\u0131m\u0131n\u0131 nas\u0131l yapaca\u011f\u0131n\u0131za ili\u015fkin bilgi ve tavsiyeler. AB fonlar\u0131ndan yararlananlar i\u00e7in AB ile ileti\u015fim kurman\u0131n&#8230;<\/p>\n","protected":false},"author":1,"featured_media":0,"parent":18231,"menu_order":43,"comment_status":"closed","ping_status":"closed","template":"","meta":{"footnotes":"","_links_to":"","_links_to_target":""},"class_list":["post-18232","page","type-page","status-publish","hentry"],"_links":{"self":[{"href":"https:\/\/esc.idep.org.cy\/tr\/wp-json\/wp\/v2\/pages\/18232","targetHints":{"allow":["GET"]}}],"collection":[{"href":"https:\/\/esc.idep.org.cy\/tr\/wp-json\/wp\/v2\/pages"}],"about":[{"href":"https:\/\/esc.idep.org.cy\/tr\/wp-json\/wp\/v2\/types\/page"}],"author":[{"embeddable":true,"href":"https:\/\/esc.idep.org.cy\/tr\/wp-json\/wp\/v2\/users\/1"}],"replies":[{"embeddable":true,"href":"https:\/\/esc.idep.org.cy\/tr\/wp-json\/wp\/v2\/comments?post=18232"}],"version-history":[{"count":13,"href":"https:\/\/esc.idep.org.cy\/tr\/wp-json\/wp\/v2\/pages\/18232\/revisions"}],"predecessor-version":[{"id":18425,"href":"https:\/\/esc.idep.org.cy\/tr\/wp-json\/wp\/v2\/pages\/18232\/revisions\/18425"}],"up":[{"embeddable":true,"href":"https:\/\/esc.idep.org.cy\/tr\/wp-json\/wp\/v2\/pages\/18231"}],"wp:attachment":[{"href":"https:\/\/esc.idep.org.cy\/tr\/wp-json\/wp\/v2\/media?parent=18232"}],"curies":[{"name":"wp","href":"https:\/\/api.w.org\/{rel}","templated":true}]}}