{"id":18233,"date":"2024-09-20T16:30:44","date_gmt":"2024-09-20T13:30:44","guid":{"rendered":"https:\/\/esc.idep.org.cy\/?page_id=18233"},"modified":"2024-09-23T11:38:35","modified_gmt":"2024-09-23T08:38:35","slug":"youth-experiences","status":"publish","type":"page","link":"https:\/\/esc.idep.org.cy\/tr\/i-am-a-young-person\/youth-experiences\/","title":{"rendered":"Youth Experiences"},"content":{"rendered":"\t\t<div data-elementor-type=\"wp-page\" data-elementor-id=\"18233\" class=\"elementor elementor-18233 elementor-14194\">\n\t\t\t\t\t\t<section class=\"elementor-section elementor-top-section elementor-element elementor-element-3baf904 elementor-section-boxed elementor-section-height-default elementor-section-height-default\" data-id=\"3baf904\" data-element_type=\"section\" data-e-type=\"section\">\n\t\t\t\t\t\t<div class=\"elementor-container elementor-column-gap-default\">\n\t\t\t\t\t<div class=\"elementor-column elementor-col-100 elementor-top-column elementor-element elementor-element-8b43cd1\" data-id=\"8b43cd1\" data-element_type=\"column\" data-e-type=\"column\">\n\t\t\t<div class=\"elementor-widget-wrap elementor-element-populated\">\n\t\t\t\t\t\t<div class=\"elementor-element elementor-element-1f5ef8f elementor-widget elementor-widget-heading\" data-id=\"1f5ef8f\" data-element_type=\"widget\" data-e-type=\"widget\" data-widget_type=\"heading.default\">\n\t\t\t\t<div class=\"elementor-widget-container\">\n\t\t\t\t\t<h3 class=\"elementor-heading-title elementor-size-default\">Dayan\u0131\u015fma Projeleri <\/h3>\t\t\t\t<\/div>\n\t\t\t\t<\/div>\n\t\t\t\t\t<\/div>\n\t\t<\/div>\n\t\t\t\t\t<\/div>\n\t\t<\/section>\n\t\t\t\t<section class=\"elementor-section elementor-top-section elementor-element elementor-element-decdfb9 elementor-section-boxed elementor-section-height-default elementor-section-height-default\" data-id=\"decdfb9\" data-element_type=\"section\" data-e-type=\"section\">\n\t\t\t\t\t\t<div class=\"elementor-container elementor-column-gap-default\">\n\t\t\t\t\t<div class=\"elementor-column elementor-col-33 elementor-top-column elementor-element elementor-element-b419431\" data-id=\"b419431\" data-element_type=\"column\" data-e-type=\"column\">\n\t\t\t<div class=\"elementor-widget-wrap elementor-element-populated\">\n\t\t\t\t\t\t<div class=\"elementor-element elementor-element-4a4d54a elementor-widget elementor-widget-testimonial\" data-id=\"4a4d54a\" data-element_type=\"widget\" data-e-type=\"widget\" data-widget_type=\"testimonial.default\">\n\t\t\t\t<div class=\"elementor-widget-container\">\n\t\t\t\t\t\t\t<div class=\"elementor-testimonial-wrapper\">\n\t\t\t\t\t\t\t<div class=\"elementor-testimonial-content\">\"K\u00f6y\u00fcm ve Limasol k\u0131rsal\u0131 kimli\u011fimin ve ki\u015fili\u011fimin bir par\u00e7as\u0131d\u0131r. Ekibimle birlikte Pitsilia'n\u0131n gen\u00e7lerini, kendilerini do\u011furan topraklarda kendi geleceklerini kurmalar\u0131 i\u00e7in Avrupa fonlar\u0131ndan yararlanmaya te\u015fvik etmeye \u00e7al\u0131\u015ft\u0131k\u2019\u2019<\/div>\n\t\t\t\n\t\t\t\t\t\t<div class=\"elementor-testimonial-meta elementor-has-image elementor-testimonial-image-position-aside\">\n\t\t\t\t<div class=\"elementor-testimonial-meta-inner\">\n\t\t\t\t\t\t\t\t\t\t\t<div class=\"elementor-testimonial-image\">\n\t\t\t\t\t\t\t<a href=\"https:\/\/esc.idep.org.cy\/tr\/agriyouth-workers\/\" target=\"_blank\"><img fetchpriority=\"high\" decoding=\"async\" width=\"225\" height=\"300\" src=\"https:\/\/esc.idep.org.cy\/wp-content\/uploads\/222304692_4754518824576833_6344582382620366064_n-225x300.jpg\" class=\"attachment-medium size-medium wp-image-14196\" alt=\"\" srcset=\"https:\/\/esc.idep.org.cy\/wp-content\/uploads\/222304692_4754518824576833_6344582382620366064_n-225x300.jpg 225w, https:\/\/esc.idep.org.cy\/wp-content\/uploads\/222304692_4754518824576833_6344582382620366064_n-773x1030.jpg 773w, https:\/\/esc.idep.org.cy\/wp-content\/uploads\/222304692_4754518824576833_6344582382620366064_n-768x1024.jpg 768w, https:\/\/esc.idep.org.cy\/wp-content\/uploads\/222304692_4754518824576833_6344582382620366064_n-1152x1536.jpg 1152w, https:\/\/esc.idep.org.cy\/wp-content\/uploads\/222304692_4754518824576833_6344582382620366064_n.jpg 1536w\" sizes=\"(max-width: 225px) 100vw, 225px\" \/><\/a>\t\t\t\t\t\t<\/div>\n\t\t\t\t\t\n\t\t\t\t\t\t\t\t\t\t<div class=\"elementor-testimonial-details\">\n\t\t\t\t\t\t\t\t\t\t\t\t\t\t<a class=\"elementor-testimonial-name\" href=\"https:\/\/esc.idep.org.cy\/tr\/agriyouth-workers\/\" target=\"_blank\">Maria Tziamali<\/a>\n\t\t\t\t\t\t\t\t\t\t\t\t\t\t\t\t\t\t\t\t\t\t<a class=\"elementor-testimonial-job\" href=\"https:\/\/esc.idep.org.cy\/tr\/agriyouth-workers\/\" target=\"_blank\">AgriYouth Workers<\/a>\n\t\t\t\t\t\t\t\t\t\t\t\t\t<\/div>\n\t\t\t\t\t\t\t\t\t<\/div>\n\t\t\t<\/div>\n\t\t\t\t\t<\/div>\n\t\t\t\t\t\t<\/div>\n\t\t\t\t<\/div>\n\t\t\t\t\t<\/div>\n\t\t<\/div>\n\t\t\t\t<div class=\"elementor-column elementor-col-33 elementor-top-column elementor-element elementor-element-0b7184c\" data-id=\"0b7184c\" data-element_type=\"column\" data-e-type=\"column\">\n\t\t\t<div class=\"elementor-widget-wrap elementor-element-populated\">\n\t\t\t\t\t\t<div class=\"elementor-element elementor-element-f75e4d0 elementor-widget elementor-widget-testimonial\" data-id=\"f75e4d0\" data-element_type=\"widget\" data-e-type=\"widget\" data-widget_type=\"testimonial.default\">\n\t\t\t\t<div class=\"elementor-widget-container\">\n\t\t\t\t\t\t\t<div class=\"elementor-testimonial-wrapper\">\n\t\t\t\t\t\t\t<div class=\"elementor-testimonial-content\">\u00ab\u0130klim de\u011fi\u015fikli\u011fi ve \u00e7evresel bozulma d\u00fcnya \u00e7ap\u0131nda en \u00f6nemli sorunlar aras\u0131nda say\u0131lmaktad\u0131r.\u00bb<\/div>\n\t\t\t\n\t\t\t\t\t\t<div class=\"elementor-testimonial-meta elementor-has-image elementor-testimonial-image-position-aside\">\n\t\t\t\t<div class=\"elementor-testimonial-meta-inner\">\n\t\t\t\t\t\t\t\t\t\t\t<div class=\"elementor-testimonial-image\">\n\t\t\t\t\t\t\t<a href=\"https:\/\/esc.idep.org.cy\/tr\/youth-dynamics\/\" target=\"_blank\"><img decoding=\"async\" width=\"282\" height=\"300\" src=\"https:\/\/esc.idep.org.cy\/wp-content\/uploads\/1461861_506567636117084_1658967313_n-e1641883638340-282x300.jpg\" class=\"attachment-medium size-medium wp-image-14198\" alt=\"\" srcset=\"https:\/\/esc.idep.org.cy\/wp-content\/uploads\/1461861_506567636117084_1658967313_n-e1641883638340-282x300.jpg 282w, https:\/\/esc.idep.org.cy\/wp-content\/uploads\/1461861_506567636117084_1658967313_n-e1641883638340.jpg 602w\" sizes=\"(max-width: 282px) 100vw, 282px\" \/><\/a>\t\t\t\t\t\t<\/div>\n\t\t\t\t\t\n\t\t\t\t\t\t\t\t\t\t<div class=\"elementor-testimonial-details\">\n\t\t\t\t\t\t\t\t\t\t\t\t\t\t<a class=\"elementor-testimonial-name\" href=\"https:\/\/esc.idep.org.cy\/tr\/youth-dynamics\/\" target=\"_blank\">Vasilis Christofi<\/a>\n\t\t\t\t\t\t\t\t\t\t\t\t\t\t\t\t\t\t\t\t\t\t<a class=\"elementor-testimonial-job\" href=\"https:\/\/esc.idep.org.cy\/tr\/youth-dynamics\/\" target=\"_blank\">Youth Dynamics<\/a>\n\t\t\t\t\t\t\t\t\t\t\t\t\t<\/div>\n\t\t\t\t\t\t\t\t\t<\/div>\n\t\t\t<\/div>\n\t\t\t\t\t<\/div>\n\t\t\t\t\t\t<\/div>\n\t\t\t\t<\/div>\n\t\t\t\t\t<\/div>\n\t\t<\/div>\n\t\t\t\t<div class=\"elementor-column elementor-col-33 elementor-top-column elementor-element elementor-element-63ed01b\" data-id=\"63ed01b\" data-element_type=\"column\" data-e-type=\"column\">\n\t\t\t<div class=\"elementor-widget-wrap elementor-element-populated\">\n\t\t\t\t\t\t<div class=\"elementor-element elementor-element-6459b34 elementor-widget elementor-widget-testimonial\" data-id=\"6459b34\" data-element_type=\"widget\" data-e-type=\"widget\" data-widget_type=\"testimonial.default\">\n\t\t\t\t<div class=\"elementor-widget-container\">\n\t\t\t\t\t\t\t<div class=\"elementor-testimonial-wrapper\">\n\t\t\t\t\t\t\t<div class=\"elementor-testimonial-content\">\u201cAmac\u0131m   g\u00f6n\u00fcll\u00fcler ve \nKat\u0131l\u0131mc\u0131lar\u0131n dayan\u0131\u015fma kavram\u0131n\u0131 anlamas\u0131na m\u00fcmk\u00fcn oldu\u011funca \u00e7ok katk\u0131da bulunmak\"<\/div>\n\t\t\t\n\t\t\t\t\t\t<div class=\"elementor-testimonial-meta elementor-has-image elementor-testimonial-image-position-aside\">\n\t\t\t\t<div class=\"elementor-testimonial-meta-inner\">\n\t\t\t\t\t\t\t\t\t\t\t<div class=\"elementor-testimonial-image\">\n\t\t\t\t\t\t\t<a href=\"https:\/\/esc.idep.org.cy\/tr\/pagkyprios-syndesmos-kathodigiton-ergasias-me-stirixi-amea\/\" target=\"_blank\"><img decoding=\"async\" width=\"512\" height=\"511\" src=\"https:\/\/esc.idep.org.cy\/wp-content\/uploads\/Picture1.png\" class=\"attachment-full size-full wp-image-14200\" alt=\"\" srcset=\"https:\/\/esc.idep.org.cy\/wp-content\/uploads\/Picture1.png 512w, https:\/\/esc.idep.org.cy\/wp-content\/uploads\/Picture1-300x300.png 300w, https:\/\/esc.idep.org.cy\/wp-content\/uploads\/Picture1-150x150.png 150w, https:\/\/esc.idep.org.cy\/wp-content\/uploads\/Picture1-400x400.png 400w, https:\/\/esc.idep.org.cy\/wp-content\/uploads\/Picture1-75x75.png 75w, https:\/\/esc.idep.org.cy\/wp-content\/uploads\/Picture1-460x460.png 460w\" sizes=\"(max-width: 512px) 100vw, 512px\" \/><\/a>\t\t\t\t\t\t<\/div>\n\t\t\t\t\t\n\t\t\t\t\t\t\t\t\t\t<div class=\"elementor-testimonial-details\">\n\t\t\t\t\t\t\t\t\t\t\t\t\t\t<a class=\"elementor-testimonial-name\" href=\"https:\/\/esc.idep.org.cy\/tr\/pagkyprios-syndesmos-kathodigiton-ergasias-me-stirixi-amea\/\" target=\"_blank\">Despina Hadjisavva<\/a>\n\t\t\t\t\t\t\t\t\t\t\t\t\t\t\t\t\t\t\t\t\t\t<a class=\"elementor-testimonial-job\" href=\"https:\/\/esc.idep.org.cy\/tr\/pagkyprios-syndesmos-kathodigiton-ergasias-me-stirixi-amea\/\" target=\"_blank\">T\u00fcm K\u0131br\u0131s Engelli Ki\u015filer \u0130\u015f Rehberleri Derne\u011fi <\/a>\n\t\t\t\t\t\t\t\t\t\t\t\t\t<\/div>\n\t\t\t\t\t\t\t\t\t<\/div>\n\t\t\t<\/div>\n\t\t\t\t\t<\/div>\n\t\t\t\t\t\t<\/div>\n\t\t\t\t<\/div>\n\t\t\t\t\t<\/div>\n\t\t<\/div>\n\t\t\t\t\t<\/div>\n\t\t<\/section>\n\t\t\t\t<section class=\"elementor-section elementor-top-section elementor-element elementor-element-1748deb elementor-section-boxed elementor-section-height-default elementor-section-height-default\" data-id=\"1748deb\" data-element_type=\"section\" data-e-type=\"section\">\n\t\t\t\t\t\t<div class=\"elementor-container elementor-column-gap-default\">\n\t\t\t\t\t<div class=\"elementor-column elementor-col-100 elementor-top-column elementor-element elementor-element-d22d9df\" data-id=\"d22d9df\" data-element_type=\"column\" data-e-type=\"column\">\n\t\t\t<div class=\"elementor-widget-wrap elementor-element-populated\">\n\t\t\t\t\t\t<div class=\"elementor-element elementor-element-b0ace30 elementor-widget elementor-widget-heading\" data-id=\"b0ace30\" data-element_type=\"widget\" data-e-type=\"widget\" data-widget_type=\"heading.default\">\n\t\t\t\t<div class=\"elementor-widget-container\">\n\t\t\t\t\t<h3 class=\"elementor-heading-title elementor-size-default\">G\u00f6n\u00fcll\u00fcl\u00fck Projeleri <\/h3>\t\t\t\t<\/div>\n\t\t\t\t<\/div>\n\t\t\t\t\t<\/div>\n\t\t<\/div>\n\t\t\t\t\t<\/div>\n\t\t<\/section>\n\t\t\t\t<section class=\"elementor-section elementor-top-section elementor-element elementor-element-2834ab0 elementor-section-boxed elementor-section-height-default elementor-section-height-default\" data-id=\"2834ab0\" data-element_type=\"section\" data-e-type=\"section\">\n\t\t\t\t\t\t<div class=\"elementor-container elementor-column-gap-default\">\n\t\t\t\t\t<div class=\"elementor-column elementor-col-33 elementor-top-column elementor-element elementor-element-44815cf\" data-id=\"44815cf\" data-element_type=\"column\" data-e-type=\"column\">\n\t\t\t<div class=\"elementor-widget-wrap elementor-element-populated\">\n\t\t\t\t\t\t<div class=\"elementor-element elementor-element-2b42f68 elementor-widget elementor-widget-testimonial\" data-id=\"2b42f68\" data-element_type=\"widget\" data-e-type=\"widget\" data-widget_type=\"testimonial.default\">\n\t\t\t\t<div class=\"elementor-widget-container\">\n\t\t\t\t\t\t\t<div class=\"elementor-testimonial-wrapper\">\n\t\t\t\t\t\t\t<div class=\"elementor-testimonial-content\">\u00abAvrupa Dayan\u0131\u015fma Birli\u011fi, daha \u00e7ok kapsay\u0131c\u0131 bir toplum in\u015fa etmek, savunmas\u0131z insanlar\u0131 desteklemek ve sosyal zorluklara m\u00fccadele etmek isteyen gen\u00e7leri bir araya getiriyor.\"<\/div>\n\t\t\t\n\t\t\t\t\t\t<div class=\"elementor-testimonial-meta elementor-has-image elementor-testimonial-image-position-aside\">\n\t\t\t\t<div class=\"elementor-testimonial-meta-inner\">\n\t\t\t\t\t\t\t\t\t\t\t<div class=\"elementor-testimonial-image\">\n\t\t\t\t\t\t\t<a href=\"https:\/\/esc.idep.org.cy\/tr\/filodasikos-syndesmos-agroy\/\" target=\"_blank\"><img loading=\"lazy\" decoding=\"async\" width=\"300\" height=\"225\" src=\"https:\/\/esc.idep.org.cy\/wp-content\/uploads\/20689954_10212218460149621_1713967805066589293_o-e1645008077905-300x225.jpg\" class=\"attachment-medium size-medium wp-image-14931\" alt=\"\" srcset=\"https:\/\/esc.idep.org.cy\/wp-content\/uploads\/20689954_10212218460149621_1713967805066589293_o-e1645008077905-300x225.jpg 300w, https:\/\/esc.idep.org.cy\/wp-content\/uploads\/20689954_10212218460149621_1713967805066589293_o-e1645008077905-1030x772.jpg 1030w, https:\/\/esc.idep.org.cy\/wp-content\/uploads\/20689954_10212218460149621_1713967805066589293_o-e1645008077905-768x576.jpg 768w, https:\/\/esc.idep.org.cy\/wp-content\/uploads\/20689954_10212218460149621_1713967805066589293_o-e1645008077905-600x450.jpg 600w, https:\/\/esc.idep.org.cy\/wp-content\/uploads\/20689954_10212218460149621_1713967805066589293_o-e1645008077905.jpg 1358w\" sizes=\"(max-width: 300px) 100vw, 300px\" \/><\/a>\t\t\t\t\t\t<\/div>\n\t\t\t\t\t\n\t\t\t\t\t\t\t\t\t\t<div class=\"elementor-testimonial-details\">\n\t\t\t\t\t\t\t\t\t\t\t\t\t\t<a class=\"elementor-testimonial-name\" href=\"https:\/\/esc.idep.org.cy\/tr\/filodasikos-syndesmos-agroy\/\" target=\"_blank\">Alexis Koutsoventis<\/a>\n\t\t\t\t\t\t\t\t\t\t\t\t\t\t\t\t\t\t\t\t\t\t<a class=\"elementor-testimonial-job\" href=\"https:\/\/esc.idep.org.cy\/tr\/filodasikos-syndesmos-agroy\/\" target=\"_blank\">Agros Orman Sevenler Derne\u011fi <\/a>\n\t\t\t\t\t\t\t\t\t\t\t\t\t<\/div>\n\t\t\t\t\t\t\t\t\t<\/div>\n\t\t\t<\/div>\n\t\t\t\t\t<\/div>\n\t\t\t\t\t\t<\/div>\n\t\t\t\t<\/div>\n\t\t\t\t\t<\/div>\n\t\t<\/div>\n\t\t\t\t<div class=\"elementor-column elementor-col-33 elementor-top-column elementor-element elementor-element-bb7fe9a\" data-id=\"bb7fe9a\" data-element_type=\"column\" data-e-type=\"column\">\n\t\t\t<div class=\"elementor-widget-wrap elementor-element-populated\">\n\t\t\t\t\t\t<div class=\"elementor-element elementor-element-dfa7ac9 elementor-widget elementor-widget-testimonial\" data-id=\"dfa7ac9\" data-element_type=\"widget\" data-e-type=\"widget\" data-widget_type=\"testimonial.default\">\n\t\t\t\t<div class=\"elementor-widget-container\">\n\t\t\t\t\t\t\t<div class=\"elementor-testimonial-wrapper\">\n\t\t\t\t\t\t\t<div class=\"elementor-testimonial-content\">\"Bu programlara kat\u0131lmak bir hayat okulu, ba\u015fka t\u00fcrl\u00fc tan\u0131mayaca\u011f\u0131n\u0131z insanlarla temas kurman\u0131z\u0131 sa\u011fl\u0131yor, ufkunuzu geni\u015fletiyor ve her zaman bir \u015feyler \u00f6\u011freniyorsunuz, hatta bildi\u011finizi sand\u0131\u011f\u0131n\u0131z baz\u0131 \u015feyleri bile...\" <\/div>\n\t\t\t\n\t\t\t\t\t\t<div class=\"elementor-testimonial-meta elementor-has-image elementor-testimonial-image-position-aside\">\n\t\t\t\t<div class=\"elementor-testimonial-meta-inner\">\n\t\t\t\t\t\t\t\t\t\t\t<div class=\"elementor-testimonial-image\">\n\t\t\t\t\t\t\t<a href=\"https:\/\/esc.idep.org.cy\/tr\/politistiko-ergastiri-agion-omologiton\/\" target=\"_blank\"><img loading=\"lazy\" decoding=\"async\" width=\"300\" height=\"213\" src=\"https:\/\/esc.idep.org.cy\/wp-content\/uploads\/Alexandros-Photo-e1645008165239-300x213.jpeg\" class=\"attachment-medium size-medium wp-image-14933\" alt=\"\" srcset=\"https:\/\/esc.idep.org.cy\/wp-content\/uploads\/Alexandros-Photo-e1645008165239-300x213.jpeg 300w, https:\/\/esc.idep.org.cy\/wp-content\/uploads\/Alexandros-Photo-e1645008165239-1030x732.jpeg 1030w, https:\/\/esc.idep.org.cy\/wp-content\/uploads\/Alexandros-Photo-e1645008165239-768x546.jpeg 768w, https:\/\/esc.idep.org.cy\/wp-content\/uploads\/Alexandros-Photo-e1645008165239-1536x1092.jpeg 1536w, https:\/\/esc.idep.org.cy\/wp-content\/uploads\/Alexandros-Photo-e1645008165239.jpeg 2000w\" sizes=\"(max-width: 300px) 100vw, 300px\" \/><\/a>\t\t\t\t\t\t<\/div>\n\t\t\t\t\t\n\t\t\t\t\t\t\t\t\t\t<div class=\"elementor-testimonial-details\">\n\t\t\t\t\t\t\t\t\t\t\t\t\t\t<a class=\"elementor-testimonial-name\" href=\"https:\/\/esc.idep.org.cy\/tr\/politistiko-ergastiri-agion-omologiton\/\" target=\"_blank\">Alexandros Ioannou <\/a>\n\t\t\t\t\t\t\t\t\t\t\t\t\t\t\t\t\t\t\t\t\t\t<a class=\"elementor-testimonial-job\" href=\"https:\/\/esc.idep.org.cy\/tr\/politistiko-ergastiri-agion-omologiton\/\" target=\"_blank\">Ayii Omoloyites K\u00fclt\u00fcr At\u00f6lyesi <\/a>\n\t\t\t\t\t\t\t\t\t\t\t\t\t<\/div>\n\t\t\t\t\t\t\t\t\t<\/div>\n\t\t\t<\/div>\n\t\t\t\t\t<\/div>\n\t\t\t\t\t\t<\/div>\n\t\t\t\t<\/div>\n\t\t\t\t\t<\/div>\n\t\t<\/div>\n\t\t\t\t<div class=\"elementor-column elementor-col-33 elementor-top-column elementor-element elementor-element-721ad62\" data-id=\"721ad62\" data-element_type=\"column\" data-e-type=\"column\">\n\t\t\t<div class=\"elementor-widget-wrap elementor-element-populated\">\n\t\t\t\t\t\t<div class=\"elementor-element elementor-element-3f1bd44 elementor-widget elementor-widget-testimonial\" data-id=\"3f1bd44\" data-element_type=\"widget\" data-e-type=\"widget\" data-widget_type=\"testimonial.default\">\n\t\t\t\t<div class=\"elementor-widget-container\">\n\t\t\t\t\t\t\t<div class=\"elementor-testimonial-wrapper\">\n\t\t\t\t\t\t\t<div class=\"elementor-testimonial-content\">\u00abDaha ye\u015fil bir K\u0131br\u0131s ve daha ye\u015fil bir Avrupa hedefliyorum.\u00bb<\/div>\n\t\t\t\n\t\t\t\t\t\t<div class=\"elementor-testimonial-meta elementor-has-image elementor-testimonial-image-position-aside\">\n\t\t\t\t<div class=\"elementor-testimonial-meta-inner\">\n\t\t\t\t\t\t\t\t\t\t\t<div class=\"elementor-testimonial-image\">\n\t\t\t\t\t\t\t<a href=\"https:\/\/esc.idep.org.cy\/tr\/plan-be-plan-it-be-it\/\" target=\"_blank\"><img loading=\"lazy\" decoding=\"async\" width=\"225\" height=\"300\" src=\"https:\/\/esc.idep.org.cy\/wp-content\/uploads\/Portrait-Antonios-e1645008211833-225x300.jpg\" class=\"attachment-medium size-medium wp-image-14936\" alt=\"\" srcset=\"https:\/\/esc.idep.org.cy\/wp-content\/uploads\/Portrait-Antonios-e1645008211833-225x300.jpg 225w, https:\/\/esc.idep.org.cy\/wp-content\/uploads\/Portrait-Antonios-e1645008211833.jpg 720w\" sizes=\"(max-width: 225px) 100vw, 225px\" \/><\/a>\t\t\t\t\t\t<\/div>\n\t\t\t\t\t\n\t\t\t\t\t\t\t\t\t\t<div class=\"elementor-testimonial-details\">\n\t\t\t\t\t\t\t\t\t\t\t\t\t\t<a class=\"elementor-testimonial-name\" href=\"https:\/\/esc.idep.org.cy\/tr\/plan-be-plan-it-be-it\/\" target=\"_blank\">Antonios Pavlidis<\/a>\n\t\t\t\t\t\t\t\t\t\t\t\t\t\t\t\t\t\t\t\t\t\t<a class=\"elementor-testimonial-job\" href=\"https:\/\/esc.idep.org.cy\/tr\/plan-be-plan-it-be-it\/\" target=\"_blank\">PlanBe, Plan it Be it<\/a>\n\t\t\t\t\t\t\t\t\t\t\t\t\t<\/div>\n\t\t\t\t\t\t\t\t\t<\/div>\n\t\t\t<\/div>\n\t\t\t\t\t<\/div>\n\t\t\t\t\t\t<\/div>\n\t\t\t\t<\/div>\n\t\t\t\t\t<\/div>\n\t\t<\/div>\n\t\t\t\t\t<\/div>\n\t\t<\/section>\n\t\t\t\t<\/div>\n\t\t","protected":false},"excerpt":{"rendered":"<p>Dayan\u0131\u015fma Projeleri &#8220;K\u00f6y\u00fcm ve Limasol k\u0131rsal\u0131 kimli\u011fimin ve ki\u015fili\u011fimin bir par\u00e7as\u0131d\u0131r. Ekibimle birlikte Pitsilia&#8217;n\u0131n gen\u00e7lerini, kendilerini do\u011furan topraklarda kendi geleceklerini kurmalar\u0131 i\u00e7in Avrupa fonlar\u0131ndan yararlanmaya te\u015fvik etmeye \u00e7al\u0131\u015ft\u0131k\u2019\u2019 Maria Tziamali AgriYouth Workers \u00ab\u0130klim de\u011fi\u015fikli\u011fi ve \u00e7evresel bozulma d\u00fcnya \u00e7ap\u0131nda en&#8230;<\/p>\n","protected":false},"author":1,"featured_media":0,"parent":18231,"menu_order":46,"comment_status":"closed","ping_status":"closed","template":"","meta":{"footnotes":"","_links_to":"","_links_to_target":""},"class_list":["post-18233","page","type-page","status-publish","hentry"],"_links":{"self":[{"href":"https:\/\/esc.idep.org.cy\/tr\/wp-json\/wp\/v2\/pages\/18233","targetHints":{"allow":["GET"]}}],"collection":[{"href":"https:\/\/esc.idep.org.cy\/tr\/wp-json\/wp\/v2\/pages"}],"about":[{"href":"https:\/\/esc.idep.org.cy\/tr\/wp-json\/wp\/v2\/types\/page"}],"author":[{"embeddable":true,"href":"https:\/\/esc.idep.org.cy\/tr\/wp-json\/wp\/v2\/users\/1"}],"replies":[{"embeddable":true,"href":"https:\/\/esc.idep.org.cy\/tr\/wp-json\/wp\/v2\/comments?post=18233"}],"version-history":[{"count":7,"href":"https:\/\/esc.idep.org.cy\/tr\/wp-json\/wp\/v2\/pages\/18233\/revisions"}],"predecessor-version":[{"id":18411,"href":"https:\/\/esc.idep.org.cy\/tr\/wp-json\/wp\/v2\/pages\/18233\/revisions\/18411"}],"up":[{"embeddable":true,"href":"https:\/\/esc.idep.org.cy\/tr\/wp-json\/wp\/v2\/pages\/18231"}],"wp:attachment":[{"href":"https:\/\/esc.idep.org.cy\/tr\/wp-json\/wp\/v2\/media?parent=18233"}],"curies":[{"name":"wp","href":"https:\/\/api.w.org\/{rel}","templated":true}]}}