{"id":18235,"date":"2024-09-20T16:30:52","date_gmt":"2024-09-20T13:30:52","guid":{"rendered":"https:\/\/esc.idep.org.cy\/?page_id=18235"},"modified":"2024-09-23T11:39:13","modified_gmt":"2024-09-23T08:39:13","slug":"solidarity-projects","status":"publish","type":"page","link":"https:\/\/esc.idep.org.cy\/tr\/i-am-a-young-person\/solidarity-projects\/","title":{"rendered":"Solidarity Projects"},"content":{"rendered":"\t\t<div data-elementor-type=\"wp-page\" data-elementor-id=\"18235\" class=\"elementor elementor-18235 elementor-14137\">\n\t\t\t\t\t\t<section class=\"elementor-section elementor-top-section elementor-element elementor-element-9458efc elementor-section-boxed elementor-section-height-default elementor-section-height-default\" data-id=\"9458efc\" data-element_type=\"section\" data-e-type=\"section\">\n\t\t\t\t\t\t<div class=\"elementor-container elementor-column-gap-default\">\n\t\t\t\t\t<div class=\"elementor-column elementor-col-100 elementor-top-column elementor-element elementor-element-1c524c5\" data-id=\"1c524c5\" data-element_type=\"column\" data-e-type=\"column\">\n\t\t\t<div class=\"elementor-widget-wrap elementor-element-populated\">\n\t\t\t\t\t\t<div class=\"elementor-element elementor-element-ab0fd0d elementor-widget elementor-widget-heading\" data-id=\"ab0fd0d\" data-element_type=\"widget\" data-e-type=\"widget\" data-widget_type=\"heading.default\">\n\t\t\t\t<div class=\"elementor-widget-container\">\n\t\t\t\t\t<h5 class=\"elementor-heading-title elementor-size-default\">Dayan\u0131\u015fma projesi nedir? <\/h5>\t\t\t\t<\/div>\n\t\t\t\t<\/div>\n\t\t\t\t<div class=\"elementor-element elementor-element-a58a534 elementor-widget elementor-widget-text-editor\" data-id=\"a58a534\" data-element_type=\"widget\" data-e-type=\"widget\" data-widget_type=\"text-editor.default\">\n\t\t\t\t<div class=\"elementor-widget-container\">\n\t\t\t\t\t\t\t\t\t<p>Dayan\u0131\u015fma Projesi, \u00fclke i\u00e7inde 2 ila 12 ayl\u0131k bir s\u00fcre boyunca en az 5 gen\u00e7 taraf\u0131ndan ba\u015flat\u0131lan, geli\u015ftirilen ve uygulanan bir dayan\u0131\u015fma faaliyetidir.<\/p><p>Gen\u00e7ler dayan\u0131\u015fmalar\u0131n\u0131 ifade etmek, inisiyatif almak ve yerel toplumlar\u0131nda olumlu de\u011fi\u015fim yaratmak i\u00e7in e\u015fsiz bir f\u0131rsata sahiptir.<\/p><p>Proje, grup \u00fcyelerinin birlikte ke\u015ffetmek istedikleri belirli bir temaya sahip olmal\u0131, a\u00e7\u0131k bir Avrupa katma de\u011ferine sahip olmal\u0131 ve Program\u0131n a\u015fa\u011f\u0131daki \u00f6nceliklerini desteklemelidir:<\/p><ul><li>Kapsay\u0131c\u0131l\u0131k ve \u00c7e\u015fitlilik<\/li><li>Dijital d\u00f6n\u00fc\u015f\u00fcm<\/li><li>\u00c7evrenin Korunmas\u0131, S\u00fcrd\u00fcr\u00fclebilir Kalk\u0131nma ve \u0130klim Eylemi<\/li><li>Demokratik Ya\u015fama Kat\u0131l\u0131m<\/li><\/ul><p>\u0130yi uygulamalar\u0131 ve fikirleri <a href=\"https:\/\/youth.europa.eu\/solidarity\/projects\/search?page=1&amp;sort=&amp;domain=esc2021&amp;view=list&amp;map=false&amp;level2=solidarity+projects__31095176%3B43353424\">burada<\/a> bulabilirsiniz<\/p>\t\t\t\t\t\t\t\t<\/div>\n\t\t\t\t<\/div>\n\t\t\t\t\t<\/div>\n\t\t<\/div>\n\t\t\t\t\t<\/div>\n\t\t<\/section>\n\t\t\t\t<section class=\"elementor-section elementor-top-section elementor-element elementor-element-ec3e59a elementor-section-boxed elementor-section-height-default elementor-section-height-default\" data-id=\"ec3e59a\" data-element_type=\"section\" data-e-type=\"section\">\n\t\t\t\t\t\t<div class=\"elementor-container elementor-column-gap-default\">\n\t\t\t\t\t<div class=\"elementor-column elementor-col-100 elementor-top-column elementor-element elementor-element-b8685ca\" data-id=\"b8685ca\" data-element_type=\"column\" data-e-type=\"column\">\n\t\t\t<div class=\"elementor-widget-wrap elementor-element-populated\">\n\t\t\t\t\t\t<div class=\"elementor-element elementor-element-c28997b elementor-widget elementor-widget-heading\" data-id=\"c28997b\" data-element_type=\"widget\" data-e-type=\"widget\" data-widget_type=\"heading.default\">\n\t\t\t\t<div class=\"elementor-widget-container\">\n\t\t\t\t\t<h5 class=\"elementor-heading-title elementor-size-default\">Programa kat\u0131lmak i\u00e7in hangi kriterleri kar\u015f\u0131lamam gerekiyor?<\/h5>\t\t\t\t<\/div>\n\t\t\t\t<\/div>\n\t\t\t\t<div class=\"elementor-element elementor-element-cf45a61 elementor-widget elementor-widget-text-editor\" data-id=\"cf45a61\" data-element_type=\"widget\" data-e-type=\"widget\" data-widget_type=\"text-editor.default\">\n\t\t\t\t<div class=\"elementor-widget-container\">\n\t\t\t\t\t\t\t\t\t<p>K\u0131br\u0131s vatanda\u015f\u0131 olman\u0131z, 18-30 ya\u015f grubuna mensup olman\u0131z ve topluma fayda sa\u011flayacak bir projeyi hayata ge\u00e7irmek i\u00e7in di\u011fer gen\u00e7lerle birlikte \u00e7al\u0131\u015fmaya istekli olman\u0131z gerekmektedir.<\/p>\t\t\t\t\t\t\t\t<\/div>\n\t\t\t\t<\/div>\n\t\t\t\t\t<\/div>\n\t\t<\/div>\n\t\t\t\t\t<\/div>\n\t\t<\/section>\n\t\t\t\t<section class=\"elementor-section elementor-top-section elementor-element elementor-element-37291d7 elementor-section-boxed elementor-section-height-default elementor-section-height-default\" data-id=\"37291d7\" data-element_type=\"section\" data-e-type=\"section\">\n\t\t\t\t\t\t<div class=\"elementor-container elementor-column-gap-default\">\n\t\t\t\t\t<div class=\"elementor-column elementor-col-100 elementor-top-column elementor-element elementor-element-8e74339\" data-id=\"8e74339\" data-element_type=\"column\" data-e-type=\"column\">\n\t\t\t<div class=\"elementor-widget-wrap elementor-element-populated\">\n\t\t\t\t\t\t<div class=\"elementor-element elementor-element-8c403be elementor-widget elementor-widget-heading\" data-id=\"8c403be\" data-element_type=\"widget\" data-e-type=\"widget\" data-widget_type=\"heading.default\">\n\t\t\t\t<div class=\"elementor-widget-container\">\n\t\t\t\t\t<h5 class=\"elementor-heading-title elementor-size-default\">Bir proje ne kadar s\u00fcrebilir?<\/h5>\t\t\t\t<\/div>\n\t\t\t\t<\/div>\n\t\t\t\t<div class=\"elementor-element elementor-element-55471d4 elementor-widget elementor-widget-text-editor\" data-id=\"55471d4\" data-element_type=\"widget\" data-e-type=\"widget\" data-widget_type=\"text-editor.default\">\n\t\t\t\t<div class=\"elementor-widget-container\">\n\t\t\t\t\t\t\t\t\t<p>Bir proje iki (2) ila on iki (12) ay aras\u0131nda s\u00fcrebilir.<\/p>\t\t\t\t\t\t\t\t<\/div>\n\t\t\t\t<\/div>\n\t\t\t\t\t<\/div>\n\t\t<\/div>\n\t\t\t\t\t<\/div>\n\t\t<\/section>\n\t\t\t\t<section class=\"elementor-section elementor-top-section elementor-element elementor-element-7d1785c elementor-section-boxed elementor-section-height-default elementor-section-height-default\" data-id=\"7d1785c\" data-element_type=\"section\" data-e-type=\"section\">\n\t\t\t\t\t\t<div class=\"elementor-container elementor-column-gap-default\">\n\t\t\t\t\t<div class=\"elementor-column elementor-col-100 elementor-top-column elementor-element elementor-element-27470d0\" data-id=\"27470d0\" data-element_type=\"column\" data-e-type=\"column\">\n\t\t\t<div class=\"elementor-widget-wrap elementor-element-populated\">\n\t\t\t\t\t\t<div class=\"elementor-element elementor-element-dff2de6 elementor-widget elementor-widget-heading\" data-id=\"dff2de6\" data-element_type=\"widget\" data-e-type=\"widget\" data-widget_type=\"heading.default\">\n\t\t\t\t<div class=\"elementor-widget-container\">\n\t\t\t\t\t<h5 class=\"elementor-heading-title elementor-size-default\">Proje i\u00e7in fon miktar\u0131 nedir?<\/h5>\t\t\t\t<\/div>\n\t\t\t\t<\/div>\n\t\t\t\t<div class=\"elementor-element elementor-element-0fce238 elementor-widget elementor-widget-text-editor\" data-id=\"0fce238\" data-element_type=\"widget\" data-e-type=\"widget\" data-widget_type=\"text-editor.default\">\n\t\t\t\t<div class=\"elementor-widget-container\">\n\t\t\t\t\t\t\t\t\t<p>Gen\u00e7lik grubu i\u00e7in finansman 2 ile 12 ay aras\u0131nda <strong>595<\/strong> Avro&#8217;dur (ayl\u0131k). Bu fon, dayan\u0131\u015fma projesini ve projenin y\u00f6netimi ve uygulanmas\u0131yla ilgili <strong>maliyetleri<\/strong> desteklemek i\u00e7indir.<\/p>\t\t\t\t\t\t\t\t<\/div>\n\t\t\t\t<\/div>\n\t\t\t\t\t<\/div>\n\t\t<\/div>\n\t\t\t\t\t<\/div>\n\t\t<\/section>\n\t\t\t\t<section class=\"elementor-section elementor-top-section elementor-element elementor-element-a5010a9 elementor-section-boxed elementor-section-height-default elementor-section-height-default\" data-id=\"a5010a9\" data-element_type=\"section\" data-e-type=\"section\">\n\t\t\t\t\t\t<div class=\"elementor-container elementor-column-gap-default\">\n\t\t\t\t\t<div class=\"elementor-column elementor-col-100 elementor-top-column elementor-element elementor-element-89f2eda\" data-id=\"89f2eda\" data-element_type=\"column\" data-e-type=\"column\">\n\t\t\t<div class=\"elementor-widget-wrap elementor-element-populated\">\n\t\t\t\t\t\t<div class=\"elementor-element elementor-element-69cb988 elementor-widget elementor-widget-heading\" data-id=\"69cb988\" data-element_type=\"widget\" data-e-type=\"widget\" data-widget_type=\"heading.default\">\n\t\t\t\t<div class=\"elementor-widget-container\">\n\t\t\t\t\t<h5 class=\"elementor-heading-title elementor-size-default\">Fon tutar\u0131 kime ve nas\u0131l \u00f6denir?<\/h5>\t\t\t\t<\/div>\n\t\t\t\t<\/div>\n\t\t\t\t<div class=\"elementor-element elementor-element-95a410e elementor-widget elementor-widget-text-editor\" data-id=\"95a410e\" data-element_type=\"widget\" data-e-type=\"widget\" data-widget_type=\"text-editor.default\">\n\t\t\t\t<div class=\"elementor-widget-container\">\n\t\t\t\t\t\t\t\t\t<p>Fon tutar\u0131 grubun yasal temsilcisine \u00f6denir. 80&#8217;i proje ba\u015flang\u0131c\u0131nda (proje ba\u015flad\u0131ktan en ge\u00e7 30 g\u00fcn sonra) \u00f6denir. S\u00f6zle\u015fmenin imzalanmas\u0131ndan itibaren) ve %20&#8217;si proje bitti\u011finde (Nihai Raporun sunulmas\u0131 ve de\u011ferlendirilmesinden sonra en ge\u00e7 60 g\u00fcn i\u00e7inde) \u00f6denir.<\/p>\t\t\t\t\t\t\t\t<\/div>\n\t\t\t\t<\/div>\n\t\t\t\t\t<\/div>\n\t\t<\/div>\n\t\t\t\t\t<\/div>\n\t\t<\/section>\n\t\t\t\t<section class=\"elementor-section elementor-top-section elementor-element elementor-element-6bb0464 elementor-section-boxed elementor-section-height-default elementor-section-height-default\" data-id=\"6bb0464\" data-element_type=\"section\" data-e-type=\"section\">\n\t\t\t\t\t\t<div class=\"elementor-container elementor-column-gap-default\">\n\t\t\t\t\t<div class=\"elementor-column elementor-col-100 elementor-top-column elementor-element elementor-element-0ba62fb\" data-id=\"0ba62fb\" data-element_type=\"column\" data-e-type=\"column\">\n\t\t\t<div class=\"elementor-widget-wrap elementor-element-populated\">\n\t\t\t\t\t\t<div class=\"elementor-element elementor-element-a5b24fd elementor-widget elementor-widget-heading\" data-id=\"a5b24fd\" data-element_type=\"widget\" data-e-type=\"widget\" data-widget_type=\"heading.default\">\n\t\t\t\t<div class=\"elementor-widget-container\">\n\t\t\t\t\t<h5 class=\"elementor-heading-title elementor-size-default\">Ba\u015fvuru yapmadan \u00f6nce izlemem gereken ad\u0131mlar nelerdir?<\/h5>\t\t\t\t<\/div>\n\t\t\t\t<\/div>\n\t\t\t\t<div class=\"elementor-element elementor-element-e321392 elementor-icon-list--layout-traditional elementor-list-item-link-full_width elementor-widget elementor-widget-icon-list\" data-id=\"e321392\" data-element_type=\"widget\" data-e-type=\"widget\" data-widget_type=\"icon-list.default\">\n\t\t\t\t<div class=\"elementor-widget-container\">\n\t\t\t\t\t\t\t<ul class=\"elementor-icon-list-items\">\n\t\t\t\t\t\t\t<li class=\"elementor-icon-list-item\">\n\t\t\t\t\t\t\t\t\t\t\t<span class=\"elementor-icon-list-icon\">\n\t\t\t\t\t\t\t<i aria-hidden=\"true\" class=\"fas fa-cubes\"><\/i>\t\t\t\t\t\t<\/span>\n\t\t\t\t\t\t\t\t\t\t<span class=\"elementor-icon-list-text\">Ekibimi organize etmek i\u00e7in<\/span>\n\t\t\t\t\t\t\t\t\t<\/li>\n\t\t\t\t\t\t\t\t<li class=\"elementor-icon-list-item\">\n\t\t\t\t\t\t\t\t\t\t\t<a href=\"https:\/\/webgate.ec.europa.eu\/cas\/eim\/external\/register.cgi\" target=\"_blank\" eu=\"\">\n\n\t\t\t\t\t\t\t\t\t\t\t\t<span class=\"elementor-icon-list-icon\">\n\t\t\t\t\t\t\t<i aria-hidden=\"true\" class=\"fas fa-users\"><\/i>\t\t\t\t\t\t<\/span>\n\t\t\t\t\t\t\t\t\t\t<span class=\"elementor-icon-list-text\">T\u00fcm ekip \u00fcyeleri i\u00e7in bir EULogin hesab\u0131 olu\u015fturun<\/span>\n\t\t\t\t\t\t\t\t\t\t\t<\/a>\n\t\t\t\t\t\t\t\t\t<\/li>\n\t\t\t\t\t\t\t\t<li class=\"elementor-icon-list-item\">\n\t\t\t\t\t\t\t\t\t\t\t<a href=\"https:\/\/europa.eu\/youth\/solidarity\/register\/check_el\" target=\"_blank\" european=\"\">\n\n\t\t\t\t\t\t\t\t\t\t\t\t<span class=\"elementor-icon-list-icon\">\n\t\t\t\t\t\t\t<i aria-hidden=\"true\" class=\"fas fa-registered\"><\/i>\t\t\t\t\t\t<\/span>\n\t\t\t\t\t\t\t\t\t\t<span class=\"elementor-icon-list-text\">T\u00fcm ekip \u00fcyelerinin Avrupa Dayan\u0131\u015fma Birli\u011fi portal\u0131na kaydolmas\u0131<\/span>\n\t\t\t\t\t\t\t\t\t\t\t<\/a>\n\t\t\t\t\t\t\t\t\t<\/li>\n\t\t\t\t\t\t\t\t<li class=\"elementor-icon-list-item\">\n\t\t\t\t\t\t\t\t\t\t\t<a href=\"https:\/\/webgate.ec.europa.eu\/erasmus-esc\/organisation-registration\/screen\/home\">\n\n\t\t\t\t\t\t\t\t\t\t\t\t<span class=\"elementor-icon-list-icon\">\n\t\t\t\t\t\t\t<i aria-hidden=\"true\" class=\"far fa-id-card\"><\/i>\t\t\t\t\t\t<\/span>\n\t\t\t\t\t\t\t\t\t\t<span class=\"elementor-icon-list-text\">Yasal temsilci i\u00e7in grubumuza ait bir kimlik kodu (OID) al\u0131n<\/span>\n\t\t\t\t\t\t\t\t\t\t\t<\/a>\n\t\t\t\t\t\t\t\t\t<\/li>\n\t\t\t\t\t\t\t\t<li class=\"elementor-icon-list-item\">\n\t\t\t\t\t\t\t\t\t\t\t<span class=\"elementor-icon-list-icon\">\n\t\t\t\t\t\t\t<i aria-hidden=\"true\" class=\"fas fa-search\"><\/i>\t\t\t\t\t\t<\/span>\n\t\t\t\t\t\t\t\t\t\t<span class=\"elementor-icon-list-text\">Ara\u015ft\u0131rmam\u0131z\u0131 yapmak i\u00e7in<\/span>\n\t\t\t\t\t\t\t\t\t<\/li>\n\t\t\t\t\t\t\t\t<li class=\"elementor-icon-list-item\">\n\t\t\t\t\t\t\t\t\t\t\t<span class=\"elementor-icon-list-icon\">\n\t\t\t\t\t\t\t<i aria-hidden=\"true\" class=\"fas fa-shapes\"><\/i>\t\t\t\t\t\t<\/span>\n\t\t\t\t\t\t\t\t\t\t<span class=\"elementor-icon-list-text\">Projemizi geli\u015ftirin<\/span>\n\t\t\t\t\t\t\t\t\t<\/li>\n\t\t\t\t\t\t\t\t<li class=\"elementor-icon-list-item\">\n\t\t\t\t\t\t\t\t\t\t\t<a href=\"https:\/\/webgate.ec.europa.eu\/app-forms\/af-ui-opportunities\/#\/european-solidarity-corps\">\n\n\t\t\t\t\t\t\t\t\t\t\t\t<span class=\"elementor-icon-list-icon\">\n\t\t\t\t\t\t\t<i aria-hidden=\"true\" class=\"fas fa-check\"><\/i>\t\t\t\t\t\t<\/span>\n\t\t\t\t\t\t\t\t\t\t<span class=\"elementor-icon-list-text\">Ba\u015fvurumuzu g\u00f6nderin<\/span>\n\t\t\t\t\t\t\t\t\t\t\t<\/a>\n\t\t\t\t\t\t\t\t\t<\/li>\n\t\t\t\t\t\t<\/ul>\n\t\t\t\t\t\t<\/div>\n\t\t\t\t<\/div>\n\t\t\t\t\t<\/div>\n\t\t<\/div>\n\t\t\t\t\t<\/div>\n\t\t<\/section>\n\t\t\t\t<section class=\"elementor-section elementor-top-section elementor-element elementor-element-56d583e elementor-section-boxed elementor-section-height-default elementor-section-height-default\" data-id=\"56d583e\" data-element_type=\"section\" data-e-type=\"section\">\n\t\t\t\t\t\t<div class=\"elementor-container elementor-column-gap-default\">\n\t\t\t\t\t<div class=\"elementor-column elementor-col-100 elementor-top-column elementor-element elementor-element-81c0b2d\" data-id=\"81c0b2d\" data-element_type=\"column\" data-e-type=\"column\">\n\t\t\t<div class=\"elementor-widget-wrap elementor-element-populated\">\n\t\t\t\t\t\t<div class=\"elementor-element elementor-element-8e67149 elementor-widget elementor-widget-heading\" data-id=\"8e67149\" data-element_type=\"widget\" data-e-type=\"widget\" data-widget_type=\"heading.default\">\n\t\t\t\t<div class=\"elementor-widget-container\">\n\t\t\t\t\t<h5 class=\"elementor-heading-title elementor-size-default\">Nas\u0131l ba\u015fvurabilirim?<\/h5>\t\t\t\t<\/div>\n\t\t\t\t<\/div>\n\t\t\t\t<div class=\"elementor-element elementor-element-76f6cb6 elementor-widget elementor-widget-text-editor\" data-id=\"76f6cb6\" data-element_type=\"widget\" data-e-type=\"widget\" data-widget_type=\"text-editor.default\">\n\t\t\t\t<div class=\"elementor-widget-container\">\n\t\t\t\t\t\t\t\t\t<p>Dayan\u0131\u015fma projelerine ba\u015fvurmak basit bir s\u00fcre\u00e7tir ve <strong>\u00e7evrimi\u00e7i formlar<\/strong> arac\u0131l\u0131\u011f\u0131yla yap\u0131l\u0131r.<br \/>Ba\u015fvuru, Hayat Boyu \u00d6\u011frenme Vakf\u0131 (\u0399DEP) taraf\u0131ndan de\u011ferlendirilecektir. Kendi ba\u015f\u0131n\u0131za ba\u015fvurabilir ya da dilerseniz fon ba\u015fvurusunda bulunmak i\u00e7in deneyimli bir kurulu\u015fla birlikte \u00e7al\u0131\u015fmay\u0131 tercih edebilirsiniz.<\/p><p>Ba\u015fvuru formunda, bu projeyi neden y\u00fcr\u00fctmek istedi\u011finiz, topluma nas\u0131l fayda sa\u011flayaca\u011f\u0131 ve fikri haz\u0131rlarken ve uygularken hangi faaliyetleri ger\u00e7ekle\u015ftirmeyi planlad\u0131\u011f\u0131n\u0131z gibi sorular sorulacakt\u0131r.<\/p>\t\t\t\t\t\t\t\t<\/div>\n\t\t\t\t<\/div>\n\t\t\t\t\t<\/div>\n\t\t<\/div>\n\t\t\t\t\t<\/div>\n\t\t<\/section>\n\t\t\t\t<section class=\"elementor-section elementor-top-section elementor-element elementor-element-d1e3922 elementor-section-boxed elementor-section-height-default elementor-section-height-default\" data-id=\"d1e3922\" data-element_type=\"section\" data-e-type=\"section\">\n\t\t\t\t\t\t<div class=\"elementor-container elementor-column-gap-default\">\n\t\t\t\t\t<div class=\"elementor-column elementor-col-100 elementor-top-column elementor-element elementor-element-7ff75fb\" data-id=\"7ff75fb\" data-element_type=\"column\" data-e-type=\"column\">\n\t\t\t<div class=\"elementor-widget-wrap elementor-element-populated\">\n\t\t\t\t\t\t<div class=\"elementor-element elementor-element-6037fd9 elementor-widget elementor-widget-heading\" data-id=\"6037fd9\" data-element_type=\"widget\" data-e-type=\"widget\" data-widget_type=\"heading.default\">\n\t\t\t\t<div class=\"elementor-widget-container\">\n\t\t\t\t\t<h5 class=\"elementor-heading-title elementor-size-default\">De\u011ferlendirme kriterleri nelerdir?<\/h5>\t\t\t\t<\/div>\n\t\t\t\t<\/div>\n\t\t\t\t<div class=\"elementor-element elementor-element-b9c62d4 elementor-widget elementor-widget-text-editor\" data-id=\"b9c62d4\" data-element_type=\"widget\" data-e-type=\"widget\" data-widget_type=\"text-editor.default\">\n\t\t\t\t<div class=\"elementor-widget-container\">\n\t\t\t\t\t\t\t\t\t<p>Finansman i\u00e7in de\u011ferlendirilmek \u00fczere, teklifler en az <strong>60 puan<\/strong><\/p><p>almal\u0131d\u0131r. Buna ek olarak, a\u015fa\u011f\u0131da listelenen \u00f6d\u00fcl kriteri kategorilerinin her birinde maksimum puan\u0131n en az yar\u0131s\u0131n\u0131 almalar\u0131 gerekmektedir.<\/p><ul><li>Alakas\u0131,<\/li><li>Projenin gerek\u00e7esi ve etkisi,<\/li><li>Proje tasar\u0131m\u0131n\u0131n kalitesi &amp;<\/li><li>Proje y\u00f6netiminin kalitesi.<\/li><\/ul>\t\t\t\t\t\t\t\t<\/div>\n\t\t\t\t<\/div>\n\t\t\t\t\t<\/div>\n\t\t<\/div>\n\t\t\t\t\t<\/div>\n\t\t<\/section>\n\t\t\t\t<section class=\"elementor-section elementor-top-section elementor-element elementor-element-13cfd5a elementor-section-boxed elementor-section-height-default elementor-section-height-default\" data-id=\"13cfd5a\" data-element_type=\"section\" data-e-type=\"section\">\n\t\t\t\t\t\t<div class=\"elementor-container elementor-column-gap-default\">\n\t\t\t\t\t<div class=\"elementor-column elementor-col-100 elementor-top-column elementor-element elementor-element-ae23c72\" data-id=\"ae23c72\" data-element_type=\"column\" data-e-type=\"column\">\n\t\t\t<div class=\"elementor-widget-wrap elementor-element-populated\">\n\t\t\t\t\t\t<div class=\"elementor-element elementor-element-5f0b17c elementor-widget elementor-widget-heading\" data-id=\"5f0b17c\" data-element_type=\"widget\" data-e-type=\"widget\" data-widget_type=\"heading.default\">\n\t\t\t\t<div class=\"elementor-widget-container\">\n\t\t\t\t\t<h5 class=\"elementor-heading-title elementor-size-default\">Fon tutar\u0131 kime ve nas\u0131l \u00f6deniyor?<\/h5>\t\t\t\t<\/div>\n\t\t\t\t<\/div>\n\t\t\t\t<div class=\"elementor-element elementor-element-6ac8a13 elementor-widget elementor-widget-text-editor\" data-id=\"6ac8a13\" data-element_type=\"widget\" data-e-type=\"widget\" data-widget_type=\"text-editor.default\">\n\t\t\t\t<div class=\"elementor-widget-container\">\n\t\t\t\t\t\t\t\t\t<p>Fon tutar\u0131 grubun yasal temsilcisine \u00f6denir. %80&#8217;i projenin ba\u015flang\u0131c\u0131nda \u00f6denir (s\u00f6zle\u015fmenin imzalanmas\u0131ndan sonra en ge\u00e7 30 g\u00fcn i\u00e7inde) \u00a0ve %20&#8217;si proje bitti\u011finde (Nihai Raporun sunulmas\u0131 ve de\u011ferlendirilmesinden sonra en ge\u00e7 60 g\u00fcn i\u00e7inde).<\/p>\t\t\t\t\t\t\t\t<\/div>\n\t\t\t\t<\/div>\n\t\t\t\t\t<\/div>\n\t\t<\/div>\n\t\t\t\t\t<\/div>\n\t\t<\/section>\n\t\t\t\t<section class=\"elementor-section elementor-top-section elementor-element elementor-element-086e506 elementor-section-boxed elementor-section-height-default elementor-section-height-default\" data-id=\"086e506\" data-element_type=\"section\" data-e-type=\"section\">\n\t\t\t\t\t\t<div class=\"elementor-container elementor-column-gap-default\">\n\t\t\t\t\t<div class=\"elementor-column elementor-col-100 elementor-top-column elementor-element elementor-element-f5bf832\" data-id=\"f5bf832\" data-element_type=\"column\" data-e-type=\"column\">\n\t\t\t<div class=\"elementor-widget-wrap\">\n\t\t\t\t\t\t\t<\/div>\n\t\t<\/div>\n\t\t\t\t\t<\/div>\n\t\t<\/section>\n\t\t\t\t<section class=\"elementor-section elementor-top-section elementor-element elementor-element-60d1cb2 elementor-section-boxed elementor-section-height-default elementor-section-height-default\" data-id=\"60d1cb2\" data-element_type=\"section\" data-e-type=\"section\">\n\t\t\t\t\t\t<div class=\"elementor-container elementor-column-gap-default\">\n\t\t\t\t\t<div class=\"elementor-column elementor-col-100 elementor-top-column elementor-element elementor-element-aef084c\" data-id=\"aef084c\" data-element_type=\"column\" data-e-type=\"column\">\n\t\t\t<div class=\"elementor-widget-wrap elementor-element-populated\">\n\t\t\t\t\t\t<div class=\"elementor-element elementor-element-a84f84c elementor-widget elementor-widget-heading\" data-id=\"a84f84c\" data-element_type=\"widget\" data-e-type=\"widget\" data-widget_type=\"heading.default\">\n\t\t\t\t<div class=\"elementor-widget-container\">\n\t\t\t\t\t<h5 class=\"elementor-heading-title elementor-size-default\">Son ba\u015fvuru tarihi ne zaman?<\/h5>\t\t\t\t<\/div>\n\t\t\t\t<\/div>\n\t\t\t\t<div class=\"elementor-element elementor-element-99e0397 elementor-widget elementor-widget-text-editor\" data-id=\"99e0397\" data-element_type=\"widget\" data-e-type=\"widget\" data-widget_type=\"text-editor.default\">\n\t\t\t\t<div class=\"elementor-widget-container\">\n\t\t\t\t\t\t\t\t\t<table><tbody><tr><td><strong>Eylem<\/strong><\/td><td><strong>Son Ba\u015fvuru Tarihi<\/strong><\/td><\/tr><tr><td rowspan=\"2\"><strong>Dayan\u0131\u015fma Projeleri<\/strong><\/td><td>Ayn\u0131 y\u0131l\u0131n 20 \u015eubat g\u00fcn\u00fc<\/td><\/tr><tr><td>Ayn\u0131 y\u0131l\u0131n 1Ekim g\u00fcn\u00fc<\/td><\/tr><\/tbody><\/table>\t\t\t\t\t\t\t\t<\/div>\n\t\t\t\t<\/div>\n\t\t\t\t\t<\/div>\n\t\t<\/div>\n\t\t\t\t\t<\/div>\n\t\t<\/section>\n\t\t\t\t<section class=\"elementor-section elementor-top-section elementor-element elementor-element-a601356 elementor-section-boxed elementor-section-height-default elementor-section-height-default\" data-id=\"a601356\" data-element_type=\"section\" data-e-type=\"section\">\n\t\t\t\t\t\t<div class=\"elementor-container elementor-column-gap-default\">\n\t\t\t\t\t<div class=\"elementor-column elementor-col-100 elementor-top-column elementor-element elementor-element-f485321\" data-id=\"f485321\" data-element_type=\"column\" data-e-type=\"column\">\n\t\t\t<div class=\"elementor-widget-wrap elementor-element-populated\">\n\t\t\t\t\t\t<div class=\"elementor-element elementor-element-1bc845c elementor-widget elementor-widget-pix-button\" data-id=\"1bc845c\" data-element_type=\"widget\" data-e-type=\"widget\" data-widget_type=\"pix-button.default\">\n\t\t\t\t<div class=\"elementor-widget-container\">\n\t\t\t\t\t<a  href=\"https:\/\/esc.idep.org.cy\/wp-content\/uploads\/Guide-1.pdf\" class=\"btn m-0     shadow-lg text-heading-default btn-primary d-inline-flex align-items-center      btn-xl\"     ><svg class=\"pixfort-icon font-weight-bold   mr-2\" width=\"24\" height=\"24\"  data-name=\"Line\/pixfort-icon-pin-7\" viewBox=\"2 2 20 20\"><path fill=\"none\" stroke=\"var(--pf-icon-color)\" stroke-linecap=\"round\" stroke-linejoin=\"round\" stroke-width=\"var(--pf-icon-stroke-width)\" d=\"M12,10 C13.6568542,10 15,8.65685425 15,7 C15,5.34314575 13.6568542,4 12,4 C10.3431458,4 9,5.34314575 9,7 C9,8.65685425 10.3431458,10 12,10 Z M12,20 L12,10\"\/><\/svg><span class=\"font-weight-bold \" >Dayan\u0131\u015fma Projeleri hakk\u0131nda daha fazla bilgi Program\u0131n Uygulama Rehberinde bulunabilir<\/span><\/a>\t\t\t\t<\/div>\n\t\t\t\t<\/div>\n\t\t\t\t\t<\/div>\n\t\t<\/div>\n\t\t\t\t\t<\/div>\n\t\t<\/section>\n\t\t\t\t<\/div>\n\t\t","protected":false},"excerpt":{"rendered":"<p>Dayan\u0131\u015fma projesi nedir? Dayan\u0131\u015fma Projesi, \u00fclke i\u00e7inde 2 ila 12 ayl\u0131k bir s\u00fcre boyunca en az 5 gen\u00e7 taraf\u0131ndan ba\u015flat\u0131lan, geli\u015ftirilen ve uygulanan bir dayan\u0131\u015fma faaliyetidir. Gen\u00e7ler dayan\u0131\u015fmalar\u0131n\u0131 ifade etmek, inisiyatif almak ve yerel toplumlar\u0131nda olumlu de\u011fi\u015fim yaratmak i\u00e7in e\u015fsiz&#8230;<\/p>\n","protected":false},"author":1,"featured_media":0,"parent":18231,"menu_order":50,"comment_status":"closed","ping_status":"closed","template":"","meta":{"footnotes":"","_links_to":"","_links_to_target":""},"class_list":["post-18235","page","type-page","status-publish","hentry"],"_links":{"self":[{"href":"https:\/\/esc.idep.org.cy\/tr\/wp-json\/wp\/v2\/pages\/18235","targetHints":{"allow":["GET"]}}],"collection":[{"href":"https:\/\/esc.idep.org.cy\/tr\/wp-json\/wp\/v2\/pages"}],"about":[{"href":"https:\/\/esc.idep.org.cy\/tr\/wp-json\/wp\/v2\/types\/page"}],"author":[{"embeddable":true,"href":"https:\/\/esc.idep.org.cy\/tr\/wp-json\/wp\/v2\/users\/1"}],"replies":[{"embeddable":true,"href":"https:\/\/esc.idep.org.cy\/tr\/wp-json\/wp\/v2\/comments?post=18235"}],"version-history":[{"count":7,"href":"https:\/\/esc.idep.org.cy\/tr\/wp-json\/wp\/v2\/pages\/18235\/revisions"}],"predecessor-version":[{"id":18380,"href":"https:\/\/esc.idep.org.cy\/tr\/wp-json\/wp\/v2\/pages\/18235\/revisions\/18380"}],"up":[{"embeddable":true,"href":"https:\/\/esc.idep.org.cy\/tr\/wp-json\/wp\/v2\/pages\/18231"}],"wp:attachment":[{"href":"https:\/\/esc.idep.org.cy\/tr\/wp-json\/wp\/v2\/media?parent=18235"}],"curies":[{"name":"wp","href":"https:\/\/api.w.org\/{rel}","templated":true}]}}