{"id":18236,"date":"2024-09-20T16:30:56","date_gmt":"2024-09-20T13:30:56","guid":{"rendered":"https:\/\/esc.idep.org.cy\/?page_id=18236"},"modified":"2024-10-07T11:36:57","modified_gmt":"2024-10-07T08:36:57","slug":"i-am-from-an-organisation","status":"publish","type":"page","link":"https:\/\/esc.idep.org.cy\/tr\/i-am-from-an-organisation\/","title":{"rendered":"Bir kurulu\u015fa \u00fcyeyim"},"content":{"rendered":"\t\t<div data-elementor-type=\"wp-page\" data-elementor-id=\"18236\" class=\"elementor elementor-18236 elementor-13472\">\n\t\t\t\t\t\t<section class=\"elementor-section elementor-top-section elementor-element elementor-element-32121ea elementor-section-boxed elementor-section-height-default elementor-section-height-default\" data-id=\"32121ea\" data-element_type=\"section\" data-e-type=\"section\">\n\t\t\t\t\t\t<div class=\"elementor-container elementor-column-gap-default\">\n\t\t\t\t\t<div class=\"elementor-column elementor-col-100 elementor-top-column elementor-element elementor-element-4dc5b04\" data-id=\"4dc5b04\" data-element_type=\"column\" data-e-type=\"column\">\n\t\t\t<div class=\"elementor-widget-wrap elementor-element-populated\">\n\t\t\t\t\t\t<div class=\"elementor-element elementor-element-8d6b037 elementor-widget elementor-widget-heading\" data-id=\"8d6b037\" data-element_type=\"widget\" data-e-type=\"widget\" data-widget_type=\"heading.default\">\n\t\t\t\t<div class=\"elementor-widget-container\">\n\t\t\t\t\t<h3 class=\"elementor-heading-title elementor-size-default\">K\u0131br\u0131s'ta dayan\u0131\u015fma ve g\u00f6n\u00fcll\u00fcl\u00fck alan\u0131nda aktif misiniz?<\/h3>\t\t\t\t<\/div>\n\t\t\t\t<\/div>\n\t\t\t\t\t<\/div>\n\t\t<\/div>\n\t\t\t\t\t<\/div>\n\t\t<\/section>\n\t\t\t\t<section class=\"elementor-section elementor-top-section elementor-element elementor-element-7d69cb3 elementor-section-boxed elementor-section-height-default elementor-section-height-default\" data-id=\"7d69cb3\" data-element_type=\"section\" data-e-type=\"section\">\n\t\t\t\t\t\t<div class=\"elementor-container elementor-column-gap-default\">\n\t\t\t\t\t<div class=\"elementor-column elementor-col-100 elementor-top-column elementor-element elementor-element-5666d8a\" data-id=\"5666d8a\" data-element_type=\"column\" data-e-type=\"column\">\n\t\t\t<div class=\"elementor-widget-wrap elementor-element-populated\">\n\t\t\t\t\t\t<div class=\"elementor-element elementor-element-97cff81 elementor-widget elementor-widget-text-editor\" data-id=\"97cff81\" data-element_type=\"widget\" data-e-type=\"widget\" data-widget_type=\"text-editor.default\">\n\t\t\t\t<div class=\"elementor-widget-container\">\n\t\t\t\t\t\t\t\t\t<p>K\u0131br\u0131s&#8217;taki kurulu\u015flar, Avrupa Dayan\u0131\u015fma Birli\u011fi arac\u0131l\u0131\u011f\u0131yla gen\u00e7lerin Avrupa genelinde veya K\u0131br\u0131s&#8217;ta toplumlara ve insanlara fayda sa\u011flayan projelerde g\u00f6n\u00fcll\u00fc olmalar\u0131n\u0131 destekleyebilir.<\/p>\t\t\t\t\t\t\t\t<\/div>\n\t\t\t\t<\/div>\n\t\t\t\t\t<\/div>\n\t\t<\/div>\n\t\t\t\t\t<\/div>\n\t\t<\/section>\n\t\t\t\t<section class=\"elementor-section elementor-top-section elementor-element elementor-element-dfb4e2b elementor-section-boxed elementor-section-height-default elementor-section-height-default\" data-id=\"dfb4e2b\" data-element_type=\"section\" data-e-type=\"section\">\n\t\t\t\t\t\t<div class=\"elementor-container elementor-column-gap-default\">\n\t\t\t\t\t<div class=\"elementor-column elementor-col-50 elementor-top-column elementor-element elementor-element-26e0b9a\" data-id=\"26e0b9a\" data-element_type=\"column\" data-e-type=\"column\">\n\t\t\t<div class=\"elementor-widget-wrap elementor-element-populated\">\n\t\t\t\t\t\t<div class=\"elementor-element elementor-element-6bb09aa elementor-widget elementor-widget-image\" data-id=\"6bb09aa\" data-element_type=\"widget\" data-e-type=\"widget\" data-widget_type=\"image.default\">\n\t\t\t\t<div class=\"elementor-widget-container\">\n\t\t\t\t\t\t\t\t\t\t\t\t\t\t\t\t<a href=\"https:\/\/esc.idep.org.cy\/tr\/aniko-se-organismo\/schedia-ethelontismoy2\/\">\n\t\t\t\t\t\t\t<img fetchpriority=\"high\" decoding=\"async\" width=\"600\" height=\"450\" src=\"https:\/\/esc.idep.org.cy\/wp-content\/uploads\/volunteering-projects-tr.jpg\" class=\"attachment-large size-large wp-image-18543\" alt=\"\" srcset=\"https:\/\/esc.idep.org.cy\/wp-content\/uploads\/volunteering-projects-tr.jpg 600w, https:\/\/esc.idep.org.cy\/wp-content\/uploads\/volunteering-projects-tr-300x225.jpg 300w\" sizes=\"(max-width: 600px) 100vw, 600px\" \/>\t\t\t\t\t\t\t\t<\/a>\n\t\t\t\t\t\t\t\t\t\t\t\t\t\t\t<\/div>\n\t\t\t\t<\/div>\n\t\t\t\t\t<\/div>\n\t\t<\/div>\n\t\t\t\t<div class=\"elementor-column elementor-col-50 elementor-top-column elementor-element elementor-element-83e73af\" data-id=\"83e73af\" data-element_type=\"column\" data-e-type=\"column\">\n\t\t\t<div class=\"elementor-widget-wrap elementor-element-populated\">\n\t\t\t\t\t\t<div class=\"elementor-element elementor-element-1d42c88 elementor-widget elementor-widget-image\" data-id=\"1d42c88\" data-element_type=\"widget\" data-e-type=\"widget\" data-widget_type=\"image.default\">\n\t\t\t\t<div class=\"elementor-widget-container\">\n\t\t\t\t\t\t\t\t\t\t\t\t\t\t\t\t<a href=\"https:\/\/esc.idep.org.cy\/tr\/aniko-se-organismo\/erga-allileggyis2\/\">\n\t\t\t\t\t\t\t<img decoding=\"async\" width=\"600\" height=\"450\" src=\"https:\/\/esc.idep.org.cy\/wp-content\/uploads\/erga-allyleggyis-tr.jpg\" class=\"attachment-large size-large wp-image-18531\" alt=\"\" srcset=\"https:\/\/esc.idep.org.cy\/wp-content\/uploads\/erga-allyleggyis-tr.jpg 600w, https:\/\/esc.idep.org.cy\/wp-content\/uploads\/erga-allyleggyis-tr-300x225.jpg 300w\" sizes=\"(max-width: 600px) 100vw, 600px\" \/>\t\t\t\t\t\t\t\t<\/a>\n\t\t\t\t\t\t\t\t\t\t\t\t\t\t\t<\/div>\n\t\t\t\t<\/div>\n\t\t\t\t\t<\/div>\n\t\t<\/div>\n\t\t\t\t\t<\/div>\n\t\t<\/section>\n\t\t\t\t<section class=\"elementor-section elementor-top-section elementor-element elementor-element-40df6de elementor-section-boxed elementor-section-height-default elementor-section-height-default\" data-id=\"40df6de\" data-element_type=\"section\" data-e-type=\"section\">\n\t\t\t\t\t\t<div class=\"elementor-container elementor-column-gap-default\">\n\t\t\t\t\t<div class=\"elementor-column elementor-col-50 elementor-top-column elementor-element elementor-element-efe25b7\" data-id=\"efe25b7\" data-element_type=\"column\" data-e-type=\"column\">\n\t\t\t<div class=\"elementor-widget-wrap elementor-element-populated\">\n\t\t\t\t\t\t<div class=\"elementor-element elementor-element-e8fbd7f elementor-widget elementor-widget-image\" data-id=\"e8fbd7f\" data-element_type=\"widget\" data-e-type=\"widget\" data-widget_type=\"image.default\">\n\t\t\t\t<div class=\"elementor-widget-container\">\n\t\t\t\t\t\t\t\t\t\t\t\t\t\t\t\t<a href=\"https:\/\/esc.idep.org.cy\/tr\/aniko-se-organosi\/empeiries-symmetechonton\/\">\n\t\t\t\t\t\t\t<img decoding=\"async\" width=\"600\" height=\"450\" src=\"https:\/\/esc.idep.org.cy\/wp-content\/uploads\/empeiries-symmetexontwn-tr.jpg\" class=\"attachment-large size-large wp-image-18525\" alt=\"\" srcset=\"https:\/\/esc.idep.org.cy\/wp-content\/uploads\/empeiries-symmetexontwn-tr.jpg 600w, https:\/\/esc.idep.org.cy\/wp-content\/uploads\/empeiries-symmetexontwn-tr-300x225.jpg 300w\" sizes=\"(max-width: 600px) 100vw, 600px\" \/>\t\t\t\t\t\t\t\t<\/a>\n\t\t\t\t\t\t\t\t\t\t\t\t\t\t\t<\/div>\n\t\t\t\t<\/div>\n\t\t\t\t\t<\/div>\n\t\t<\/div>\n\t\t\t\t<div class=\"elementor-column elementor-col-50 elementor-top-column elementor-element elementor-element-1a9a743\" data-id=\"1a9a743\" data-element_type=\"column\" data-e-type=\"column\">\n\t\t\t<div class=\"elementor-widget-wrap elementor-element-populated\">\n\t\t\t\t\t\t<div class=\"elementor-element elementor-element-5f0bdd1 elementor-widget elementor-widget-image\" data-id=\"5f0bdd1\" data-element_type=\"widget\" data-e-type=\"widget\" data-widget_type=\"image.default\">\n\t\t\t\t<div class=\"elementor-widget-container\">\n\t\t\t\t\t\t\t\t\t\t\t\t\t\t\t\t<a href=\"https:\/\/esc.idep.org.cy\/tr\/aniko-se-organismo\/diacheirisi-ergoy\/\">\n\t\t\t\t\t\t\t<img loading=\"lazy\" decoding=\"async\" width=\"600\" height=\"450\" src=\"https:\/\/esc.idep.org.cy\/wp-content\/uploads\/diaxeirisi-ergou-tr.jpg\" class=\"attachment-large size-large wp-image-18619\" alt=\"\" srcset=\"https:\/\/esc.idep.org.cy\/wp-content\/uploads\/diaxeirisi-ergou-tr.jpg 600w, https:\/\/esc.idep.org.cy\/wp-content\/uploads\/diaxeirisi-ergou-tr-300x225.jpg 300w\" sizes=\"(max-width: 600px) 100vw, 600px\" \/>\t\t\t\t\t\t\t\t<\/a>\n\t\t\t\t\t\t\t\t\t\t\t\t\t\t\t<\/div>\n\t\t\t\t<\/div>\n\t\t\t\t\t<\/div>\n\t\t<\/div>\n\t\t\t\t\t<\/div>\n\t\t<\/section>\n\t\t\t\t<section class=\"elementor-section elementor-top-section elementor-element elementor-element-4238130 elementor-section-boxed elementor-section-height-default elementor-section-height-default\" data-id=\"4238130\" data-element_type=\"section\" data-e-type=\"section\">\n\t\t\t\t\t\t<div class=\"elementor-container elementor-column-gap-default\">\n\t\t\t\t\t<div class=\"elementor-column elementor-col-100 elementor-top-column elementor-element elementor-element-777503f\" data-id=\"777503f\" data-element_type=\"column\" data-e-type=\"column\">\n\t\t\t<div class=\"elementor-widget-wrap\">\n\t\t\t\t\t\t\t<\/div>\n\t\t<\/div>\n\t\t\t\t\t<\/div>\n\t\t<\/section>\n\t\t\t\t<\/div>\n\t\t","protected":false},"excerpt":{"rendered":"<p>K\u0131br\u0131s&#8217;ta dayan\u0131\u015fma ve g\u00f6n\u00fcll\u00fcl\u00fck alan\u0131nda aktif misiniz? K\u0131br\u0131s&#8217;taki kurulu\u015flar, Avrupa Dayan\u0131\u015fma Birli\u011fi arac\u0131l\u0131\u011f\u0131yla gen\u00e7lerin Avrupa genelinde veya K\u0131br\u0131s&#8217;ta toplumlara ve insanlara fayda sa\u011flayan projelerde g\u00f6n\u00fcll\u00fc olmalar\u0131n\u0131 destekleyebilir.<\/p>\n","protected":false},"author":1,"featured_media":0,"parent":0,"menu_order":53,"comment_status":"closed","ping_status":"closed","template":"","meta":{"footnotes":"","_links_to":"","_links_to_target":""},"class_list":["post-18236","page","type-page","status-publish","hentry"],"_links":{"self":[{"href":"https:\/\/esc.idep.org.cy\/tr\/wp-json\/wp\/v2\/pages\/18236","targetHints":{"allow":["GET"]}}],"collection":[{"href":"https:\/\/esc.idep.org.cy\/tr\/wp-json\/wp\/v2\/pages"}],"about":[{"href":"https:\/\/esc.idep.org.cy\/tr\/wp-json\/wp\/v2\/types\/page"}],"author":[{"embeddable":true,"href":"https:\/\/esc.idep.org.cy\/tr\/wp-json\/wp\/v2\/users\/1"}],"replies":[{"embeddable":true,"href":"https:\/\/esc.idep.org.cy\/tr\/wp-json\/wp\/v2\/comments?post=18236"}],"version-history":[{"count":17,"href":"https:\/\/esc.idep.org.cy\/tr\/wp-json\/wp\/v2\/pages\/18236\/revisions"}],"predecessor-version":[{"id":18652,"href":"https:\/\/esc.idep.org.cy\/tr\/wp-json\/wp\/v2\/pages\/18236\/revisions\/18652"}],"wp:attachment":[{"href":"https:\/\/esc.idep.org.cy\/tr\/wp-json\/wp\/v2\/media?parent=18236"}],"curies":[{"name":"wp","href":"https:\/\/api.w.org\/{rel}","templated":true}]}}