{"id":18237,"date":"2024-09-20T16:31:00","date_gmt":"2024-09-20T13:31:00","guid":{"rendered":"https:\/\/esc.idep.org.cy\/?page_id=18237"},"modified":"2024-09-23T11:39:56","modified_gmt":"2024-09-23T08:39:56","slug":"volunteering-projects","status":"publish","type":"page","link":"https:\/\/esc.idep.org.cy\/tr\/i-am-from-an-organisation\/volunteering-projects\/","title":{"rendered":"Volunteering Projects"},"content":{"rendered":"\t\t<div data-elementor-type=\"wp-page\" data-elementor-id=\"18237\" class=\"elementor elementor-18237 elementor-15114\">\n\t\t\t\t\t\t<section class=\"elementor-section elementor-top-section elementor-element elementor-element-64e767a elementor-section-boxed elementor-section-height-default elementor-section-height-default\" data-id=\"64e767a\" data-element_type=\"section\" data-e-type=\"section\">\n\t\t\t\t\t\t<div class=\"elementor-container elementor-column-gap-default\">\n\t\t\t\t\t<div class=\"elementor-column elementor-col-100 elementor-top-column elementor-element elementor-element-2a0ef63\" data-id=\"2a0ef63\" data-element_type=\"column\" data-e-type=\"column\">\n\t\t\t<div class=\"elementor-widget-wrap elementor-element-populated\">\n\t\t\t\t\t\t<div class=\"elementor-element elementor-element-6298225 elementor-widget elementor-widget-heading\" data-id=\"6298225\" data-element_type=\"widget\" data-e-type=\"widget\" data-widget_type=\"heading.default\">\n\t\t\t\t<div class=\"elementor-widget-container\">\n\t\t\t\t\t<h5 class=\"elementor-heading-title elementor-size-default\">G\u00f6n\u00fcll\u00fclik Projesi nedir?<\/h5>\t\t\t\t<\/div>\n\t\t\t\t<\/div>\n\t\t\t\t\t<\/div>\n\t\t<\/div>\n\t\t\t\t\t<\/div>\n\t\t<\/section>\n\t\t\t\t<section class=\"elementor-section elementor-top-section elementor-element elementor-element-9ca89a5 elementor-section-boxed elementor-section-height-default elementor-section-height-default\" data-id=\"9ca89a5\" data-element_type=\"section\" data-e-type=\"section\">\n\t\t\t\t\t\t<div class=\"elementor-container elementor-column-gap-default\">\n\t\t\t\t\t<div class=\"elementor-column elementor-col-100 elementor-top-column elementor-element elementor-element-d976532\" data-id=\"d976532\" data-element_type=\"column\" data-e-type=\"column\">\n\t\t\t<div class=\"elementor-widget-wrap elementor-element-populated\">\n\t\t\t\t\t\t<div class=\"elementor-element elementor-element-4342840 elementor-widget elementor-widget-text-editor\" data-id=\"4342840\" data-element_type=\"widget\" data-e-type=\"widget\" data-widget_type=\"text-editor.default\">\n\t\t\t\t<div class=\"elementor-widget-container\">\n\t\t\t\t\t\t\t\t\tBir G\u00f6n\u00fcll\u00fcl\u00fck Projesi size g\u00f6n\u00fcll\u00fc olma ve ayn\u0131 zamanda ki\u015fisel, e\u011fitimsel, sosyal ve mesleki geli\u015fiminizi art\u0131racak faydal\u0131 deneyim ve beceriler kazanma f\u0131rsat\u0131 verir.\nProjeler, \u00f6nemli sosyal zorluklara yan\u0131t veren ve toplumsal kalk\u0131nmay\u0131 te\u015fvik eden eylemleri uygulamak i\u00e7in Program taraf\u0131ndan finanse edilen akredite kurulu\u015flar taraf\u0131ndan y\u00f6netilir. Bu ba\u011flamda, vizyonlar\u0131n\u0131 payla\u015fan ve kurulu\u015flar\u0131nda g\u00f6n\u00fcll\u00fc olmak isteyen gen\u00e7ler i\u00e7in pozisyonlar yarat\u0131rlar.\n\t\t\t\t\t\t\t\t<\/div>\n\t\t\t\t<\/div>\n\t\t\t\t\t<\/div>\n\t\t<\/div>\n\t\t\t\t\t<\/div>\n\t\t<\/section>\n\t\t\t\t<section class=\"elementor-section elementor-top-section elementor-element elementor-element-7747076 elementor-section-boxed elementor-section-height-default elementor-section-height-default\" data-id=\"7747076\" data-element_type=\"section\" data-e-type=\"section\">\n\t\t\t\t\t\t<div class=\"elementor-container elementor-column-gap-default\">\n\t\t\t\t\t<div class=\"elementor-column elementor-col-100 elementor-top-column elementor-element elementor-element-45be576\" data-id=\"45be576\" data-element_type=\"column\" data-e-type=\"column\">\n\t\t\t<div class=\"elementor-widget-wrap\">\n\t\t\t\t\t\t\t<\/div>\n\t\t<\/div>\n\t\t\t\t\t<\/div>\n\t\t<\/section>\n\t\t\t\t<section class=\"elementor-section elementor-top-section elementor-element elementor-element-2aea2c6 elementor-section-boxed elementor-section-height-default elementor-section-height-default\" data-id=\"2aea2c6\" data-element_type=\"section\" data-e-type=\"section\">\n\t\t\t\t\t\t<div class=\"elementor-container elementor-column-gap-default\">\n\t\t\t\t\t<div class=\"elementor-column elementor-col-100 elementor-top-column elementor-element elementor-element-2fc2b4b\" data-id=\"2fc2b4b\" data-element_type=\"column\" data-e-type=\"column\">\n\t\t\t<div class=\"elementor-widget-wrap elementor-element-populated\">\n\t\t\t\t\t\t<div class=\"elementor-element elementor-element-36364a6 elementor-widget elementor-widget-heading\" data-id=\"36364a6\" data-element_type=\"widget\" data-e-type=\"widget\" data-widget_type=\"heading.default\">\n\t\t\t\t<div class=\"elementor-widget-container\">\n\t\t\t\t\t<h5 class=\"elementor-heading-title elementor-size-default\">Faaliyet t\u00fcrleri:<\/h5>\t\t\t\t<\/div>\n\t\t\t\t<\/div>\n\t\t\t\t\t<\/div>\n\t\t<\/div>\n\t\t\t\t\t<\/div>\n\t\t<\/section>\n\t\t\t\t<section class=\"elementor-section elementor-top-section elementor-element elementor-element-e1157b4 elementor-section-boxed elementor-section-height-default elementor-section-height-default\" data-id=\"e1157b4\" data-element_type=\"section\" data-e-type=\"section\">\n\t\t\t\t\t\t<div class=\"elementor-container elementor-column-gap-default\">\n\t\t\t\t\t<div class=\"elementor-column elementor-col-100 elementor-top-column elementor-element elementor-element-3ebcf35\" data-id=\"3ebcf35\" data-element_type=\"column\" data-e-type=\"column\">\n\t\t\t<div class=\"elementor-widget-wrap elementor-element-populated\">\n\t\t\t\t\t\t<div class=\"elementor-element elementor-element-00a299b elementor-widget elementor-widget-text-editor\" data-id=\"00a299b\" data-element_type=\"widget\" data-e-type=\"widget\" data-widget_type=\"text-editor.default\">\n\t\t\t\t<div class=\"elementor-widget-container\">\n\t\t\t\t\t\t\t\t\tE\u011fer 18-30 ya\u015f\u0131nda gen\u00e7seniz  a\u015fa\u011f\u0131daki alanlarda \u00e7al\u0131\u015fmay\u0131 se\u00e7ebilirsiniz:\t\t\t\t\t\t\t\t<\/div>\n\t\t\t\t<\/div>\n\t\t\t\t\t<\/div>\n\t\t<\/div>\n\t\t\t\t\t<\/div>\n\t\t<\/section>\n\t\t\t\t<section class=\"elementor-section elementor-top-section elementor-element elementor-element-e2ee087 elementor-section-boxed elementor-section-height-default elementor-section-height-default\" data-id=\"e2ee087\" data-element_type=\"section\" data-e-type=\"section\">\n\t\t\t\t\t\t<div class=\"elementor-container elementor-column-gap-default\">\n\t\t\t\t\t<div class=\"elementor-column elementor-col-100 elementor-top-column elementor-element elementor-element-089a880\" data-id=\"089a880\" data-element_type=\"column\" data-e-type=\"column\">\n\t\t\t<div class=\"elementor-widget-wrap elementor-element-populated\">\n\t\t\t\t\t\t<div class=\"elementor-element elementor-element-0e60d5c elementor-tabs-view-horizontal elementor-widget elementor-widget-tabs\" data-id=\"0e60d5c\" data-element_type=\"widget\" data-e-type=\"widget\" data-widget_type=\"tabs.default\">\n\t\t\t\t<div class=\"elementor-widget-container\">\n\t\t\t\t\t\t\t<div class=\"elementor-tabs\">\n\t\t\t<div class=\"elementor-tabs-wrapper\" role=\"tablist\" >\n\t\t\t\t\t\t\t\t\t<div id=\"elementor-tab-title-1501\" class=\"elementor-tab-title elementor-tab-desktop-title\" aria-selected=\"true\" data-tab=\"1\" role=\"tab\" tabindex=\"0\" aria-controls=\"elementor-tab-content-1501\" aria-expanded=\"false\">\u0392ireseysel G\u00f6n\u00fcll\u00fc Faaliyet <\/div>\n\t\t\t\t\t\t\t\t\t<div id=\"elementor-tab-title-1502\" class=\"elementor-tab-title elementor-tab-desktop-title\" aria-selected=\"false\" data-tab=\"2\" role=\"tab\" tabindex=\"-1\" aria-controls=\"elementor-tab-content-1502\" aria-expanded=\"false\">Grup G\u00f6n\u00fcl\u00fc Faaliyeti <\/div>\n\t\t\t\t\t\t\t<\/div>\n\t\t\t<div class=\"elementor-tabs-content-wrapper\" role=\"tablist\" aria-orientation=\"vertical\">\n\t\t\t\t\t\t\t\t\t<div class=\"elementor-tab-title elementor-tab-mobile-title\" aria-selected=\"true\" data-tab=\"1\" role=\"tab\" tabindex=\"0\" aria-controls=\"elementor-tab-content-1501\" aria-expanded=\"false\">\u0392ireseysel G\u00f6n\u00fcll\u00fc Faaliyet <\/div>\n\t\t\t\t\t<div id=\"elementor-tab-content-1501\" class=\"elementor-tab-content elementor-clearfix\" data-tab=\"1\" role=\"tabpanel\" aria-labelledby=\"elementor-tab-title-1501\" tabindex=\"0\" hidden=\"false\"><ul><li>S\u00fcre:\u00a0<strong>2 \u2013 12 ay<\/strong>(Daha az f\u0131rsata sahip gen\u00e7ler 2 hafta &#8211; 2 ay s\u00fcren faaliyetlere kat\u0131labilir).\u00a0<\/li><li>Tam zamanl\u0131:\u00a0<strong>Haftada<\/strong> <strong>30 \u2013 38 saat<\/strong>.<\/li><li>Nerede? Yurtd\u0131\u015f\u0131nda\u00a0(s\u0131n\u0131rlar aras\u0131) \u00a0veya <strong>\u00fclkende<\/strong>(yurt i\u00e7inde).<\/li><\/ul><p><strong>-&gt; Yurtd\u0131\u015f\u0131na ta\u015f\u0131nma durumunda, s\u00fcrece 2 kurulu\u015f dahil olur: <\/strong><\/p><p><strong>destek kurulu\u015fu<\/strong> &#8211; \u00fclkenizde bulunmaktad\u0131r ve haz\u0131rlanman\u0131za yard\u0131mc\u0131 olacakt\u0131r,<\/p><p><strong>ev sahibi kurulu\u015f<\/strong> &#8211; sizi gidece\u011finiz \u00fclkede kar\u015f\u0131layacak ve faaliyetin t\u00fcm a\u015famalar\u0131nda rehberlik sa\u011flayacakt\u0131r <strong>\u2013&gt;<\/strong>\u00a0Yurti\u00e7i faaliyet durumunda, yaln\u0131zca ev sahibi kurulu\u015f gereklidir.<\/p><p>Sadece bir (1) bireysel g\u00f6n\u00fcll\u00fc faaliyetine kat\u0131labilirsiniz. Gerek\u00e7eli durumlarda, 2 aya (59 g\u00fcn) kadar bir faaliyete kat\u0131lm\u0131\u015f olan ve daha az imk\u00e2n\u0131 olan bir g\u00f6n\u00fcll\u00fc, bir s\u0131n\u0131r \u00f6tesi faaliyete daha kat\u0131labilir. Toplam s\u00fcre 14 ay\u0131 ge\u00e7memelidir.<\/p><p>Bununla birlikte, ek olarak birden fazla grup g\u00f6n\u00fcll\u00fcl\u00fck faaliyetine kat\u0131labilirsin.<\/p><\/div>\n\t\t\t\t\t\t\t\t\t<div class=\"elementor-tab-title elementor-tab-mobile-title\" aria-selected=\"false\" data-tab=\"2\" role=\"tab\" tabindex=\"-1\" aria-controls=\"elementor-tab-content-1502\" aria-expanded=\"false\">Grup G\u00f6n\u00fcl\u00fc Faaliyeti <\/div>\n\t\t\t\t\t<div id=\"elementor-tab-content-1502\" class=\"elementor-tab-content elementor-clearfix\" data-tab=\"2\" role=\"tabpanel\" aria-labelledby=\"elementor-tab-title-1502\" tabindex=\"0\" hidden=\"hidden\"><ul><li>S\u00fcre:\u00a0<strong>2 hafta \u2013 2 ay.<\/strong><\/li><li>T\u00fcm Zamanl\u0131:\u00a0Haftada <strong>30-38 saat.<\/strong><\/li><li><strong>En az iki \u00fclkeden 10-40<\/strong> gen\u00e7ten olu\u015fan gruplar<\/li><li>Nerede? <strong>Yurtd\u0131\u015f\u0131nda<\/strong>\u00a0veya <strong>\u00fclkende<\/strong><strong>.<\/strong><\/li><\/ul><p>-&gt; S\u00fcre\u00e7 ya bir <strong>ev sahibi kurulu\u015fu<\/strong> ya da bir <strong>destek kurulu\u015funu <\/strong>i\u00e7erir.<\/p><p><strong>\u00d6rnekler:<\/strong> do\u011fal afetlerden zarar g\u00f6ren k\u00fclt\u00fcrel miras\u0131n restorasyonu, nesli t\u00fckenmekte olan t\u00fcrlerin bak\u0131m\u0131, m\u00fclteci kamplar\u0131nda e\u011fitim faaliyetleri d\u00fczenlenmesi vb.<\/p><\/div>\n\t\t\t\t\t\t\t<\/div>\n\t\t<\/div>\n\t\t\t\t\t\t<\/div>\n\t\t\t\t<\/div>\n\t\t\t\t\t<\/div>\n\t\t<\/div>\n\t\t\t\t\t<\/div>\n\t\t<\/section>\n\t\t\t\t<section class=\"elementor-section elementor-top-section elementor-element elementor-element-a4da048 elementor-section-boxed elementor-section-height-default elementor-section-height-default\" data-id=\"a4da048\" data-element_type=\"section\" data-e-type=\"section\">\n\t\t\t\t\t\t<div class=\"elementor-container elementor-column-gap-default\">\n\t\t\t\t\t<div class=\"elementor-column elementor-col-100 elementor-top-column elementor-element elementor-element-38ede53\" data-id=\"38ede53\" data-element_type=\"column\" data-e-type=\"column\">\n\t\t\t<div class=\"elementor-widget-wrap\">\n\t\t\t\t\t\t\t<\/div>\n\t\t<\/div>\n\t\t\t\t\t<\/div>\n\t\t<\/section>\n\t\t\t\t<section class=\"elementor-section elementor-top-section elementor-element elementor-element-c825e19 elementor-section-boxed elementor-section-height-default elementor-section-height-default\" data-id=\"c825e19\" data-element_type=\"section\" data-e-type=\"section\">\n\t\t\t\t\t\t<div class=\"elementor-container elementor-column-gap-default\">\n\t\t\t\t\t<div class=\"elementor-column elementor-col-100 elementor-top-column elementor-element elementor-element-13499e1\" data-id=\"13499e1\" data-element_type=\"column\" data-e-type=\"column\">\n\t\t\t<div class=\"elementor-widget-wrap elementor-element-populated\">\n\t\t\t\t\t\t<div class=\"elementor-element elementor-element-7e44014 elementor-widget elementor-widget-heading\" data-id=\"7e44014\" data-element_type=\"widget\" data-e-type=\"widget\" data-widget_type=\"heading.default\">\n\t\t\t\t<div class=\"elementor-widget-container\">\n\t\t\t\t\t<h5 class=\"elementor-heading-title elementor-size-default\">Kim ve nas\u0131l kat\u0131labilir?<\/h5>\t\t\t\t<\/div>\n\t\t\t\t<\/div>\n\t\t\t\t\t<\/div>\n\t\t<\/div>\n\t\t\t\t\t<\/div>\n\t\t<\/section>\n\t\t\t\t<section class=\"elementor-section elementor-top-section elementor-element elementor-element-cc4f041 elementor-section-boxed elementor-section-height-default elementor-section-height-default\" data-id=\"cc4f041\" data-element_type=\"section\" data-e-type=\"section\">\n\t\t\t\t\t\t<div class=\"elementor-container elementor-column-gap-default\">\n\t\t\t\t\t<div class=\"elementor-column elementor-col-100 elementor-top-column elementor-element elementor-element-b64b4d8\" data-id=\"b64b4d8\" data-element_type=\"column\" data-e-type=\"column\">\n\t\t\t<div class=\"elementor-widget-wrap elementor-element-populated\">\n\t\t\t\t\t\t<div class=\"elementor-element elementor-element-e585673 elementor-widget elementor-widget-text-editor\" data-id=\"e585673\" data-element_type=\"widget\" data-e-type=\"widget\" data-widget_type=\"text-editor.default\">\n\t\t\t\t<div class=\"elementor-widget-container\">\n\t\t\t\t\t\t\t\t\t<ul><li>18-30 ya\u015f aras\u0131 olman\u0131z.<\/li><li><a href=\"https:\/\/youth.europa.eu\/solidarity\/countries-covered_en\">Program ve ortak \u00fclkelerde<\/a> yasal olarak ikamet etmeniz.<\/li><li>Ki\u015fisel bir EU <a href=\"https:\/\/webgate.ec.europa.eu\/cas\/eim\/external\/register.cgi\">Login<\/a> hesab\u0131 olu\u015ftuman\u0131z (Avrupa Komisyonu&#8217;nun kullan\u0131c\u0131 tan\u0131mlama servisi).<\/li><li>Profilinizi olu\u015fturarak <a href=\"https:\/\/ecas.ec.europa.eu\/cas\/login?loginRequestId=ECAS_LR-229363-sbFLCZTdYzzKgPnzy7ewzqdTwv4fD4eGwA9L2L0weScVyVKSOVbNhpX30c6cJWOg3OKzHgJf5IOSCL7ZTap1GLW-jpJZscgsw0K1pzVtZiSFB3-Hzm39ES42WooXgig0ScazVpX6tCZdCImJnf3YeQsxuZiHpvX92Pdo1HhNe4GYt3GDPAoRC4IGUB0LdlX3vYPm4\">Avrupa Gen\u00e7lik Portal\u0131na<\/a> kaydolman\u0131z.<\/li><li>Art\u0131k <a href=\"https:\/\/youth.europa.eu\/volunteering\/organisations_en\">akredite kurulu\u015flar<\/a> taraf\u0131ndan ilan edilen <a href=\"https:\/\/youth.europa.eu\/go-abroad\/volunteering\/opportunities_en\">g\u00f6n\u00fcll\u00fc pozisyonlar\u0131n\u0131<\/a> aramaya ve ba\u015fvurmaya haz\u0131rs\u0131n\u0131z.\u00a0<\/li><\/ul>\t\t\t\t\t\t\t\t<\/div>\n\t\t\t\t<\/div>\n\t\t\t\t\t<\/div>\n\t\t<\/div>\n\t\t\t\t\t<\/div>\n\t\t<\/section>\n\t\t\t\t<section class=\"elementor-section elementor-top-section elementor-element elementor-element-e88d4dc elementor-section-boxed elementor-section-height-default elementor-section-height-default\" data-id=\"e88d4dc\" data-element_type=\"section\" data-e-type=\"section\">\n\t\t\t\t\t\t<div class=\"elementor-container elementor-column-gap-default\">\n\t\t\t\t\t<div class=\"elementor-column elementor-col-100 elementor-top-column elementor-element elementor-element-293b765\" data-id=\"293b765\" data-element_type=\"column\" data-e-type=\"column\">\n\t\t\t<div class=\"elementor-widget-wrap\">\n\t\t\t\t\t\t\t<\/div>\n\t\t<\/div>\n\t\t\t\t\t<\/div>\n\t\t<\/section>\n\t\t\t\t<section class=\"elementor-section elementor-top-section elementor-element elementor-element-c2947c3 elementor-section-boxed elementor-section-height-default elementor-section-height-default\" data-id=\"c2947c3\" data-element_type=\"section\" data-e-type=\"section\">\n\t\t\t\t\t\t<div class=\"elementor-container elementor-column-gap-default\">\n\t\t\t\t\t<div class=\"elementor-column elementor-col-100 elementor-top-column elementor-element elementor-element-f7311f8\" data-id=\"f7311f8\" data-element_type=\"column\" data-e-type=\"column\">\n\t\t\t<div class=\"elementor-widget-wrap elementor-element-populated\">\n\t\t\t\t\t\t<div class=\"elementor-element elementor-element-0eef127 elementor-widget elementor-widget-heading\" data-id=\"0eef127\" data-element_type=\"widget\" data-e-type=\"widget\" data-widget_type=\"heading.default\">\n\t\t\t\t<div class=\"elementor-widget-container\">\n\t\t\t\t\t<h5 class=\"elementor-heading-title elementor-size-default\">Program neleri kaps\u0131yor? <\/h5>\t\t\t\t<\/div>\n\t\t\t\t<\/div>\n\t\t\t\t\t<\/div>\n\t\t<\/div>\n\t\t\t\t\t<\/div>\n\t\t<\/section>\n\t\t\t\t<section class=\"elementor-section elementor-top-section elementor-element elementor-element-5e3129d elementor-section-boxed elementor-section-height-default elementor-section-height-default\" data-id=\"5e3129d\" data-element_type=\"section\" data-e-type=\"section\">\n\t\t\t\t\t\t<div class=\"elementor-container elementor-column-gap-default\">\n\t\t\t\t\t<div class=\"elementor-column elementor-col-100 elementor-top-column elementor-element elementor-element-b2af78a\" data-id=\"b2af78a\" data-element_type=\"column\" data-e-type=\"column\">\n\t\t\t<div class=\"elementor-widget-wrap elementor-element-populated\">\n\t\t\t\t\t\t<div class=\"elementor-element elementor-element-cda6cc4 elementor-widget elementor-widget-text-editor\" data-id=\"cda6cc4\" data-element_type=\"widget\" data-e-type=\"widget\" data-widget_type=\"text-editor.default\">\n\t\t\t\t<div class=\"elementor-widget-container\">\n\t\t\t\t\t\t\t\t\tSeyahat masraflar\u0131, konaklama, yemek, g\u00fcnl\u00fck harc\u0131rah, dil deste\u011fi, e\u011fitim, daha az imkana sahip gen\u00e7ler i\u00e7in ek destek ve haz\u0131rl\u0131k ziyareti, sigorta teminat\u0131, ola\u011fan\u00fcst\u00fc masraflar. \t\t\t\t\t\t\t\t<\/div>\n\t\t\t\t<\/div>\n\t\t\t\t\t<\/div>\n\t\t<\/div>\n\t\t\t\t\t<\/div>\n\t\t<\/section>\n\t\t\t\t<section class=\"elementor-section elementor-top-section elementor-element elementor-element-5f1695b elementor-section-boxed elementor-section-height-default elementor-section-height-default\" data-id=\"5f1695b\" data-element_type=\"section\" data-e-type=\"section\">\n\t\t\t\t\t\t<div class=\"elementor-container elementor-column-gap-default\">\n\t\t\t\t\t<div class=\"elementor-column elementor-col-100 elementor-top-column elementor-element elementor-element-a285987\" data-id=\"a285987\" data-element_type=\"column\" data-e-type=\"column\">\n\t\t\t<div class=\"elementor-widget-wrap\">\n\t\t\t\t\t\t\t<\/div>\n\t\t<\/div>\n\t\t\t\t\t<\/div>\n\t\t<\/section>\n\t\t\t\t<section class=\"elementor-section elementor-top-section elementor-element elementor-element-59b6feb elementor-section-boxed elementor-section-height-default elementor-section-height-default\" data-id=\"59b6feb\" data-element_type=\"section\" data-e-type=\"section\">\n\t\t\t\t\t\t<div class=\"elementor-container elementor-column-gap-default\">\n\t\t\t\t\t<div class=\"elementor-column elementor-col-100 elementor-top-column elementor-element elementor-element-a987c0a\" data-id=\"a987c0a\" data-element_type=\"column\" data-e-type=\"column\">\n\t\t\t<div class=\"elementor-widget-wrap elementor-element-populated\">\n\t\t\t\t\t\t<div class=\"elementor-element elementor-element-cb65927 elementor-widget elementor-widget-heading\" data-id=\"cb65927\" data-element_type=\"widget\" data-e-type=\"widget\" data-widget_type=\"heading.default\">\n\t\t\t\t<div class=\"elementor-widget-container\">\n\t\t\t\t\t<h5 class=\"elementor-heading-title elementor-size-default\">Son ba\u015fvuru tarihi ne zaman?<\/h5>\t\t\t\t<\/div>\n\t\t\t\t<\/div>\n\t\t\t\t<div class=\"elementor-element elementor-element-325982a elementor-widget elementor-widget-text-editor\" data-id=\"325982a\" data-element_type=\"widget\" data-e-type=\"widget\" data-widget_type=\"text-editor.default\">\n\t\t\t\t<div class=\"elementor-widget-container\">\n\t\t\t\t\t\t\t\t\t<table border=\"0\" cellspacing=\"0\" cellpadding=\"0\" class=\"table-format\">\n  <tr>\n    <td><strong>Eylem <\/strong><\/td>\n    <td><strong>Son ba\u015fvuru tarihi<\/strong><\/td>\n    <td><strong>\u0393\u03b9\u03b1 \u03c3\u03c7\u03ad\u03b4\u03b9\u03b1 \u03c0\u03bf\u03c5    \u03be\u03b5\u03ba\u03b9\u03bd\u03bf\u03cd\u03bd<\/strong><\/td>\n  <\/tr>\n  <tr>\n    <td rowspan=\"2\"><strong>Dayan\u0131\u015fma Projeleri<\/strong><\/td>\n    <td>Ayn\u0131 y\u0131l\u0131n 20 \u015eubat g\u00fcn\u00fc <\/td>\n    <td>1 \u0399\u03bf\u03c5\u03bd\u03af\u03bf\u03c5 \u2013&nbsp; 31    \u0394\u03b5\u03ba\u03b5\u03bc\u03b2\u03c1\u03af\u03bf\u03c5 \u03c4\u03bf\u03c5 \u03b9\u03b4\u03af\u03bf\u03c5 \u03ad\u03c4\u03bf\u03c5\u03c2<\/td>\n  <\/tr>\n  <tr>\n    <td>Ayn\u0131 y\u0131l\u0131n 1 Ekim g\u00fcn\u00fc \u00a0(iste\u011fe ba\u011fl\u0131 t\u00fcr\u00fc)<\/td>\n    <td>1 \u0399\u03b1\u03bd\u03bf\u03c5\u03b1\u03c1\u03af\u03bf\u03c5 \u2013&nbsp; 31    \u039c\u03ac\u03ca\u03bf\u03c5 \u03c4\u03bf\u03c5 \u03b5\u03c0\u03cc\u03bc\u03b5\u03bd\u03bf\u03c5 \u03ad\u03c4\u03bf\u03c5\u03c2<\/td>\n  <\/tr>\n<\/table> \t\t\t\t\t\t\t\t<\/div>\n\t\t\t\t<\/div>\n\t\t\t\t\t<\/div>\n\t\t<\/div>\n\t\t\t\t\t<\/div>\n\t\t<\/section>\n\t\t\t\t<\/div>\n\t\t","protected":false},"excerpt":{"rendered":"<p>G\u00f6n\u00fcll\u00fclik Projesi nedir? Bir G\u00f6n\u00fcll\u00fcl\u00fck Projesi size g\u00f6n\u00fcll\u00fc olma ve ayn\u0131 zamanda ki\u015fisel, e\u011fitimsel, sosyal ve mesleki geli\u015fiminizi art\u0131racak faydal\u0131 deneyim ve beceriler kazanma f\u0131rsat\u0131 verir. Projeler, \u00f6nemli sosyal zorluklara yan\u0131t veren ve toplumsal kalk\u0131nmay\u0131 te\u015fvik eden eylemleri uygulamak i\u00e7in&#8230;<\/p>\n","protected":false},"author":1,"featured_media":0,"parent":18236,"menu_order":60,"comment_status":"closed","ping_status":"closed","template":"","meta":{"footnotes":"","_links_to":"","_links_to_target":""},"class_list":["post-18237","page","type-page","status-publish","hentry"],"_links":{"self":[{"href":"https:\/\/esc.idep.org.cy\/tr\/wp-json\/wp\/v2\/pages\/18237","targetHints":{"allow":["GET"]}}],"collection":[{"href":"https:\/\/esc.idep.org.cy\/tr\/wp-json\/wp\/v2\/pages"}],"about":[{"href":"https:\/\/esc.idep.org.cy\/tr\/wp-json\/wp\/v2\/types\/page"}],"author":[{"embeddable":true,"href":"https:\/\/esc.idep.org.cy\/tr\/wp-json\/wp\/v2\/users\/1"}],"replies":[{"embeddable":true,"href":"https:\/\/esc.idep.org.cy\/tr\/wp-json\/wp\/v2\/comments?post=18237"}],"version-history":[{"count":4,"href":"https:\/\/esc.idep.org.cy\/tr\/wp-json\/wp\/v2\/pages\/18237\/revisions"}],"predecessor-version":[{"id":18405,"href":"https:\/\/esc.idep.org.cy\/tr\/wp-json\/wp\/v2\/pages\/18237\/revisions\/18405"}],"up":[{"embeddable":true,"href":"https:\/\/esc.idep.org.cy\/tr\/wp-json\/wp\/v2\/pages\/18236"}],"wp:attachment":[{"href":"https:\/\/esc.idep.org.cy\/tr\/wp-json\/wp\/v2\/media?parent=18237"}],"curies":[{"name":"wp","href":"https:\/\/api.w.org\/{rel}","templated":true}]}}