{"id":18238,"date":"2024-09-20T16:31:03","date_gmt":"2024-09-20T13:31:03","guid":{"rendered":"https:\/\/esc.idep.org.cy\/?page_id=18238"},"modified":"2024-09-23T11:40:16","modified_gmt":"2024-09-23T08:40:16","slug":"solidarity-projects","status":"publish","type":"page","link":"https:\/\/esc.idep.org.cy\/tr\/i-am-from-an-organisation\/solidarity-projects\/","title":{"rendered":"Solidarity Projects"},"content":{"rendered":"\t\t<div data-elementor-type=\"wp-page\" data-elementor-id=\"18238\" class=\"elementor elementor-18238 elementor-15106\">\n\t\t\t\t\t\t<section class=\"elementor-section elementor-top-section elementor-element elementor-element-8616537 elementor-section-boxed elementor-section-height-default elementor-section-height-default\" data-id=\"8616537\" data-element_type=\"section\" data-e-type=\"section\">\n\t\t\t\t\t\t<div class=\"elementor-container elementor-column-gap-default\">\n\t\t\t\t\t<div class=\"elementor-column elementor-col-100 elementor-top-column elementor-element elementor-element-c91088a\" data-id=\"c91088a\" data-element_type=\"column\" data-e-type=\"column\">\n\t\t\t<div class=\"elementor-widget-wrap elementor-element-populated\">\n\t\t\t\t\t\t<div class=\"elementor-element elementor-element-9b93f1a elementor-view-stacked elementor-shape-circle elementor-widget elementor-widget-icon\" data-id=\"9b93f1a\" data-element_type=\"widget\" data-e-type=\"widget\" data-widget_type=\"icon.default\">\n\t\t\t\t<div class=\"elementor-widget-container\">\n\t\t\t\t\t\t\t<div class=\"elementor-icon-wrapper\">\n\t\t\t<a class=\"elementor-icon\" href=\"https:\/\/esc.idep.org.cy\/aniko-se-organismo\/\">\n\t\t\t<i aria-hidden=\"true\" class=\"fas fa-arrow-left\"><\/i>\t\t\t<\/a>\n\t\t<\/div>\n\t\t\t\t\t\t<\/div>\n\t\t\t\t<\/div>\n\t\t\t\t\t<\/div>\n\t\t<\/div>\n\t\t\t\t\t<\/div>\n\t\t<\/section>\n\t\t\t\t<section class=\"elementor-section elementor-top-section elementor-element elementor-element-fe3da54 elementor-section-boxed elementor-section-height-default elementor-section-height-default\" data-id=\"fe3da54\" data-element_type=\"section\" data-e-type=\"section\">\n\t\t\t\t\t\t<div class=\"elementor-container elementor-column-gap-default\">\n\t\t\t\t\t<div class=\"elementor-column elementor-col-100 elementor-top-column elementor-element elementor-element-33b4bff\" data-id=\"33b4bff\" data-element_type=\"column\" data-e-type=\"column\">\n\t\t\t<div class=\"elementor-widget-wrap elementor-element-populated\">\n\t\t\t\t\t\t<div class=\"elementor-element elementor-element-3b2d678 elementor-widget elementor-widget-heading\" data-id=\"3b2d678\" data-element_type=\"widget\" data-e-type=\"widget\" data-widget_type=\"heading.default\">\n\t\t\t\t<div class=\"elementor-widget-container\">\n\t\t\t\t\t<h5 class=\"elementor-heading-title elementor-size-default\">Dayan\u0131\u015fma Projesi nedir?<\/h5>\t\t\t\t<\/div>\n\t\t\t\t<\/div>\n\t\t\t\t<div class=\"elementor-element elementor-element-bfabc8f elementor-widget elementor-widget-text-editor\" data-id=\"bfabc8f\" data-element_type=\"widget\" data-e-type=\"widget\" data-widget_type=\"text-editor.default\">\n\t\t\t\t<div class=\"elementor-widget-container\">\n\t\t\t\t\t\t\t\t\t<p>Dayan\u0131\u015fma Projesi, \u00fclke i\u00e7inde 2 ila 12 ayl\u0131k bir s\u00fcre boyunca en az 5 gen\u00e7 taraf\u0131ndan ba\u015flat\u0131lan, geli\u015ftirilen ve uygulanan bir dayan\u0131\u015fma faaliyetidir.<\/p><p>Gen\u00e7ler dayan\u0131\u015fmalar\u0131n\u0131 ifade etmek, inisiyatif almak ve yerel topluluklar\u0131nda olumlu de\u011fi\u015fim yaratmak i\u00e7in e\u015fsiz bir f\u0131rsata sahiptir.<\/p><p>Proje, grup \u00fcyelerinin birlikte ke\u015ffetmek istedikleri belirli bir temaya sahip olmal\u0131, a\u00e7\u0131k bir Avrupa katma de\u011ferine sahip olmal\u0131 ve Program\u0131n a\u015fa\u011f\u0131daki \u00f6nceliklerini desteklemelidir:<\/p><ul><li>Kapsay\u0131c\u0131l\u0131k ve \u00c7e\u015fitlilik<\/li><li>Dijital D\u00f6n\u00fc\u015f\u00fcm\u00a0 \u00a0<\/li><li>Demokratik Ya\u015fama Kat\u0131l\u0131m<\/li><li>\u00c7evrenin Korunmas\u0131<\/li><li>\u00a0S\u00fcrd\u00fcr\u00fclebilir Kalk\u0131nma ve<\/li><li>\u0130klim Eylemi<\/li><li>\u00a0Sa\u011fl\u0131k Sekt\u00f6r\u00fcnde \u00d6nleme, Te\u015fvik ve Destek<\/li><\/ul><p>\u0130yi uygulamalar\u0131 ve fikirleri <a href=\"https:\/\/youth.europa.eu\/solidarity\/projects\/search?page=1&amp;sort=&amp;domain=esc2021&amp;view=list&amp;map=false&amp;level2=solidarity+projects__31095176%3B43353424\">burada<\/a> bulabilirsiniz.<\/p>\t\t\t\t\t\t\t\t<\/div>\n\t\t\t\t<\/div>\n\t\t\t\t\t<\/div>\n\t\t<\/div>\n\t\t\t\t\t<\/div>\n\t\t<\/section>\n\t\t\t\t<section class=\"elementor-section elementor-top-section elementor-element elementor-element-8a6cd0f elementor-section-boxed elementor-section-height-default elementor-section-height-default\" data-id=\"8a6cd0f\" data-element_type=\"section\" data-e-type=\"section\">\n\t\t\t\t\t\t<div class=\"elementor-container elementor-column-gap-default\">\n\t\t\t\t\t<div class=\"elementor-column elementor-col-100 elementor-top-column elementor-element elementor-element-c63ee2e\" data-id=\"c63ee2e\" data-element_type=\"column\" data-e-type=\"column\">\n\t\t\t<div class=\"elementor-widget-wrap\">\n\t\t\t\t\t\t\t<\/div>\n\t\t<\/div>\n\t\t\t\t\t<\/div>\n\t\t<\/section>\n\t\t\t\t<section class=\"elementor-section elementor-top-section elementor-element elementor-element-60141e9 elementor-section-boxed elementor-section-height-default elementor-section-height-default\" data-id=\"60141e9\" data-element_type=\"section\" data-e-type=\"section\">\n\t\t\t\t\t\t<div class=\"elementor-container elementor-column-gap-default\">\n\t\t\t\t\t<div class=\"elementor-column elementor-col-100 elementor-top-column elementor-element elementor-element-f3cd756\" data-id=\"f3cd756\" data-element_type=\"column\" data-e-type=\"column\">\n\t\t\t<div class=\"elementor-widget-wrap elementor-element-populated\">\n\t\t\t\t\t\t<div class=\"elementor-element elementor-element-247ff52 elementor-widget elementor-widget-heading\" data-id=\"247ff52\" data-element_type=\"widget\" data-e-type=\"widget\" data-widget_type=\"heading.default\">\n\t\t\t\t<div class=\"elementor-widget-container\">\n\t\t\t\t\t<h5 class=\"elementor-heading-title elementor-size-default\">Bir kurulu\u015f Dayan\u0131\u015fma Projesini nas\u0131l uygulayabilir?<\/h5>\t\t\t\t<\/div>\n\t\t\t\t<\/div>\n\t\t\t\t<div class=\"elementor-element elementor-element-352b56f elementor-widget elementor-widget-text-editor\" data-id=\"352b56f\" data-element_type=\"widget\" data-e-type=\"widget\" data-widget_type=\"text-editor.default\">\n\t\t\t\t<div class=\"elementor-widget-container\">\n\t\t\t\t\t\t\t\t\t<p>Bu eylem, K\u0131br\u0131s&#8217;taki kurulu\u015flar\u0131n proaktif gen\u00e7lerden olu\u015fan gruplar\u0131n Dayan\u0131\u015fma Projesi finansman\u0131na ba\u015fvurmalar\u0131na ve bu grup gen\u00e7leri kendi projeleri arac\u0131l\u0131\u011f\u0131yla desteklemelerine yard\u0131mc\u0131 olmalar\u0131n\u0131 sa\u011flar.<\/p><p>Bu nedenle, bir gen\u00e7lik grubu deneyimli bir kurulu\u015fla (sivil toplum, kamu veya \u00f6zel) \u00e7al\u0131\u015fmay\u0131 ve gen\u00e7lik grubu ad\u0131na fon ba\u015fvurusunda bulunmay\u0131 tercih edebilir.<\/p>\t\t\t\t\t\t\t\t<\/div>\n\t\t\t\t<\/div>\n\t\t\t\t\t<\/div>\n\t\t<\/div>\n\t\t\t\t\t<\/div>\n\t\t<\/section>\n\t\t\t\t<section class=\"elementor-section elementor-top-section elementor-element elementor-element-0364381 elementor-section-boxed elementor-section-height-default elementor-section-height-default\" data-id=\"0364381\" data-element_type=\"section\" data-e-type=\"section\">\n\t\t\t\t\t\t<div class=\"elementor-container elementor-column-gap-default\">\n\t\t\t\t\t<div class=\"elementor-column elementor-col-100 elementor-top-column elementor-element elementor-element-66fb3e5\" data-id=\"66fb3e5\" data-element_type=\"column\" data-e-type=\"column\">\n\t\t\t<div class=\"elementor-widget-wrap\">\n\t\t\t\t\t\t\t<\/div>\n\t\t<\/div>\n\t\t\t\t\t<\/div>\n\t\t<\/section>\n\t\t\t\t<section class=\"elementor-section elementor-top-section elementor-element elementor-element-54f05a2 elementor-section-boxed elementor-section-height-default elementor-section-height-default\" data-id=\"54f05a2\" data-element_type=\"section\" data-e-type=\"section\">\n\t\t\t\t\t\t<div class=\"elementor-container elementor-column-gap-default\">\n\t\t\t\t\t<div class=\"elementor-column elementor-col-100 elementor-top-column elementor-element elementor-element-b2c7356\" data-id=\"b2c7356\" data-element_type=\"column\" data-e-type=\"column\">\n\t\t\t<div class=\"elementor-widget-wrap elementor-element-populated\">\n\t\t\t\t\t\t<div class=\"elementor-element elementor-element-509d9aa elementor-widget elementor-widget-heading\" data-id=\"509d9aa\" data-element_type=\"widget\" data-e-type=\"widget\" data-widget_type=\"heading.default\">\n\t\t\t\t<div class=\"elementor-widget-container\">\n\t\t\t\t\t<h5 class=\"elementor-heading-title elementor-size-default\">Bir proje na kadar s\u00fcrebilir?<\/h5>\t\t\t\t<\/div>\n\t\t\t\t<\/div>\n\t\t\t\t<div class=\"elementor-element elementor-element-8ae9119 elementor-widget elementor-widget-text-editor\" data-id=\"8ae9119\" data-element_type=\"widget\" data-e-type=\"widget\" data-widget_type=\"text-editor.default\">\n\t\t\t\t<div class=\"elementor-widget-container\">\n\t\t\t\t\t\t\t\t\t<p>Bir proje <strong>iki (2) ila on iki (12) ay<\/strong> aras\u0131nda s\u00fcrebilir<\/p>\t\t\t\t\t\t\t\t<\/div>\n\t\t\t\t<\/div>\n\t\t\t\t\t<\/div>\n\t\t<\/div>\n\t\t\t\t\t<\/div>\n\t\t<\/section>\n\t\t\t\t<section class=\"elementor-section elementor-top-section elementor-element elementor-element-3d8d2cb elementor-section-boxed elementor-section-height-default elementor-section-height-default\" data-id=\"3d8d2cb\" data-element_type=\"section\" data-e-type=\"section\">\n\t\t\t\t\t\t<div class=\"elementor-container elementor-column-gap-default\">\n\t\t\t\t\t<div class=\"elementor-column elementor-col-100 elementor-top-column elementor-element elementor-element-8dc9b7a\" data-id=\"8dc9b7a\" data-element_type=\"column\" data-e-type=\"column\">\n\t\t\t<div class=\"elementor-widget-wrap\">\n\t\t\t\t\t\t\t<\/div>\n\t\t<\/div>\n\t\t\t\t\t<\/div>\n\t\t<\/section>\n\t\t\t\t<section class=\"elementor-section elementor-top-section elementor-element elementor-element-574eadc elementor-section-boxed elementor-section-height-default elementor-section-height-default\" data-id=\"574eadc\" data-element_type=\"section\" data-e-type=\"section\">\n\t\t\t\t\t\t<div class=\"elementor-container elementor-column-gap-default\">\n\t\t\t\t\t<div class=\"elementor-column elementor-col-100 elementor-top-column elementor-element elementor-element-dbb4f8e\" data-id=\"dbb4f8e\" data-element_type=\"column\" data-e-type=\"column\">\n\t\t\t<div class=\"elementor-widget-wrap elementor-element-populated\">\n\t\t\t\t\t\t<div class=\"elementor-element elementor-element-a62fc85 elementor-widget elementor-widget-heading\" data-id=\"a62fc85\" data-element_type=\"widget\" data-e-type=\"widget\" data-widget_type=\"heading.default\">\n\t\t\t\t<div class=\"elementor-widget-container\">\n\t\t\t\t\t<h5 class=\"elementor-heading-title elementor-size-default\">Projeyi uygulamak i\u00e7in nas\u0131l bir fon sa\u011flayabiliriz?<\/h5>\t\t\t\t<\/div>\n\t\t\t\t<\/div>\n\t\t\t\t<div class=\"elementor-element elementor-element-9a8a91c elementor-widget elementor-widget-text-editor\" data-id=\"9a8a91c\" data-element_type=\"widget\" data-e-type=\"widget\" data-widget_type=\"text-editor.default\">\n\t\t\t\t<div class=\"elementor-widget-container\">\n\t\t\t\t\t\t\t\t\t<p>Gen\u00e7lik grubu i\u00e7in finansman iki (2) ila on iki (12) ay aras\u0131nda <strong>595<\/strong> Avro&#8217;dur (ayl\u0131k). Dayan\u0131\u015fma Projesinin desteklenmesi ve projenin y\u00f6netimi ve uygulanmas\u0131yla ilgili \u00e7e\u015fitli masraflarla ilgilidir.<\/p><p>Dayan\u0131\u015fma Projesi uygulayan gen\u00e7ler bir mentordan destek alabilirler ve finansman en fazla <strong>12 g\u00fcn i\u00e7in 1644 avrodur<\/strong> (g\u00fcnl\u00fck 137 avro). Gerekirse, proje ekibine daha az imkana sahip gen\u00e7lerin kat\u0131l\u0131m\u0131 veya proje i\u00e7in bir hedef grup olan daha az imkana sahip ki\u015filerin kat\u0131l\u0131m\u0131n\u0131 desteklemek i\u00e7in maliyetler de beyan edilebilir.<\/p><p>Bu fon, ekip \u00fcyelerinin toplumlar\u0131ndaki sorunlar\u0131 ele almalar\u0131na, belirli bir grubu hedeflemelerine veya yerel f\u0131rsatlar\u0131 geli\u015ftirmelerine yard\u0131mc\u0131 olurken onlara de\u011ferli bir yayg\u0131n \u00f6\u011frenme deneyimi sa\u011flayabilir.<\/p>\t\t\t\t\t\t\t\t<\/div>\n\t\t\t\t<\/div>\n\t\t\t\t\t<\/div>\n\t\t<\/div>\n\t\t\t\t\t<\/div>\n\t\t<\/section>\n\t\t\t\t<section class=\"elementor-section elementor-top-section elementor-element elementor-element-a5f4e22 elementor-section-boxed elementor-section-height-default elementor-section-height-default\" data-id=\"a5f4e22\" data-element_type=\"section\" data-e-type=\"section\">\n\t\t\t\t\t\t<div class=\"elementor-container elementor-column-gap-default\">\n\t\t\t\t\t<div class=\"elementor-column elementor-col-100 elementor-top-column elementor-element elementor-element-09de584\" data-id=\"09de584\" data-element_type=\"column\" data-e-type=\"column\">\n\t\t\t<div class=\"elementor-widget-wrap\">\n\t\t\t\t\t\t\t<\/div>\n\t\t<\/div>\n\t\t\t\t\t<\/div>\n\t\t<\/section>\n\t\t\t\t<section class=\"elementor-section elementor-top-section elementor-element elementor-element-71b995f elementor-section-boxed elementor-section-height-default elementor-section-height-default\" data-id=\"71b995f\" data-element_type=\"section\" data-e-type=\"section\">\n\t\t\t\t\t\t<div class=\"elementor-container elementor-column-gap-default\">\n\t\t\t\t\t<div class=\"elementor-column elementor-col-100 elementor-top-column elementor-element elementor-element-d391021\" data-id=\"d391021\" data-element_type=\"column\" data-e-type=\"column\">\n\t\t\t<div class=\"elementor-widget-wrap elementor-element-populated\">\n\t\t\t\t\t\t<div class=\"elementor-element elementor-element-7c93a7b elementor-widget elementor-widget-heading\" data-id=\"7c93a7b\" data-element_type=\"widget\" data-e-type=\"widget\" data-widget_type=\"heading.default\">\n\t\t\t\t<div class=\"elementor-widget-container\">\n\t\t\t\t\t<h5 class=\"elementor-heading-title elementor-size-default\">Ba\u015fvurmadan \u00f6nce ne yapmam\u0131z gerekiyor?<\/h5>\t\t\t\t<\/div>\n\t\t\t\t<\/div>\n\t\t\t\t\t<\/div>\n\t\t<\/div>\n\t\t\t\t\t<\/div>\n\t\t<\/section>\n\t\t\t\t<section class=\"elementor-section elementor-top-section elementor-element elementor-element-f197080 elementor-section-boxed elementor-section-height-default elementor-section-height-default\" data-id=\"f197080\" data-element_type=\"section\" data-e-type=\"section\">\n\t\t\t\t\t\t<div class=\"elementor-container elementor-column-gap-default\">\n\t\t\t\t\t<div class=\"elementor-column elementor-col-100 elementor-top-column elementor-element elementor-element-ecdd49d\" data-id=\"ecdd49d\" data-element_type=\"column\" data-e-type=\"column\">\n\t\t\t<div class=\"elementor-widget-wrap elementor-element-populated\">\n\t\t\t\t\t\t<div class=\"elementor-element elementor-element-22e3d87 elementor-icon-list--layout-traditional elementor-list-item-link-full_width elementor-widget elementor-widget-icon-list\" data-id=\"22e3d87\" data-element_type=\"widget\" data-e-type=\"widget\" data-widget_type=\"icon-list.default\">\n\t\t\t\t<div class=\"elementor-widget-container\">\n\t\t\t\t\t\t\t<ul class=\"elementor-icon-list-items\">\n\t\t\t\t\t\t\t<li class=\"elementor-icon-list-item\">\n\t\t\t\t\t\t\t\t\t\t\t<span class=\"elementor-icon-list-icon\">\n\t\t\t\t\t\t\t<i aria-hidden=\"true\" class=\"fas fa-cubes\"><\/i>\t\t\t\t\t\t<\/span>\n\t\t\t\t\t\t\t\t\t\t<span class=\"elementor-icon-list-text\">Ekibinizi organize edin<\/span>\n\t\t\t\t\t\t\t\t\t<\/li>\n\t\t\t\t\t\t\t\t<li class=\"elementor-icon-list-item\">\n\t\t\t\t\t\t\t\t\t\t\t<a href=\"https:\/\/webgate.ec.europa.eu\/cas\/eim\/external\/register.cgi\" target=\"_blank\" eu=\"\">\n\n\t\t\t\t\t\t\t\t\t\t\t\t<span class=\"elementor-icon-list-icon\">\n\t\t\t\t\t\t\t<i aria-hidden=\"true\" class=\"fas fa-users\"><\/i>\t\t\t\t\t\t<\/span>\n\t\t\t\t\t\t\t\t\t\t<span class=\"elementor-icon-list-text\">EULogin Hesab\u0131 Olu\u015fturun<\/span>\n\t\t\t\t\t\t\t\t\t\t\t<\/a>\n\t\t\t\t\t\t\t\t\t<\/li>\n\t\t\t\t\t\t\t\t<li class=\"elementor-icon-list-item\">\n\t\t\t\t\t\t\t\t\t\t\t<a href=\"https:\/\/europa.eu\/youth\/solidarity\/register\/check_el\" target=\"_blank\" european=\"\">\n\n\t\t\t\t\t\t\t\t\t\t\t\t<span class=\"elementor-icon-list-icon\">\n\t\t\t\t\t\t\t<i aria-hidden=\"true\" class=\"fas fa-registered\"><\/i>\t\t\t\t\t\t<\/span>\n\t\t\t\t\t\t\t\t\t\t<span class=\"elementor-icon-list-text\">Avrupa Dayan\u0131\u015fma Birli\u011fi portal\u0131na kaydolun<\/span>\n\t\t\t\t\t\t\t\t\t\t\t<\/a>\n\t\t\t\t\t\t\t\t\t<\/li>\n\t\t\t\t\t\t\t\t<li class=\"elementor-icon-list-item\">\n\t\t\t\t\t\t\t\t\t\t\t<a href=\"https:\/\/webgate.ec.europa.eu\/erasmus-esc\/organisation-registration\/screen\/home\">\n\n\t\t\t\t\t\t\t\t\t\t\t\t<span class=\"elementor-icon-list-icon\">\n\t\t\t\t\t\t\t<i aria-hidden=\"true\" class=\"far fa-id-card\"><\/i>\t\t\t\t\t\t<\/span>\n\t\t\t\t\t\t\t\t\t\t<span class=\"elementor-icon-list-text\">Grubunuz i\u00e7in bir kimlik kodu al\u0131n (OID)<\/span>\n\t\t\t\t\t\t\t\t\t\t\t<\/a>\n\t\t\t\t\t\t\t\t\t<\/li>\n\t\t\t\t\t\t\t\t<li class=\"elementor-icon-list-item\">\n\t\t\t\t\t\t\t\t\t\t\t<span class=\"elementor-icon-list-icon\">\n\t\t\t\t\t\t\t<i aria-hidden=\"true\" class=\"fas fa-search\"><\/i>\t\t\t\t\t\t<\/span>\n\t\t\t\t\t\t\t\t\t\t<span class=\"elementor-icon-list-text\">Ara\u015ft\u0131rman\u0131z\u0131 yap\u0131n<\/span>\n\t\t\t\t\t\t\t\t\t<\/li>\n\t\t\t\t\t\t\t\t<li class=\"elementor-icon-list-item\">\n\t\t\t\t\t\t\t\t\t\t\t<span class=\"elementor-icon-list-icon\">\n\t\t\t\t\t\t\t<i aria-hidden=\"true\" class=\"fas fa-shapes\"><\/i>\t\t\t\t\t\t<\/span>\n\t\t\t\t\t\t\t\t\t\t<span class=\"elementor-icon-list-text\">Projenizi geli\u015ftirin<\/span>\n\t\t\t\t\t\t\t\t\t<\/li>\n\t\t\t\t\t\t\t\t<li class=\"elementor-icon-list-item\">\n\t\t\t\t\t\t\t\t\t\t\t<a href=\"https:\/\/webgate.ec.europa.eu\/app-forms\/af-ui-opportunities\/#\/european-solidarity-corps\" target=\"_blank\">\n\n\t\t\t\t\t\t\t\t\t\t\t\t<span class=\"elementor-icon-list-icon\">\n\t\t\t\t\t\t\t<i aria-hidden=\"true\" class=\"fas fa-check\"><\/i>\t\t\t\t\t\t<\/span>\n\t\t\t\t\t\t\t\t\t\t<span class=\"elementor-icon-list-text\">Ba\u015fvurunuzu g\u00f6nderin<\/span>\n\t\t\t\t\t\t\t\t\t\t\t<\/a>\n\t\t\t\t\t\t\t\t\t<\/li>\n\t\t\t\t\t\t<\/ul>\n\t\t\t\t\t\t<\/div>\n\t\t\t\t<\/div>\n\t\t\t\t\t<\/div>\n\t\t<\/div>\n\t\t\t\t\t<\/div>\n\t\t<\/section>\n\t\t\t\t<section class=\"elementor-section elementor-top-section elementor-element elementor-element-f78a23f elementor-section-boxed elementor-section-height-default elementor-section-height-default\" data-id=\"f78a23f\" data-element_type=\"section\" data-e-type=\"section\">\n\t\t\t\t\t\t<div class=\"elementor-container elementor-column-gap-default\">\n\t\t\t\t\t<div class=\"elementor-column elementor-col-100 elementor-top-column elementor-element elementor-element-38829cf\" data-id=\"38829cf\" data-element_type=\"column\" data-e-type=\"column\">\n\t\t\t<div class=\"elementor-widget-wrap\">\n\t\t\t\t\t\t\t<\/div>\n\t\t<\/div>\n\t\t\t\t\t<\/div>\n\t\t<\/section>\n\t\t\t\t<section class=\"elementor-section elementor-top-section elementor-element elementor-element-2a4592f elementor-section-boxed elementor-section-height-default elementor-section-height-default\" data-id=\"2a4592f\" data-element_type=\"section\" data-e-type=\"section\">\n\t\t\t\t\t\t<div class=\"elementor-container elementor-column-gap-default\">\n\t\t\t\t\t<div class=\"elementor-column elementor-col-100 elementor-top-column elementor-element elementor-element-f9c4062\" data-id=\"f9c4062\" data-element_type=\"column\" data-e-type=\"column\">\n\t\t\t<div class=\"elementor-widget-wrap elementor-element-populated\">\n\t\t\t\t\t\t<div class=\"elementor-element elementor-element-f4c8404 elementor-widget elementor-widget-heading\" data-id=\"f4c8404\" data-element_type=\"widget\" data-e-type=\"widget\" data-widget_type=\"heading.default\">\n\t\t\t\t<div class=\"elementor-widget-container\">\n\t\t\t\t\t<h5 class=\"elementor-heading-title elementor-size-default\">Nas\u0131l ba\u015fvurabiliriz?<\/h5>\t\t\t\t<\/div>\n\t\t\t\t<\/div>\n\t\t\t\t<div class=\"elementor-element elementor-element-b6a49b7 elementor-widget elementor-widget-text-editor\" data-id=\"b6a49b7\" data-element_type=\"widget\" data-e-type=\"widget\" data-widget_type=\"text-editor.default\">\n\t\t\t\t<div class=\"elementor-widget-container\">\n\t\t\t\t\t\t\t\t\t<p>Dayan\u0131\u015fma Projelerine ba\u015fvurmak basit bir s\u00fcre\u00e7tir ve \u00e7evrimi\u00e7i formlar arac\u0131l\u0131\u011f\u0131yla yap\u0131l\u0131r. Ba\u015fvuru, Hayat Boyu \u00d6\u011frenme Vakf\u0131 (IDEP) taraf\u0131ndan de\u011ferlendirilecektir.<\/p><p>Ba\u015fvuru, gen\u00e7lik grubu ad\u0131na kurulu\u015f taraf\u0131ndan yap\u0131labilir.<\/p><p>Ba\u015fvuru formunda, bu projeyi neden y\u00fcr\u00fctmek istedi\u011finiz, topluma nas\u0131l fayda sa\u011flayaca\u011f\u0131 ve fikri haz\u0131rlarken ve uygularken hangi faaliyetleri ger\u00e7ekle\u015ftirmeyi planlad\u0131\u011f\u0131n\u0131z gibi sorular sorulacakt\u0131r.<\/p>\t\t\t\t\t\t\t\t<\/div>\n\t\t\t\t<\/div>\n\t\t\t\t\t<\/div>\n\t\t<\/div>\n\t\t\t\t\t<\/div>\n\t\t<\/section>\n\t\t\t\t<section class=\"elementor-section elementor-top-section elementor-element elementor-element-73d8916 elementor-section-boxed elementor-section-height-default elementor-section-height-default\" data-id=\"73d8916\" data-element_type=\"section\" data-e-type=\"section\">\n\t\t\t\t\t\t<div class=\"elementor-container elementor-column-gap-default\">\n\t\t\t\t\t<div class=\"elementor-column elementor-col-100 elementor-top-column elementor-element elementor-element-6aa74e4\" data-id=\"6aa74e4\" data-element_type=\"column\" data-e-type=\"column\">\n\t\t\t<div class=\"elementor-widget-wrap\">\n\t\t\t\t\t\t\t<\/div>\n\t\t<\/div>\n\t\t\t\t\t<\/div>\n\t\t<\/section>\n\t\t\t\t<section class=\"elementor-section elementor-top-section elementor-element elementor-element-edfcb89 elementor-section-boxed elementor-section-height-default elementor-section-height-default\" data-id=\"edfcb89\" data-element_type=\"section\" data-e-type=\"section\">\n\t\t\t\t\t\t<div class=\"elementor-container elementor-column-gap-default\">\n\t\t\t\t\t<div class=\"elementor-column elementor-col-100 elementor-top-column elementor-element elementor-element-51a4d50\" data-id=\"51a4d50\" data-element_type=\"column\" data-e-type=\"column\">\n\t\t\t<div class=\"elementor-widget-wrap elementor-element-populated\">\n\t\t\t\t\t\t<div class=\"elementor-element elementor-element-62fa9fb elementor-widget elementor-widget-heading\" data-id=\"62fa9fb\" data-element_type=\"widget\" data-e-type=\"widget\" data-widget_type=\"heading.default\">\n\t\t\t\t<div class=\"elementor-widget-container\">\n\t\t\t\t\t<h5 class=\"elementor-heading-title elementor-size-default\">Son ba\u015fvuru tarihi ne zaman?<\/h5>\t\t\t\t<\/div>\n\t\t\t\t<\/div>\n\t\t\t\t<div class=\"elementor-element elementor-element-3367760 elementor-widget elementor-widget-text-editor\" data-id=\"3367760\" data-element_type=\"widget\" data-e-type=\"widget\" data-widget_type=\"text-editor.default\">\n\t\t\t\t<div class=\"elementor-widget-container\">\n\t\t\t\t\t\t\t\t\t<table border=\"0\" cellspacing=\"0\" cellpadding=\"0\" class=\"table-format\">\n  <tr>\n    <td><p><strong>Eylem <\/strong><\/p><\/td>\n    <td><p><strong>Son Ba\u015fvuru Tarihi <\/strong><\/p><\/td>\n    <td><p><strong>\u0393\u03b9\u03b1 \u03c3\u03c7\u03ad\u03b4\u03b9\u03b1 \u03c0\u03bf\u03c5    \u03be\u03b5\u03ba\u03b9\u03bd\u03bf\u03cd\u03bd<\/strong><\/p><\/td> \n  <\/tr>\n  <tr>\n    <td rowspan=\"2\"><p><strong>Dayan\u0131\u015fma Projeleri<\/strong><\/p><\/td>\n    <td><p>Ayn\u0131 Y\u0131l\u0131n 20 \u015eubat g\u00fcn\u00fc <\/p><\/td>\n    <td><p>1 \u0399\u03bf\u03c5\u03bd\u03af\u03bf\u03c5 \u2013&nbsp; 31    \u0394\u03b5\u03ba\u03b5\u03bc\u03b2\u03c1\u03af\u03bf\u03c5 \u03c4\u03bf\u03c5 \u03b9\u03b4\u03af\u03bf\u03c5 \u03ad\u03c4\u03bf\u03c5\u03c2<\/p><\/td>\n  <\/tr>\n  <tr>\n    <td><p>Ayn\u0131 y\u0131l\u0131n 1 Ekim g\u00fcn\u00fc <\/p><\/td>\n    <td><p>1 \u0399\u03b1\u03bd\u03bf\u03c5\u03b1\u03c1\u03af\u03bf\u03c5 \u2013&nbsp; 31    \u039c\u03ac\u03ca\u03bf\u03c5 \u03c4\u03bf\u03c5 \u03b5\u03c0\u03cc\u03bc\u03b5\u03bd\u03bf\u03c5 \u03ad\u03c4\u03bf\u03c5\u03c2<\/p><\/td>\n  <\/tr>\n<\/table>\n\t\t\t\t\t\t\t\t<\/div>\n\t\t\t\t<\/div>\n\t\t\t\t\t<\/div>\n\t\t<\/div>\n\t\t\t\t\t<\/div>\n\t\t<\/section>\n\t\t\t\t<\/div>\n\t\t","protected":false},"excerpt":{"rendered":"<p>Dayan\u0131\u015fma Projesi nedir? Dayan\u0131\u015fma Projesi, \u00fclke i\u00e7inde 2 ila 12 ayl\u0131k bir s\u00fcre boyunca en az 5 gen\u00e7 taraf\u0131ndan ba\u015flat\u0131lan, geli\u015ftirilen ve uygulanan bir dayan\u0131\u015fma faaliyetidir. Gen\u00e7ler dayan\u0131\u015fmalar\u0131n\u0131 ifade etmek, inisiyatif almak ve yerel topluluklar\u0131nda olumlu de\u011fi\u015fim yaratmak i\u00e7in e\u015fsiz&#8230;<\/p>\n","protected":false},"author":1,"featured_media":0,"parent":18236,"menu_order":61,"comment_status":"closed","ping_status":"closed","template":"","meta":{"footnotes":"","_links_to":"","_links_to_target":""},"class_list":["post-18238","page","type-page","status-publish","hentry"],"_links":{"self":[{"href":"https:\/\/esc.idep.org.cy\/tr\/wp-json\/wp\/v2\/pages\/18238","targetHints":{"allow":["GET"]}}],"collection":[{"href":"https:\/\/esc.idep.org.cy\/tr\/wp-json\/wp\/v2\/pages"}],"about":[{"href":"https:\/\/esc.idep.org.cy\/tr\/wp-json\/wp\/v2\/types\/page"}],"author":[{"embeddable":true,"href":"https:\/\/esc.idep.org.cy\/tr\/wp-json\/wp\/v2\/users\/1"}],"replies":[{"embeddable":true,"href":"https:\/\/esc.idep.org.cy\/tr\/wp-json\/wp\/v2\/comments?post=18238"}],"version-history":[{"count":4,"href":"https:\/\/esc.idep.org.cy\/tr\/wp-json\/wp\/v2\/pages\/18238\/revisions"}],"predecessor-version":[{"id":18436,"href":"https:\/\/esc.idep.org.cy\/tr\/wp-json\/wp\/v2\/pages\/18238\/revisions\/18436"}],"up":[{"embeddable":true,"href":"https:\/\/esc.idep.org.cy\/tr\/wp-json\/wp\/v2\/pages\/18236"}],"wp:attachment":[{"href":"https:\/\/esc.idep.org.cy\/tr\/wp-json\/wp\/v2\/media?parent=18238"}],"curies":[{"name":"wp","href":"https:\/\/api.w.org\/{rel}","templated":true}]}}