{"id":18244,"date":"2024-09-20T16:31:22","date_gmt":"2024-09-20T13:31:22","guid":{"rendered":"https:\/\/esc.idep.org.cy\/?page_id=18244"},"modified":"2024-09-23T12:30:23","modified_gmt":"2024-09-23T09:30:23","slug":"european-solidarity-corps-2021-2027","status":"publish","type":"page","link":"https:\/\/esc.idep.org.cy\/tr\/european-solidarity-corps\/european-solidarity-corps-2021-2027\/","title":{"rendered":"Avrupa Dayan\u0131\u015fma Program\u0131 2021-2027"},"content":{"rendered":"\t\t<div data-elementor-type=\"wp-page\" data-elementor-id=\"18244\" class=\"elementor elementor-18244 elementor-17906\">\n\t\t\t\t\t\t<section class=\"elementor-section elementor-top-section elementor-element elementor-element-4c5390f elementor-section-boxed elementor-section-height-default elementor-section-height-default\" data-id=\"4c5390f\" data-element_type=\"section\" data-e-type=\"section\">\n\t\t\t\t\t\t<div class=\"elementor-container elementor-column-gap-default\">\n\t\t\t\t\t<div class=\"elementor-column elementor-col-100 elementor-top-column elementor-element elementor-element-3e05dd3\" data-id=\"3e05dd3\" data-element_type=\"column\" data-e-type=\"column\">\n\t\t\t<div class=\"elementor-widget-wrap elementor-element-populated\">\n\t\t\t\t\t\t<div class=\"elementor-element elementor-element-64c4ca6 elementor-widget elementor-widget-text-editor\" data-id=\"64c4ca6\" data-element_type=\"widget\" data-e-type=\"widget\" data-widget_type=\"text-editor.default\">\n\t\t\t\t<div class=\"elementor-widget-container\">\n\t\t\t\t\t\t\t\t\t<p>Avrupa Dayan\u0131\u015fma Program\u0131, 18-30 ya\u015f aras\u0131 gen\u00e7lere kendi \u00fclkelerinde ya da yurtd\u0131\u015f\u0131nda g\u00f6n\u00fcll\u00fc olmalar\u0131 ve Avrupa&#8217;daki toplumlara fayda sa\u011flayacak kendi <strong>dayan\u0131\u015fma projelerini<\/strong> hayata ge\u00e7irmeleri i\u00e7in e\u015fsiz f\u0131rsatlar sunan \u00f6nc\u00fc bir Avrupa Birli\u011fi program\u0131d\u0131r.<\/p><p>Avrupa Dayan\u0131\u015fma Program\u0131 kapsam\u0131nda sunulan faaliyetler, \u00e7evrenin korunmas\u0131, k\u00fclt\u00fcrel tan\u0131t\u0131m, do\u011fal afetlerin \u00f6nlenmesi veya afet kurtarma, s\u0131\u011f\u0131nmac\u0131 merkezlerine yard\u0131m veya di\u011fer \u00e7e\u015fitli sosyal sorunlar\u0131n ele al\u0131nmas\u0131 gibi bir\u00e7ok alanla ilgilidir.<\/p><p>Program dayan\u0131\u015fmay\u0131, sosyal uyumu ve kat\u0131l\u0131mc\u0131lar\u0131n ki\u015fisel geli\u015fimini vurgulayarak onlar\u0131 yeni beceriler edinmeye, yeni k\u00fclt\u00fcrler \u00f6\u011frenmeye ve kamu yarar\u0131 i\u00e7in hareket etmeye te\u015fvik etmektedir.<\/p><p>Bu faaliyetler sayesinde kat\u0131l\u0131mc\u0131lar yeni beceriler geli\u015ftirmekte, farkl\u0131 k\u00fclt\u00fcrel ba\u011flamlarda deneyim kazanmakta ve dayan\u0131\u015fma ve sosyal sorumluluk duygular\u0131n\u0131 g\u00fc\u00e7lendirmektedir.<\/p><p>Kamu yarar\u0131 i\u00e7in hareket eden gen\u00e7lerden olu\u015fan bu dinamik toplulu\u011fa kat\u0131l\u0131n ve sizi zenginle\u015ftirecek ve ilham verecek bir ya\u015fam deneyimi ke\u015ffedin!<\/p><p>Avrupa Dayan\u0131\u015fma Kolordusu&#8217;na kat\u0131lmak i\u00e7in Kolordunun \u00f6zel <a href=\"https:\/\/youth.europa.eu\/solidarity_el\">Online Platformuna<\/a> kay\u0131t olman\u0131z yeterlidir; b\u00f6ylece do\u011fal afetlerin \u00f6nlenmesi veya afet sonras\u0131 rehabilitasyon, s\u0131\u011f\u0131nmac\u0131 merkezlerine yard\u0131m veya di\u011fer \u00e7e\u015fitli sosyal sorunlar\u0131n ele al\u0131nmas\u0131 gibi \u00e7ok \u00e7e\u015fitli projelere kat\u0131lmak \u00fczere se\u00e7ilebilirsiniz.<\/p><p>Hayat Boyu \u00d6\u011frenme Vakf\u0131 (IDEP), Avrupa Dayan\u0131\u015fma Program\u0131&#8217;n\u0131n K\u0131br\u0131s&#8217;taki y\u00f6netiminden sorumlu Ulusal Ajans&#8217;t\u0131r.<\/p><p><strong><em><u>POLI\u0307TI\u0307KA \u00d6NCELI\u0307KLERI\u0307<\/u><\/em><\/strong><\/p>\t\t\t\t\t\t\t\t<\/div>\n\t\t\t\t<\/div>\n\t\t\t\t<div class=\"elementor-element elementor-element-77d1c82 elementor-icon-list--layout-traditional elementor-list-item-link-full_width elementor-widget elementor-widget-icon-list\" data-id=\"77d1c82\" data-element_type=\"widget\" data-e-type=\"widget\" data-widget_type=\"icon-list.default\">\n\t\t\t\t<div class=\"elementor-widget-container\">\n\t\t\t\t\t\t\t<ul class=\"elementor-icon-list-items\">\n\t\t\t\t\t\t\t<li class=\"elementor-icon-list-item\">\n\t\t\t\t\t\t\t\t\t\t\t<span class=\"elementor-icon-list-icon\">\n\t\t\t\t\t\t\t<i aria-hidden=\"true\" class=\"far fa-arrow-alt-circle-right\"><\/i>\t\t\t\t\t\t<\/span>\n\t\t\t\t\t\t\t\t\t\t<span class=\"elementor-icon-list-text\">ENTEGRASYON VE \u00c7E\u015eITLILIK<\/span>\n\t\t\t\t\t\t\t\t\t<\/li>\n\t\t\t\t\t\t\t\t<li class=\"elementor-icon-list-item\">\n\t\t\t\t\t\t\t\t\t\t\t<span class=\"elementor-icon-list-icon\">\n\t\t\t\t\t\t\t<i aria-hidden=\"true\" class=\"far fa-arrow-alt-circle-right\"><\/i>\t\t\t\t\t\t<\/span>\n\t\t\t\t\t\t\t\t\t\t<span class=\"elementor-icon-list-text\">\u00c7EVRESEL S\u00dcRD\u00dcR\u00dcLEBI\u0307LI\u0307RLI\u0307K VE I\u0307KLI\u0307M HEDEFLERI\u0307<\/span>\n\t\t\t\t\t\t\t\t\t<\/li>\n\t\t\t\t\t\t\t\t<li class=\"elementor-icon-list-item\">\n\t\t\t\t\t\t\t\t\t\t\t<span class=\"elementor-icon-list-icon\">\n\t\t\t\t\t\t\t<i aria-hidden=\"true\" class=\"far fa-arrow-alt-circle-right\"><\/i>\t\t\t\t\t\t<\/span>\n\t\t\t\t\t\t\t\t\t\t<span class=\"elementor-icon-list-text\">DI\u0307JI\u0307TAL D\u00d6N\u00dc\u015e\u00dcM<\/span>\n\t\t\t\t\t\t\t\t\t<\/li>\n\t\t\t\t\t\t\t\t<li class=\"elementor-icon-list-item\">\n\t\t\t\t\t\t\t\t\t\t\t<span class=\"elementor-icon-list-icon\">\n\t\t\t\t\t\t\t<i aria-hidden=\"true\" class=\"far fa-arrow-alt-circle-right\"><\/i>\t\t\t\t\t\t<\/span>\n\t\t\t\t\t\t\t\t\t\t<span class=\"elementor-icon-list-text\">DEMOKRATIK YA\u015eAMA KATILIM, ORTAK DE\u011eERLER VE KAMU I\u015eLERINE SIVIL KATILIM<\/span>\n\t\t\t\t\t\t\t\t\t<\/li>\n\t\t\t\t\t\t\t\t<li class=\"elementor-icon-list-item\">\n\t\t\t\t\t\t\t\t\t\t\t<span class=\"elementor-icon-list-icon\">\n\t\t\t\t\t\t\t<i aria-hidden=\"true\" class=\"far fa-arrow-alt-circle-right\"><\/i>\t\t\t\t\t\t<\/span>\n\t\t\t\t\t\t\t\t\t\t<span class=\"elementor-icon-list-text\">'HORIZONS EUROPE' PROGRAMININ MI\u0307SYONLARI<\/span>\n\t\t\t\t\t\t\t\t\t<\/li>\n\t\t\t\t\t\t\t\t<li class=\"elementor-icon-list-item\">\n\t\t\t\t\t\t\t\t\t\t\t<span class=\"elementor-icon-list-icon\">\n\t\t\t\t\t\t\t<i aria-hidden=\"true\" class=\"far fa-arrow-alt-circle-right\"><\/i>\t\t\t\t\t\t<\/span>\n\t\t\t\t\t\t\t\t\t\t<span class=\"elementor-icon-list-text\">SA\u011eLIKLI YA\u015eAM TARZLARININ VE RUH SA\u011eLI\u011eININ TE\u015eVIK EDILMESI<\/span>\n\t\t\t\t\t\t\t\t\t<\/li>\n\t\t\t\t\t\t\t\t<li class=\"elementor-icon-list-item\">\n\t\t\t\t\t\t\t\t\t\t\t<span class=\"elementor-icon-list-icon\">\n\t\t\t\t\t\t\t<i aria-hidden=\"true\" class=\"far fa-arrow-alt-circle-right\"><\/i>\t\t\t\t\t\t<\/span>\n\t\t\t\t\t\t\t\t\t\t<span class=\"elementor-icon-list-text\">YEN\u0130L\u0130K<\/span>\n\t\t\t\t\t\t\t\t\t<\/li>\n\t\t\t\t\t\t<\/ul>\n\t\t\t\t\t\t<\/div>\n\t\t\t\t<\/div>\n\t\t\t\t\t<\/div>\n\t\t<\/div>\n\t\t\t\t\t<\/div>\n\t\t<\/section>\n\t\t\t\t<\/div>\n\t\t","protected":false},"excerpt":{"rendered":"<p>Avrupa Dayan\u0131\u015fma Program\u0131, 18-30 ya\u015f aras\u0131 gen\u00e7lere kendi \u00fclkelerinde ya da yurtd\u0131\u015f\u0131nda g\u00f6n\u00fcll\u00fc olmalar\u0131 ve Avrupa&#8217;daki toplumlara fayda sa\u011flayacak kendi dayan\u0131\u015fma projelerini hayata ge\u00e7irmeleri i\u00e7in e\u015fsiz f\u0131rsatlar sunan \u00f6nc\u00fc bir Avrupa Birli\u011fi program\u0131d\u0131r. Avrupa Dayan\u0131\u015fma Program\u0131 kapsam\u0131nda sunulan faaliyetler, \u00e7evrenin&#8230;<\/p>\n","protected":false},"author":1,"featured_media":0,"parent":18243,"menu_order":6,"comment_status":"closed","ping_status":"closed","template":"","meta":{"footnotes":"","_links_to":"","_links_to_target":""},"class_list":["post-18244","page","type-page","status-publish","hentry"],"_links":{"self":[{"href":"https:\/\/esc.idep.org.cy\/tr\/wp-json\/wp\/v2\/pages\/18244","targetHints":{"allow":["GET"]}}],"collection":[{"href":"https:\/\/esc.idep.org.cy\/tr\/wp-json\/wp\/v2\/pages"}],"about":[{"href":"https:\/\/esc.idep.org.cy\/tr\/wp-json\/wp\/v2\/types\/page"}],"author":[{"embeddable":true,"href":"https:\/\/esc.idep.org.cy\/tr\/wp-json\/wp\/v2\/users\/1"}],"replies":[{"embeddable":true,"href":"https:\/\/esc.idep.org.cy\/tr\/wp-json\/wp\/v2\/comments?post=18244"}],"version-history":[{"count":5,"href":"https:\/\/esc.idep.org.cy\/tr\/wp-json\/wp\/v2\/pages\/18244\/revisions"}],"predecessor-version":[{"id":18470,"href":"https:\/\/esc.idep.org.cy\/tr\/wp-json\/wp\/v2\/pages\/18244\/revisions\/18470"}],"up":[{"embeddable":true,"href":"https:\/\/esc.idep.org.cy\/tr\/wp-json\/wp\/v2\/pages\/18243"}],"wp:attachment":[{"href":"https:\/\/esc.idep.org.cy\/tr\/wp-json\/wp\/v2\/media?parent=18244"}],"curies":[{"name":"wp","href":"https:\/\/api.w.org\/{rel}","templated":true}]}}