{"id":18247,"date":"2024-09-20T16:31:32","date_gmt":"2024-09-20T13:31:32","guid":{"rendered":"https:\/\/esc.idep.org.cy\/?page_id=18247"},"modified":"2024-09-23T11:43:33","modified_gmt":"2024-09-23T08:43:33","slug":"networking-opportunities-net","status":"publish","type":"page","link":"https:\/\/esc.idep.org.cy\/tr\/european-solidarity-corps\/networking-opportunities-net\/","title":{"rendered":"A\u011f olu\u015fturma f\u0131rsatlar\u0131 (NET)"},"content":{"rendered":"\t\t<div data-elementor-type=\"wp-page\" data-elementor-id=\"18247\" class=\"elementor elementor-18247 elementor-13490\">\n\t\t\t\t\t\t<section class=\"elementor-section elementor-top-section elementor-element elementor-element-4b7cce1 elementor-section-boxed elementor-section-height-default elementor-section-height-default\" data-id=\"4b7cce1\" data-element_type=\"section\" data-e-type=\"section\">\n\t\t\t\t\t\t<div class=\"elementor-container elementor-column-gap-default\">\n\t\t\t\t\t<div class=\"elementor-column elementor-col-100 elementor-top-column elementor-element elementor-element-ea574cc\" data-id=\"ea574cc\" data-element_type=\"column\" data-e-type=\"column\">\n\t\t\t<div class=\"elementor-widget-wrap elementor-element-populated\">\n\t\t\t\t\t\t<div class=\"elementor-element elementor-element-79e0f65 elementor-widget elementor-widget-heading\" data-id=\"79e0f65\" data-element_type=\"widget\" data-e-type=\"widget\" data-widget_type=\"heading.default\">\n\t\t\t\t<div class=\"elementor-widget-container\">\n\t\t\t\t\t<h2 class=\"elementor-heading-title elementor-size-default\">A\u011f olu\u015fturma f\u0131rsatlar\u0131 (NET)<\/h2>\t\t\t\t<\/div>\n\t\t\t\t<\/div>\n\t\t\t\t\t<\/div>\n\t\t<\/div>\n\t\t\t\t\t<\/div>\n\t\t<\/section>\n\t\t\t\t<section class=\"elementor-section elementor-top-section elementor-element elementor-element-3ecb73f elementor-section-boxed elementor-section-height-default elementor-section-height-default\" data-id=\"3ecb73f\" data-element_type=\"section\" data-e-type=\"section\">\n\t\t\t\t\t\t<div class=\"elementor-container elementor-column-gap-default\">\n\t\t\t\t\t<div class=\"elementor-column elementor-col-100 elementor-top-column elementor-element elementor-element-65a4b24\" data-id=\"65a4b24\" data-element_type=\"column\" data-e-type=\"column\">\n\t\t\t<div class=\"elementor-widget-wrap elementor-element-populated\">\n\t\t\t\t\t\t<div class=\"elementor-element elementor-element-3327784 elementor-widget elementor-widget-text-editor\" data-id=\"3327784\" data-element_type=\"widget\" data-e-type=\"widget\" data-widget_type=\"text-editor.default\">\n\t\t\t\t<div class=\"elementor-widget-container\">\n\t\t\t\t\t\t\t\t\t<p>A\u011f Olu\u015fturma Faaliyetleri (Networking Activities)<\/p><p>A\u011f Olu\u015fturma Faaliyetleri, Program\u0131n uygulama kalitesini ve daha geni\u015f toplum \u00fczerindeki etkisini art\u0131rmak amac\u0131yla Ulusal Ajanslar\u0131n Avrupa Dayan\u0131\u015fma Birli\u011finin hedef ve \u00f6nceliklerini tan\u0131tmalar\u0131 i\u00e7in bir ara\u00e7t\u0131r.<\/p><p><strong>A\u011f Olu\u015fturma Faaliyetleri \u015funlar\u0131 ama\u00e7lamaktad\u0131r:<\/strong><\/p><ul><li><strong>Avrupa Dayan\u0131\u015fma Program\u0131&#8217;n\u0131n (ESF) nitelikli bir \u015fekilde uygulanmas\u0131 ve kurulu\u015flar\u0131n ve bireylerin bu Programa kat\u0131lmak \u00fczere harekete ge\u00e7irilmesi<\/strong><\/li><li><strong>Program\u0131n etkisini art\u0131rmak i\u00e7in ESF kat\u0131l\u0131mc\u0131lar\u0131 aras\u0131nda bir topluluk geli\u015ftirmek,<\/strong><\/li><li><strong>Onaylanm\u0131\u015f kurum\/kurulu\u015flar\u0131n ESF kat\u0131l\u0131mc\u0131lar\u0131na \u00e7e\u015fitli ve kaliteli faaliyetler sunma kapasitesini geli\u015ftirmek.<\/strong><\/li><\/ul><p><strong>Kim kat\u0131labilir? <\/strong><\/p><p>&#8211; EES veri taban\u0131na kay\u0131tl\u0131 olan ve bu Program kapsam\u0131ndaki ilgili faaliyetleri halihaz\u0131rda uygulam\u0131\u015f veya uygulamakla ilgilenen gen\u00e7ler,<\/p><p>&#8211; \u00f6\u011frenciler, g\u00f6n\u00fcll\u00fcler, stajyerler, \u00f6\u011fretmenler, ment\u00f6rler, gen\u00e7lik \u00e7al\u0131\u015fanlar\u0131,<\/p><p>&#8211; EES alanlar\u0131nda faaliyet g\u00f6steren kurulu\u015flar (kamu ve \u00f6zel sekt\u00f6r, sosyal giri\u015fimler, STK&#8217;lar ve di\u011ferleri),<\/p><p>&#8211; EES sekt\u00f6rlerinde \u00e7arpan olarak hareket edebilecek kurumlar.<strong>Ajanstan ne t\u00fcr destek alaca\u011f\u0131m? <\/strong><\/p><p>Se\u00e7ilmeniz halinde, \u00fclkenizin Ulusal Ajans\u0131 (Avrupa Hayatboyu \u00d6\u011frenme Program\u0131 Y\u00f6netim Vakf\u0131 -IDEP) seyahat masraflar\u0131n\u0131z\u0131n bir k\u0131sm\u0131n\u0131 (u\u00e7ak bileti, otob\u00fcs bileti vb.) kar\u015f\u0131layacak, organizat\u00f6rler ise konaklama ve yemek masraflar\u0131n\u0131z\u0131 kar\u015f\u0131layacakt\u0131r.<\/p><p><strong>Nas\u0131l kat\u0131labilirim? <\/strong><\/p><ul><li><a href=\"https:\/\/www.salto-youth.net\/\">SALTO<\/a> web sitesinden kay\u0131t olun,<\/li><li>A\u015fa\u011f\u0131da yay\u0131nlanan takvim s\u0131ras\u0131na g\u00f6re mevcut f\u0131rsatlar listesinden ilgilendi\u011finiz faaliyeti se\u00e7in ve ba\u015fvurunuzu \u00e7evrimi\u00e7i olarak g\u00f6nderin.<\/li><\/ul>\t\t\t\t\t\t\t\t<\/div>\n\t\t\t\t<\/div>\n\t\t\t\t\t<\/div>\n\t\t<\/div>\n\t\t\t\t\t<\/div>\n\t\t<\/section>\n\t\t\t\t<section class=\"elementor-section elementor-top-section elementor-element elementor-element-f043f29 elementor-section-boxed elementor-section-height-default elementor-section-height-default\" data-id=\"f043f29\" data-element_type=\"section\" data-e-type=\"section\">\n\t\t\t\t\t\t<div class=\"elementor-container elementor-column-gap-default\">\n\t\t\t\t\t<div class=\"elementor-column elementor-col-100 elementor-top-column elementor-element elementor-element-a56c438\" data-id=\"a56c438\" data-element_type=\"column\" data-e-type=\"column\">\n\t\t\t<div class=\"elementor-widget-wrap elementor-element-populated\">\n\t\t\t\t\t\t<div class=\"elementor-element elementor-element-d63e58f elementor-widget elementor-widget-heading\" data-id=\"d63e58f\" data-element_type=\"widget\" data-e-type=\"widget\" data-widget_type=\"heading.default\">\n\t\t\t\t<div class=\"elementor-widget-container\">\n\t\t\t\t\t<h5 class=\"elementor-heading-title elementor-size-default\">Mevcut F\u0131rsatlar<\/h5>\t\t\t\t<\/div>\n\t\t\t\t<\/div>\n\t\t\t\t\t<\/div>\n\t\t<\/div>\n\t\t\t\t\t<\/div>\n\t\t<\/section>\n\t\t\t\t<\/div>\n\t\t","protected":false},"excerpt":{"rendered":"<p>A\u011f olu\u015fturma f\u0131rsatlar\u0131 (NET) A\u011f Olu\u015fturma Faaliyetleri (Networking Activities) A\u011f Olu\u015fturma Faaliyetleri, Program\u0131n uygulama kalitesini ve daha geni\u015f toplum \u00fczerindeki etkisini art\u0131rmak amac\u0131yla Ulusal Ajanslar\u0131n Avrupa Dayan\u0131\u015fma Birli\u011finin hedef ve \u00f6nceliklerini tan\u0131tmalar\u0131 i\u00e7in bir ara\u00e7t\u0131r. A\u011f Olu\u015fturma Faaliyetleri \u015funlar\u0131 ama\u00e7lamaktad\u0131r:&#8230;<\/p>\n","protected":false},"author":1,"featured_media":0,"parent":18243,"menu_order":85,"comment_status":"closed","ping_status":"closed","template":"","meta":{"footnotes":"","_links_to":"","_links_to_target":""},"class_list":["post-18247","page","type-page","status-publish","hentry"],"_links":{"self":[{"href":"https:\/\/esc.idep.org.cy\/tr\/wp-json\/wp\/v2\/pages\/18247","targetHints":{"allow":["GET"]}}],"collection":[{"href":"https:\/\/esc.idep.org.cy\/tr\/wp-json\/wp\/v2\/pages"}],"about":[{"href":"https:\/\/esc.idep.org.cy\/tr\/wp-json\/wp\/v2\/types\/page"}],"author":[{"embeddable":true,"href":"https:\/\/esc.idep.org.cy\/tr\/wp-json\/wp\/v2\/users\/1"}],"replies":[{"embeddable":true,"href":"https:\/\/esc.idep.org.cy\/tr\/wp-json\/wp\/v2\/comments?post=18247"}],"version-history":[{"count":7,"href":"https:\/\/esc.idep.org.cy\/tr\/wp-json\/wp\/v2\/pages\/18247\/revisions"}],"predecessor-version":[{"id":18398,"href":"https:\/\/esc.idep.org.cy\/tr\/wp-json\/wp\/v2\/pages\/18247\/revisions\/18398"}],"up":[{"embeddable":true,"href":"https:\/\/esc.idep.org.cy\/tr\/wp-json\/wp\/v2\/pages\/18243"}],"wp:attachment":[{"href":"https:\/\/esc.idep.org.cy\/tr\/wp-json\/wp\/v2\/media?parent=18247"}],"curies":[{"name":"wp","href":"https:\/\/api.w.org\/{rel}","templated":true}]}}