{"id":18488,"date":"2024-09-23T12:40:45","date_gmt":"2024-09-23T09:40:45","guid":{"rendered":"https:\/\/esc.idep.org.cy\/?page_id=18488"},"modified":"2024-09-23T12:40:45","modified_gmt":"2024-09-23T09:40:45","slug":"sitemap-2","status":"publish","type":"page","link":"https:\/\/esc.idep.org.cy\/tr\/sitemap-2\/","title":{"rendered":"Sitemap"},"content":{"rendered":"\t\t<div data-elementor-type=\"wp-page\" data-elementor-id=\"18488\" class=\"elementor elementor-18488 elementor-17173\">\n\t\t\t\t\t\t<section class=\"elementor-section elementor-top-section elementor-element elementor-element-c1e4db9 elementor-section-boxed elementor-section-height-default elementor-section-height-default\" data-id=\"c1e4db9\" data-element_type=\"section\" data-e-type=\"section\">\n\t\t\t\t\t\t<div class=\"elementor-container elementor-column-gap-default\">\n\t\t\t\t\t<div class=\"elementor-column elementor-col-100 elementor-top-column elementor-element elementor-element-5497977\" data-id=\"5497977\" data-element_type=\"column\" data-e-type=\"column\">\n\t\t\t<div class=\"elementor-widget-wrap elementor-element-populated\">\n\t\t\t\t\t\t<div class=\"elementor-element elementor-element-1631705 elementor-widget elementor-widget-text-editor\" data-id=\"1631705\" data-element_type=\"widget\" data-e-type=\"widget\" data-widget_type=\"text-editor.default\">\n\t\t\t\t<div class=\"elementor-widget-container\">\n\t\t\t\t\t\t\t\t\t\n<!-- Page-list plugin v.5.9 wordpress.org\/plugins\/page-list\/ -->\n<ul class=\"page-list \">\n<li class=\"page_item page-item-17353\"><a href=\"https:\/\/esc.idep.org.cy\/tr\/\">Home Page<\/a><\/li>\n<li class=\"page_item page-item-18456\"><a href=\"https:\/\/esc.idep.org.cy\/tr\/vacancies\/\">Vacancies<\/a><\/li>\n<li class=\"page_item page-item-18483\"><a href=\"https:\/\/esc.idep.org.cy\/tr\/vacancies-2\/\">Vacancies<\/a><\/li>\n<li class=\"page_item page-item-18488\"><a href=\"https:\/\/esc.idep.org.cy\/tr\/sitemap-2\/\">Sitemap<\/a><\/li>\n<li class=\"page_item page-item-18230\"><a href=\"https:\/\/esc.idep.org.cy\/tr\/privacy-policy\/\">Privacy Policy<\/a><\/li>\n<li class=\"page_item page-item-19092\"><a href=\"https:\/\/esc.idep.org.cy\/tr\/help-us-to-improve\/\">Help us to improve<\/a><\/li>\n<li class=\"page_item page-item-18231 page_item_has_children\"><a href=\"https:\/\/esc.idep.org.cy\/tr\/i-am-a-young-person\/\">Gencim<\/a>\n<ul class='children'>\n\t<li class=\"page_item page-item-18232\"><a href=\"https:\/\/esc.idep.org.cy\/tr\/i-am-a-young-person\/project-management\/\">Project Management<\/a><\/li>\n\t<li class=\"page_item page-item-18233\"><a href=\"https:\/\/esc.idep.org.cy\/tr\/i-am-a-young-person\/youth-experiences\/\">Youth Experiences<\/a><\/li>\n\t<li class=\"page_item page-item-18234\"><a href=\"https:\/\/esc.idep.org.cy\/tr\/i-am-a-young-person\/volunteering-projects\/\">Volunteering Projects<\/a><\/li>\n\t<li class=\"page_item page-item-18235\"><a href=\"https:\/\/esc.idep.org.cy\/tr\/i-am-a-young-person\/solidarity-projects\/\">Solidarity Projects<\/a><\/li>\n<\/ul>\n<\/li>\n<li class=\"page_item page-item-18236 page_item_has_children\"><a href=\"https:\/\/esc.idep.org.cy\/tr\/i-am-from-an-organisation\/\">Bir kurulu\u015fa \u00fcyeyim<\/a>\n<ul class='children'>\n\t<li class=\"page_item page-item-18237\"><a href=\"https:\/\/esc.idep.org.cy\/tr\/i-am-from-an-organisation\/volunteering-projects\/\">Volunteering Projects<\/a><\/li>\n\t<li class=\"page_item page-item-18238\"><a href=\"https:\/\/esc.idep.org.cy\/tr\/i-am-from-an-organisation\/solidarity-projects\/\">Solidarity Projects<\/a><\/li>\n<\/ul>\n<\/li>\n<li class=\"page_item page-item-18239 page_item_has_children\"><a href=\"https:\/\/esc.idep.org.cy\/tr\/documentation\/\">Formlar<\/a>\n<ul class='children'>\n\t<li class=\"page_item page-item-18240\"><a href=\"https:\/\/esc.idep.org.cy\/tr\/documentation\/programme-guide\/\">PROGAM KILAVUZU<\/a><\/li>\n\t<li class=\"page_item page-item-18241\"><a href=\"https:\/\/esc.idep.org.cy\/tr\/documentation\/application-template\/\">Standart Ba\u015fvuru Formu<\/a><\/li>\n\t<li class=\"page_item page-item-18242\"><a href=\"https:\/\/esc.idep.org.cy\/tr\/documentation\/required-forms\/\">Gerekli Formlar<\/a><\/li>\n<\/ul>\n<\/li>\n<li class=\"page_item page-item-18243 page_item_has_children\"><a href=\"https:\/\/esc.idep.org.cy\/tr\/european-solidarity-corps\/\">Avrupa Dayan\u0131\u015fma Program\u0131<\/a>\n<ul class='children'>\n\t<li class=\"page_item page-item-18244\"><a href=\"https:\/\/esc.idep.org.cy\/tr\/european-solidarity-corps\/european-solidarity-corps-2021-2027\/\">Avrupa Dayan\u0131\u015fma Program\u0131 2021-2027<\/a><\/li>\n\t<li class=\"page_item page-item-18245\"><a href=\"https:\/\/esc.idep.org.cy\/tr\/european-solidarity-corps\/programme-budget\/\">Pr\u03bfje B\u00fct\u00e7esi<\/a><\/li>\n\t<li class=\"page_item page-item-18246\"><a href=\"https:\/\/esc.idep.org.cy\/tr\/european-solidarity-corps\/application-deadlines\/\">Son ba\u015fvuru tarihleri<\/a><\/li>\n\t<li class=\"page_item page-item-18247\"><a href=\"https:\/\/esc.idep.org.cy\/tr\/european-solidarity-corps\/networking-opportunities-net\/\">A\u011f olu\u015fturma f\u0131rsatlar\u0131 (NET)<\/a><\/li>\n<\/ul>\n<\/li>\n<li class=\"page_item page-item-18248 page_item_has_children\"><a href=\"https:\/\/esc.idep.org.cy\/tr\/news-amp-events\/\">Duyurular<\/a>\n<ul class='children'>\n\t<li class=\"page_item page-item-18287\"><a href=\"https:\/\/esc.idep.org.cy\/tr\/news-amp-events\/events\/\">Etkinlikler<\/a><\/li>\n\t<li class=\"page_item page-item-18100 page_item_has_children\"><a href=\"https:\/\/esc.idep.org.cy\/tr\/news-amp-events\/application-results\/\">Ba\u015fvuru sonu\u00e7lar\u0131<\/a>\n\t<ul class='children'>\n\t\t<li class=\"page_item page-item-18249\"><a href=\"https:\/\/esc.idep.org.cy\/tr\/news-amp-events\/application-results\/appeals-complaints\/\">\u0130tirazlar &#8211; \u015eikayetler<\/a><\/li>\n\t<\/ul>\n<\/li>\n<\/ul>\n<\/li>\n<li class=\"page_item page-item-18250\"><a href=\"https:\/\/esc.idep.org.cy\/tr\/contact-us\/\">\u0130leti\u015fim<\/a><\/li>\n\n<\/ul>\t\t\t\t\t\t\t\t<\/div>\n\t\t\t\t<\/div>\n\t\t\t\t\t<\/div>\n\t\t<\/div>\n\t\t\t\t\t<\/div>\n\t\t<\/section>\n\t\t\t\t<\/div>\n\t\t","protected":false},"excerpt":{"rendered":"","protected":false},"author":1,"featured_media":0,"parent":0,"menu_order":24,"comment_status":"closed","ping_status":"closed","template":"","meta":{"footnotes":"","_links_to":"","_links_to_target":""},"class_list":["post-18488","page","type-page","status-publish","hentry"],"_links":{"self":[{"href":"https:\/\/esc.idep.org.cy\/tr\/wp-json\/wp\/v2\/pages\/18488","targetHints":{"allow":["GET"]}}],"collection":[{"href":"https:\/\/esc.idep.org.cy\/tr\/wp-json\/wp\/v2\/pages"}],"about":[{"href":"https:\/\/esc.idep.org.cy\/tr\/wp-json\/wp\/v2\/types\/page"}],"author":[{"embeddable":true,"href":"https:\/\/esc.idep.org.cy\/tr\/wp-json\/wp\/v2\/users\/1"}],"replies":[{"embeddable":true,"href":"https:\/\/esc.idep.org.cy\/tr\/wp-json\/wp\/v2\/comments?post=18488"}],"version-history":[{"count":1,"href":"https:\/\/esc.idep.org.cy\/tr\/wp-json\/wp\/v2\/pages\/18488\/revisions"}],"predecessor-version":[{"id":18489,"href":"https:\/\/esc.idep.org.cy\/tr\/wp-json\/wp\/v2\/pages\/18488\/revisions\/18489"}],"wp:attachment":[{"href":"https:\/\/esc.idep.org.cy\/tr\/wp-json\/wp\/v2\/media?parent=18488"}],"curies":[{"name":"wp","href":"https:\/\/api.w.org\/{rel}","templated":true}]}}